{"id":7728,"date":"2017-02-06T09:43:18","date_gmt":"2017-02-06T09:43:18","guid":{"rendered":"http:\/\/www.fapricela.pt\/?page_id=7728"},"modified":"2019-10-02T14:37:39","modified_gmt":"2019-10-02T13:37:39","slug":"certificacoes-de-produto-franca","status":"publish","type":"page","link":"https:\/\/www.fapricela.pt\/fr\/qualidade\/certificacoes-de-produto\/certificacoes-de-produto-franca\/","title":{"rendered":"Certifications du Produit &#8211; France"},"content":{"rendered":"<ul class=\"posts-grid row-fluid unstyled  ul-item-0\"><li class=\"span3 list-item-1\"><h5 class=\"header-top\"><a href=\"https:\/\/www.fapricela.pt\/fr\/asqpe-fil-toron-et-toron-protege-gaine\/\" title=\"ASQPE &#8211; Fil, toron et toron prot\u00e9g\u00e9 gain\u00e9\">ASQPE &#8211; Fil, toron et toron prot\u00e9g\u00e9 gain\u00e9<\/a><\/h5><figure class=\"featured-thumbnail thumbnail\"><a href=\"https:\/\/www.fapricela.pt\/wp-content\/uploads\/2017\/02\/asqpe-fil-toron-et-toron-protege-gaine-1.png\" title=\"ASQPE &#8211; Fil, toron et toron prot\u00e9g\u00e9 gain\u00e9\" rel=\"prettyPhoto-1914763313[gallery0]\"><img decoding=\"async\" src=\"https:\/\/www.fapricela.pt\/wp-content\/uploads\/2017\/02\/asqpe-fil-toron-et-toron-protege-gaine-1-350x475.png\" alt=\"ASQPE &#8211; Fil, toron et toron prot\u00e9g\u00e9 gain\u00e9\" \/><span class=\"zoom-icon\"><\/span><\/a><\/figure><figure class=\"featured-thumbnail thumbnail\" style=\"display:none;\"><a href=\"https:\/\/www.fapricela.pt\/wp-content\/uploads\/2017\/02\/asqpe-fil-toron-et-toron-protege-gaine-2.png\" title=\"ASQPE &#8211; Fil, toron et toron prot\u00e9g\u00e9 gain\u00e9\" rel=\"prettyPhoto-1914763313[gallery0]\"><span class=\"zoom-icon\"><\/span><\/a><\/figure><div class=\"clear\"><\/div><h5 class=\"header-bottom\">ASQPE &#8211; Fil, toron et toron prot\u00e9g\u00e9 gain\u00e9<\/h5><\/li><li class=\"span3 list-item-2\"><h5 class=\"header-top\"><a href=\"https:\/\/www.fapricela.pt\/fr\/afcab-treillis-soudes-5-a-9-mm\/\" title=\"AFCAB &#8211; Treillis soud\u00e9s 5 \u00e0 9 mm\">AFCAB &#8211; Treillis soud\u00e9s 5 \u00e0 9 mm<\/a><\/h5><figure class=\"featured-thumbnail thumbnail\"><a href=\"https:\/\/www.fapricela.pt\/wp-content\/uploads\/2017\/02\/afcab-treillis-soudes-5-a-9-mm-1.png\" title=\"AFCAB &#8211; Treillis soud\u00e9s 5 \u00e0 9 mm\" rel=\"prettyPhoto-1914763313[gallery1]\"><img decoding=\"async\" src=\"https:\/\/www.fapricela.pt\/wp-content\/uploads\/2017\/02\/afcab-treillis-soudes-5-a-9-mm-1-350x475.png\" alt=\"AFCAB &#8211; Treillis soud\u00e9s 5 \u00e0 9 mm\" \/><span class=\"zoom-icon\"><\/span><\/a><\/figure><figure class=\"featured-thumbnail thumbnail\" style=\"display:none;\"><a href=\"https:\/\/www.fapricela.pt\/wp-content\/uploads\/2017\/02\/afcab-treillis-soudes-5-a-9-mm-2.png\" title=\"AFCAB &#8211; Treillis soud\u00e9s 5 \u00e0 9 mm\" rel=\"prettyPhoto-1914763313[gallery1]\"><span class=\"zoom-icon\"><\/span><\/a><\/figure><figure class=\"featured-thumbnail thumbnail\" style=\"display:none;\"><a href=\"https:\/\/www.fapricela.pt\/wp-content\/uploads\/2017\/02\/afcab-treillis-soudes-5-a-9-mm-3.png\" title=\"AFCAB &#8211; Treillis soud\u00e9s 5 \u00e0 9 mm\" rel=\"prettyPhoto-1914763313[gallery1]\"><span class=\"zoom-icon\"><\/span><\/a><\/figure><div class=\"clear\"><\/div><h5 class=\"header-bottom\">AFCAB &#8211; Treillis soud\u00e9s 5 \u00e0 9 mm<\/h5><\/li><li class=\"span3 list-item-3\"><h5 class=\"header-top\"><a href=\"https:\/\/www.fapricela.pt\/fr\/afcab-treillis-soudes-4-5-mm\/\" title=\"AFCAB &#8211; Treillis soud\u00e9s 4.5 mm\">AFCAB &#8211; Treillis soud\u00e9s 4.5 mm<\/a><\/h5><figure class=\"featured-thumbnail thumbnail\"><a href=\"https:\/\/www.fapricela.pt\/wp-content\/uploads\/2017\/02\/afcab-treillis-soudes-4.5-mm-1.png\" title=\"AFCAB &#8211; Treillis soud\u00e9s 4.5 mm\" rel=\"prettyPhoto-1914763313[gallery2]\"><img decoding=\"async\" src=\"https:\/\/www.fapricela.pt\/wp-content\/uploads\/2017\/02\/afcab-treillis-soudes-4.5-mm-1-350x475.png\" alt=\"AFCAB &#8211; Treillis soud\u00e9s 4.5 mm\" \/><span class=\"zoom-icon\"><\/span><\/a><\/figure><figure class=\"featured-thumbnail thumbnail\" style=\"display:none;\"><a href=\"https:\/\/www.fapricela.pt\/wp-content\/uploads\/2017\/02\/afcab-treillis-soudes-4.5-mm-2.png\" title=\"AFCAB &#8211; Treillis soud\u00e9s 4.5 mm\" rel=\"prettyPhoto-1914763313[gallery2]\"><span class=\"zoom-icon\"><\/span><\/a><\/figure><figure class=\"featured-thumbnail thumbnail\" style=\"display:none;\"><a href=\"https:\/\/www.fapricela.pt\/wp-content\/uploads\/2017\/02\/afcab-treillis-soudes-4.5-mm-3.png\" title=\"AFCAB &#8211; Treillis soud\u00e9s 4.5 mm\" rel=\"prettyPhoto-1914763313[gallery2]\"><span class=\"zoom-icon\"><\/span><\/a><\/figure><div class=\"clear\"><\/div><h5 class=\"header-bottom\">AFCAB &#8211; Treillis soud\u00e9s 4.5 mm<\/h5><\/li><li class=\"span3 list-item-4\"><h5 class=\"header-top\"><a href=\"https:\/\/www.fapricela.pt\/fr\/afcab-couronnes-5-a-9-mm\/\" title=\"AFCAB &#8211; Couronnes 5 \u00e0 9 mm\">AFCAB &#8211; Couronnes 5 \u00e0 9 mm<\/a><\/h5><figure class=\"featured-thumbnail thumbnail\"><a href=\"https:\/\/www.fapricela.pt\/wp-content\/uploads\/2017\/02\/afcab-couronnes-5-a-9-mm-1.png\" title=\"AFCAB &#8211; Couronnes 5 \u00e0 9 mm\" rel=\"prettyPhoto-1914763313[gallery3]\"><img decoding=\"async\" src=\"https:\/\/www.fapricela.pt\/wp-content\/uploads\/2017\/02\/afcab-couronnes-5-a-9-mm-1-350x475.png\" alt=\"AFCAB &#8211; Couronnes 5 \u00e0 9 mm\" \/><span class=\"zoom-icon\"><\/span><\/a><\/figure><figure class=\"featured-thumbnail thumbnail\" style=\"display:none;\"><a href=\"https:\/\/www.fapricela.pt\/wp-content\/uploads\/2017\/02\/afcab-couronnes-5-a-9-mm-2.png\" title=\"AFCAB &#8211; Couronnes 5 \u00e0 9 mm\" rel=\"prettyPhoto-1914763313[gallery3]\"><span class=\"zoom-icon\"><\/span><\/a><\/figure><figure class=\"featured-thumbnail thumbnail\" style=\"display:none;\"><a href=\"https:\/\/www.fapricela.pt\/wp-content\/uploads\/2017\/02\/afcab-couronnes-5-a-9-mm-3.png\" title=\"AFCAB &#8211; Couronnes 5 \u00e0 9 mm\" rel=\"prettyPhoto-1914763313[gallery3]\"><span class=\"zoom-icon\"><\/span><\/a><\/figure><figure class=\"featured-thumbnail thumbnail\" style=\"display:none;\"><a href=\"https:\/\/www.fapricela.pt\/wp-content\/uploads\/2017\/02\/afcab-couronnes-5-a-9-mm-4.png\" title=\"AFCAB &#8211; Couronnes 5 \u00e0 9 mm\" rel=\"prettyPhoto-1914763313[gallery3]\"><span class=\"zoom-icon\"><\/span><\/a><\/figure><div class=\"clear\"><\/div><h5 class=\"header-bottom\">AFCAB &#8211; Couronnes 5 \u00e0 9 mm<\/h5><\/li><\/ul><\/ul><!-- .posts-grid (end) -->\n","protected":false},"excerpt":{"rendered":"","protected":false},"author":100053844005,"featured_media":0,"parent":6774,"menu_order":0,"comment_status":"closed","ping_status":"closed","template":"page-fullwidth.php","meta":{"footnotes":""},"class_list":["post-7728","page","type-page","status-publish","hentry","cat-133-id"],"_links":{"self":[{"href":"https:\/\/www.fapricela.pt\/fr\/wp-json\/wp\/v2\/pages\/7728","targetHints":{"allow":["GET"]}}],"collection":[{"href":"https:\/\/www.fapricela.pt\/fr\/wp-json\/wp\/v2\/pages"}],"about":[{"href":"https:\/\/www.fapricela.pt\/fr\/wp-json\/wp\/v2\/types\/page"}],"author":[{"embeddable":true,"href":"https:\/\/www.fapricela.pt\/fr\/wp-json\/wp\/v2\/users\/100053844005"}],"replies":[{"embeddable":true,"href":"https:\/\/www.fapricela.pt\/fr\/wp-json\/wp\/v2\/comments?post=7728"}],"version-history":[{"count":2,"href":"https:\/\/www.fapricela.pt\/fr\/wp-json\/wp\/v2\/pages\/7728\/revisions"}],"predecessor-version":[{"id":26875,"href":"https:\/\/www.fapricela.pt\/fr\/wp-json\/wp\/v2\/pages\/7728\/revisions\/26875"}],"up":[{"embeddable":true,"href":"https:\/\/www.fapricela.pt\/fr\/wp-json\/wp\/v2\/pages\/6774"}],"wp:attachment":[{"href":"https:\/\/www.fapricela.pt\/fr\/wp-json\/wp\/v2\/media?parent=7728"}],"curies":[{"name":"wp","href":"https:\/\/api.w.org\/{rel}","templated":true}]}}