{"id":6520,"date":"2016-05-20T14:24:44","date_gmt":"2016-05-20T14:24:44","guid":{"rendered":"http:\/\/www.fapricela.pt\/?page_id=6520"},"modified":"2019-10-02T14:08:02","modified_gmt":"2019-10-02T13:08:02","slug":"controlo-da-qualidade","status":"publish","type":"page","link":"https:\/\/www.fapricela.pt\/fr\/qualidade\/controlo-da-qualidade\/","title":{"rendered":"Controle de Qualit\u00e9"},"content":{"rendered":"<div class=\"row \">\n<div class=\"span12 \"><p style=\"text-align: justify;\"><b>Fapricela, Ind\u00fastria de Trefilaria, S.A.<\/b>, \u00e9tant certifi\u00e9e selon la norme ISO 9001:2000, a \u00e0 sa disposition un des r\u00e9seaux les plus complets de laboratoires internes d\u00e9di\u00e9s \u00e0 chaque segment de produits.\n<\/p>\n<p style=\"text-align: justify;\">Le contr\u00f4le de qualit\u00e9 se concentre sur les \u00e9tapes productives suivantes, en accord avec les proc\u00e9dures et instructions de travail englob\u00e9es dans le Syst\u00e8me de Gestion de Fapricela:<\/p>\n<ul>\n<li style=\"text-align: justify;\"><strong>Contr\u00f4le des Mati\u00e8res Premi\u00e8res:<\/strong> Les mati\u00e8res premi\u00e8res sont contr\u00f4l\u00e9es afin de prouver que le mat\u00e9riel poss\u00e8de la qualit\u00e9 n\u00e9cessaire pour \u00eatre utilis\u00e9s dans nos processus de fabrication ; les fournisseurs sont p\u00e9riodiquement \u00e9valu\u00e9s afin de nous assurer qu'ils respectent les normes de qualit\u00e9 \u00e9tablies par Fapricela.\n        <\/li>\n<p><\/p>\n<ul>\n<li style=\"text-align: justify;\">Essais de fil machine (selon les exigences du contrat avec les fournisseurs):<\/li>\n<div class=\"list styled check-list\">\n                         <\/p>\n<ul>\n<li style=\"text-align: justify;\">Rm, diam\u00eatre, abstraction.<\/li>\n<\/ul><\/div>\n<li style=\"text-align: justify;\">Essais d'autres mati\u00e8res premi\u00e8res selon les conditions d'achats:<\/li>\n<div class=\"list styled check-list\">\n                         <\/p>\n<ul>\n<li style=\"text-align: justify;\">Diam\u00eatre, Poids de la couche de zinc, adh\u00e9rence, Rm;<\/li>\n<li style=\"text-align: justify;\">Densit\u00e9 PVC.<\/li>\n<\/ul><\/div>\n<\/ul>\n<li style=\"text-align: justify;\"><strong>Contr\u00f4le de Produit Interm\u00e9diaire:<\/strong> Afin de garantir un produit final pr\u00e9sentant les caract\u00e9ristiques souhait\u00e9es par le client, le cas \u00e9ch\u00e9ant, les produits interm\u00e9diaires sont contr\u00f4l\u00e9s par des crit\u00e8res internes consolid\u00e9s par le savoir-faire acquis au cours des ann\u00e9es de recherche sur les processus internes de Fapricela.\n        <\/li>\n<p><\/p>\n<ul>\n<li style=\"text-align: justify; margin-bottom: 15px;\">Essais de traction\/caract\u00e9ristiques g\u00e9om\u00e9triques (conform\u00e9ment aux sp\u00e9cifications internes, ou aux exigences normatives, le cas \u00e9ch\u00e9ant).<\/li>\n<\/ul>\n<li style=\"text-align: justify;\"><strong>Contr\u00f4le de Produit Final:<\/strong> L'engagement fondamental de Fapricela est d'assurer la satisfaction totale des attentes du client et, autant que possible de les d\u00e9passer. Pour cela, nos produits finaux sont strictement contr\u00f4l\u00e9s selon toutes les caract\u00e9ristiques identifi\u00e9es selon les normes ou les exigences du client, par nos collaborateurs du d\u00e9partement de qualit\u00e9, dot\u00e9s de comp\u00e9tence et d'exemption requise afin de garantir que les besoins du client soient notre r\u00e8gle d'or de travail.\n        <\/li>\n<p><\/p>\n<ul>\n<li style=\"text-align: justify; margin-bottom: 10px;\">Essais de traction \/ Caract\u00e9ristiques g\u00e9om\u00e9triques (Selon les normes du produit, ou sp\u00e9cifications du client);<\/li>\n<li style=\"text-align: justify;\">Essais de contr\u00f4le continu:<\/li>\n<div class=\"list styled check-list\">\n                         <\/p>\n<ul>\n<li style=\"text-align: justify;\">Relaxation, fatigue, traction d\u00e9vi\u00e9e, corrosion sous contrainte;<\/li>\n<li style=\"text-align: justify;\">Essais de Gain\u00e9 graiss\u00e9 - \u00e9tanch\u00e9it\u00e9, r\u00e9sistance aux chocs, force de glissement.<\/li>\n<\/ul><\/div>\n<\/ul>\n<\/ul>\n<p><img loading=\"lazy\" decoding=\"async\" src=\"http:\/\/www.fapricela.pt\/wp-content\/uploads\/2016\/05\/img-controlo-da-qualidade.png\" alt=\"img-controlo-da-qualidade\" width=\"1272\" height=\"351\" class=\"aligncenter size-full wp-image-6569\" \/><\/p>\n<div class=\"content-page\"><\/div><\/div>\n<\/div><!-- .row (end) -->","protected":false},"excerpt":{"rendered":"","protected":false},"author":100053844005,"featured_media":0,"parent":2032,"menu_order":0,"comment_status":"closed","ping_status":"closed","template":"page-fullwidth.php","meta":{"footnotes":""},"class_list":["post-6520","page","type-page","status-publish","hentry"],"_links":{"self":[{"href":"https:\/\/www.fapricela.pt\/fr\/wp-json\/wp\/v2\/pages\/6520","targetHints":{"allow":["GET"]}}],"collection":[{"href":"https:\/\/www.fapricela.pt\/fr\/wp-json\/wp\/v2\/pages"}],"about":[{"href":"https:\/\/www.fapricela.pt\/fr\/wp-json\/wp\/v2\/types\/page"}],"author":[{"embeddable":true,"href":"https:\/\/www.fapricela.pt\/fr\/wp-json\/wp\/v2\/users\/100053844005"}],"replies":[{"embeddable":true,"href":"https:\/\/www.fapricela.pt\/fr\/wp-json\/wp\/v2\/comments?post=6520"}],"version-history":[{"count":14,"href":"https:\/\/www.fapricela.pt\/fr\/wp-json\/wp\/v2\/pages\/6520\/revisions"}],"predecessor-version":[{"id":26862,"href":"https:\/\/www.fapricela.pt\/fr\/wp-json\/wp\/v2\/pages\/6520\/revisions\/26862"}],"up":[{"embeddable":true,"href":"https:\/\/www.fapricela.pt\/fr\/wp-json\/wp\/v2\/pages\/2032"}],"wp:attachment":[{"href":"https:\/\/www.fapricela.pt\/fr\/wp-json\/wp\/v2\/media?parent=6520"}],"curies":[{"name":"wp","href":"https:\/\/api.w.org\/{rel}","templated":true}]}}