{"id":6408,"date":"2016-05-12T14:04:10","date_gmt":"2016-05-12T14:04:10","guid":{"rendered":"http:\/\/www.fapricela.pt\/?page_id=6408"},"modified":"2021-06-07T10:21:46","modified_gmt":"2021-06-07T09:21:46","slug":"grupo-fapricela","status":"publish","type":"page","link":"https:\/\/www.fapricela.pt\/fr\/empresa\/grupo-fapricela\/","title":{"rendered":"Groupe Fapricela"},"content":{"rendered":"<div class=\"row \">\n<div class=\"span12 \"><div class=\"tree\">\n<ul>\n<li><a style=\"max-width: 20%;\"><img decoding=\"async\" src=\"http:\/\/www.fapricela.pt\/wp-content\/uploads\/2016\/06\/grupo-fapricela.png\" title=\"Grupo Fapricela\"\/><\/a>\n<ul>\n<li><a style=\"max-width: 27%;\"><img decoding=\"async\" src=\"http:\/\/www.fapricela.pt\/wp-content\/uploads\/2016\/06\/grp-fapricela-industria.png\" title=\"Fapricela Ind\u00fastria\"\/><\/a>\n<ul>\n<li><a href=\"http:\/\/www.fapricela.pt\/fr\/\"><img decoding=\"async\" src=\"http:\/\/www.fapricela.pt\/wp-content\/uploads\/2016\/06\/grp-fapricela.png\" title=\"Fapricela - Ind\u00fastria de Trefilaria, S.A.\"\/><\/a><\/li>\n<li><a href=\"http:\/\/www.fapricela.uk.com\/\" target=\"_blank\" rel=\"noopener noreferrer\"><img decoding=\"async\" src=\"http:\/\/www.fapricela.pt\/wp-content\/uploads\/2016\/06\/grp-fapricela-uk.png\" title=\"Fapricela UK Limited\"\/><\/a><\/li>\n<li><a href=\"http:\/\/www.fapricela.fr\/\" target=\"_blank\" rel=\"noopener noreferrer\"><img decoding=\"async\" src=\"http:\/\/www.fapricela.pt\/wp-content\/uploads\/2016\/06\/grp-fapricela-fr.png\" title=\"Fapricela Steel France\"\/><\/a><\/li>\n<li><a href=\"http:\/\/www.ibermetais.pt\/fr\/\" target=\"_blank\" rel=\"noopener noreferrer\"><img decoding=\"async\" src=\"http:\/\/www.fapricela.pt\/wp-content\/uploads\/2016\/06\/grp-ibermetais.png\" title=\"Ibermetais - Ind\u00fastria de Trefilagem, S.A.\"\/><\/a><\/li>\n<\/ul>\n<\/li>\n<li><a href=\"http:\/\/www.torricentro.pt\/\" target=\"_blank\" rel=\"noopener noreferrer\"><img decoding=\"async\" src=\"http:\/\/www.fapricela.pt\/wp-content\/uploads\/2016\/06\/grp-torricentro-2.png\" title=\"Torricentro 2 \u2013 Constru\u00e7\u00e3o e Obras P\u00fablicas, S.A.\"\/><\/a><\/li>\n<li>\n<ul>\n<ul>\n<li><a href=\"http:\/\/www.torricentro.pt\/\" target=\"_blank\" rel=\"noopener noreferrer\"><img decoding=\"async\" src=\"http:\/\/www.fapricela.pt\/wp-content\/uploads\/2016\/06\/grp-torricentro.png\" title=\"Torricentro - Soc. de Constru\u00e7\u00f5es do Centro, S.A.\"\/><\/a><\/li>\n<li><a target=\"_blank\" rel=\"noopener noreferrer\"><img decoding=\"async\" src=\"http:\/\/www.fapricela.pt\/wp-content\/uploads\/2016\/06\/grp-aguas-claras.png\" title=\"\u00c1guas Claras - Constru\u00e7\u00e3o S.A.\"\/><\/a><\/li>\n<\/ul>\n<\/ul>\n<li><a href=\"http:\/\/www.qhhotels.pt\/en\/\" target=\"_blank\" rel=\"noopener noreferrer\"><img decoding=\"async\" src=\"https:\/\/www.fapricela.pt\/wp-content\/uploads\/2021\/06\/grp-quiaios-hotel.png\" title=\"QH Hotels\"\/><\/a><\/li>\n<\/ul>\n<\/li>\n<\/ul>\n<\/div><\/div>\n<\/div><!-- .row (end) -->\n<div class=\"content-page\"><\/div>","protected":false},"excerpt":{"rendered":"","protected":false},"author":100053844005,"featured_media":0,"parent":1997,"menu_order":0,"comment_status":"closed","ping_status":"closed","template":"page-fullwidth.php","meta":{"footnotes":""},"class_list":["post-6408","page","type-page","status-publish","hentry"],"_links":{"self":[{"href":"https:\/\/www.fapricela.pt\/fr\/wp-json\/wp\/v2\/pages\/6408","targetHints":{"allow":["GET"]}}],"collection":[{"href":"https:\/\/www.fapricela.pt\/fr\/wp-json\/wp\/v2\/pages"}],"about":[{"href":"https:\/\/www.fapricela.pt\/fr\/wp-json\/wp\/v2\/types\/page"}],"author":[{"embeddable":true,"href":"https:\/\/www.fapricela.pt\/fr\/wp-json\/wp\/v2\/users\/100053844005"}],"replies":[{"embeddable":true,"href":"https:\/\/www.fapricela.pt\/fr\/wp-json\/wp\/v2\/comments?post=6408"}],"version-history":[{"count":47,"href":"https:\/\/www.fapricela.pt\/fr\/wp-json\/wp\/v2\/pages\/6408\/revisions"}],"predecessor-version":[{"id":35798,"href":"https:\/\/www.fapricela.pt\/fr\/wp-json\/wp\/v2\/pages\/6408\/revisions\/35798"}],"up":[{"embeddable":true,"href":"https:\/\/www.fapricela.pt\/fr\/wp-json\/wp\/v2\/pages\/1997"}],"wp:attachment":[{"href":"https:\/\/www.fapricela.pt\/fr\/wp-json\/wp\/v2\/media?parent=6408"}],"curies":[{"name":"wp","href":"https:\/\/api.w.org\/{rel}","templated":true}]}}