{"id":5642,"date":"2016-04-22T14:49:26","date_gmt":"2016-04-22T13:49:26","guid":{"rendered":"http:\/\/www.fapricela.pt\/?page_id=5642"},"modified":"2020-12-29T10:39:10","modified_gmt":"2020-12-29T10:39:10","slug":"candidatura-espontanea","status":"publish","type":"page","link":"https:\/\/www.fapricela.pt\/fr\/carreiras\/candidatura-espontanea\/","title":{"rendered":"Candidature Spontan\u00e9e"},"content":{"rendered":"<p><\/p>\n<h5 style=\"text-align: center; margin-bottom: -10px;\">Pour envoyer votre candidature spontan\u00e9e, veuillez svp remplir le formulaire ci-dessous.<\/h5>\n\n<div class=\"wpcf7 no-js\" id=\"wpcf7-f5743-o4\" lang=\"pt-PT\" dir=\"ltr\" data-wpcf7-id=\"5743\">\n<div class=\"screen-reader-response\"><p role=\"status\" aria-live=\"polite\" aria-atomic=\"true\"><\/p> <ul><\/ul><\/div>\n<form action=\"\/fr\/wp-json\/wp\/v2\/pages\/5642#wpcf7-f5743-o4\" method=\"post\" class=\"wpcf7-form init\" aria-label=\"Formul\u00e1rio de contacto\" enctype=\"multipart\/form-data\" novalidate=\"novalidate\" data-status=\"init\">\n<fieldset class=\"hidden-fields-container\"><input type=\"hidden\" name=\"_wpcf7\" value=\"5743\" \/><input type=\"hidden\" name=\"_wpcf7_version\" value=\"6.1.5\" \/><input type=\"hidden\" name=\"_wpcf7_locale\" value=\"pt_PT\" \/><input type=\"hidden\" name=\"_wpcf7_unit_tag\" value=\"wpcf7-f5743-o4\" \/><input type=\"hidden\" name=\"_wpcf7_container_post\" value=\"0\" \/><input type=\"hidden\" name=\"_wpcf7_posted_data_hash\" value=\"\" \/><input type=\"hidden\" name=\"_wpcf7_recaptcha_response\" value=\"\" \/>\n<\/fieldset>\n<p><input type=\"hidden\" name=\"your-subject\" value=\"Candidatura Espont\u00e1nea\" \/><br \/>\n<div id=\"id-431887729\" class=\"accordion\"><br \/>\n<div class=\"accordion-group\"><div class=\"accordion-heading\"><a class=\"accordion-toggle active\" data-toggle=\"collapse\" data-parent=\"#id-431887729\" href=\"#886056097\">DONN\u00c9ES PERSONNELLES<\/a><\/div><div class=\"accordion-body collapse in\" id=\"886056097\"><div class=\"accordion-inner\">\n<\/p>\n<div class=\"row-fluid\">\n\t<p class=\"span4 field\">Nom * <span class=\"wpcf7-form-control-wrap\" data-name=\"your-name\"><input size=\"40\" maxlength=\"400\" class=\"wpcf7-form-control wpcf7-text wpcf7-validates-as-required\" aria-required=\"true\" aria-invalid=\"false\" value=\"\" type=\"text\" name=\"your-name\" \/><\/span>\n\t<\/p>\n\t<p class=\"span4 field\">E-mail * <span class=\"wpcf7-form-control-wrap\" data-name=\"your-email\"><input size=\"40\" maxlength=\"400\" class=\"wpcf7-form-control wpcf7-email wpcf7-validates-as-required wpcf7-text wpcf7-validates-as-email\" aria-required=\"true\" aria-invalid=\"false\" value=\"\" type=\"email\" name=\"your-email\" \/><\/span>\n\t<\/p>\n\t<p class=\"span4 field\">T\u00e9l\u00e9phone * <span class=\"wpcf7-form-control-wrap\" data-name=\"your-phone\"><input size=\"9\" maxlength=\"9\" class=\"wpcf7-form-control wpcf7-tel wpcf7-validates-as-required wpcf7-text wpcf7-validates-as-tel\" aria-required=\"true\" aria-invalid=\"false\" value=\"\" type=\"tel\" name=\"your-phone\" \/><\/span>\n\t<\/p>\n<\/div>\n<div class=\"row-fluid\">\n\t<p class=\"span4 field\">Genre * <span class=\"wpcf7-form-control-wrap\" data-name=\"your-gender\"><select class=\"wpcf7-form-control wpcf7-select wpcf7-validates-as-required\" aria-required=\"true\" aria-invalid=\"false\" name=\"your-gender\"><option value=\"F\u00e9minin\">F\u00e9minin<\/option><option value=\"Masculin\">Masculin<\/option><\/select><\/span>\n\t<\/p>\n\t<p class=\"span4 field\">Date de Naissance * <span class=\"wpcf7-form-control-wrap\" data-name=\"your-birth-date\"><input class=\"wpcf7-form-control wpcf7-date wpcf7-validates-as-required wpcf7-validates-as-date\" aria-required=\"true\" aria-invalid=\"false\" value=\"\" type=\"date\" name=\"your-birth-date\" \/><\/span>\n\t<\/p>\n\t<p class=\"span4 field\">\u00c9tat Civil * <span class=\"wpcf7-form-control-wrap\" data-name=\"your-marital-status\"><select class=\"wpcf7-form-control wpcf7-select wpcf7-validates-as-required\" aria-required=\"true\" aria-invalid=\"false\" name=\"your-marital-status\"><option value=\"C\u00e9libataire\">C\u00e9libataire<\/option><option value=\"Mari\u00e9\">Mari\u00e9<\/option><option value=\"S\u00e9par\u00e9\">S\u00e9par\u00e9<\/option><option value=\"Divorc\u00e9\">Divorc\u00e9<\/option><option value=\"Veuf\">Veuf<\/option><\/select><\/span>\n\t<\/p>\n<\/div>\n<p class=\"field\">Adresse *<span class=\"wpcf7-form-control-wrap\" data-name=\"your-address\"><input size=\"40\" maxlength=\"400\" class=\"wpcf7-form-control wpcf7-text wpcf7-validates-as-required\" aria-required=\"true\" aria-invalid=\"false\" value=\"\" type=\"text\" name=\"your-address\" \/><\/span>\n<\/p>\n<div class=\"row-fluid\">\n\t<p class=\"span4 field\">Ville * <span class=\"wpcf7-form-control-wrap\" data-name=\"your-city\"><input size=\"40\" maxlength=\"400\" class=\"wpcf7-form-control wpcf7-text wpcf7-validates-as-required\" aria-required=\"true\" aria-invalid=\"false\" value=\"\" type=\"text\" name=\"your-city\" \/><\/span>\n\t<\/p>\n\t<p class=\"span4 field\">Code Postal * <span class=\"wpcf7-form-control-wrap\" data-name=\"your-postcode\"><input size=\"8\" maxlength=\"8\" class=\"wpcf7-form-control wpcf7-text wpcf7-validates-as-required\" aria-required=\"true\" aria-invalid=\"false\" value=\"0000-000\" type=\"text\" name=\"your-postcode\" \/><\/span>\n\t<\/p>\n\t<p class=\"span4 field\">Pays * <span class=\"wpcf7-form-control-wrap\" data-name=\"your-country\"><input size=\"40\" maxlength=\"400\" class=\"wpcf7-form-control wpcf7-text wpcf7-validates-as-required\" aria-required=\"true\" aria-invalid=\"false\" value=\"\" type=\"text\" name=\"your-country\" \/><\/span>\n\t<\/p>\n<\/div>\n<p><\/div><\/div><\/div><div class=\"accordion-group\"><div class=\"accordion-heading\"><a class=\"accordion-toggle \" data-toggle=\"collapse\" data-parent=\"#id-431887729\" href=\"#135228628\">QUALIFICATIONS \/ FORMATIONS<\/a><\/div><div class=\"accordion-body collapse \" id=\"135228628\"><div class=\"accordion-inner\">\n<\/p>\n<div class=\"row-fluid\">\n\t<p class=\"span14 field\">Qualifications \/ Formations * <span class=\"wpcf7-form-control-wrap\" data-name=\"your-qualifications\"><select class=\"wpcf7-form-control wpcf7-select wpcf7-validates-as-required\" aria-required=\"true\" aria-invalid=\"false\" name=\"your-qualifications\"><option value=\"Niveau 1 \u2013 2e cycle de enseignement de base\">Niveau 1 \u2013 2e cycle de enseignement de base<\/option><option value=\"Niveau 2 \u2013 3\u00e8me cycle de l&#039;enseignement de base\">Niveau 2 \u2013 3\u00e8me cycle de l&#039;enseignement de base<\/option><option value=\"Niveau 3 \u2013 Coll\u00e8ge 3\u00e8me\">Niveau 3 \u2013 Coll\u00e8ge 3\u00e8me<\/option><option value=\"Niveau 4 \u2013 Enseignement secondaire\">Niveau 4 \u2013 Enseignement secondaire<\/option><option value=\"Niveau 5 \u2013 Baccalaur\u00e9at\">Niveau 5 \u2013 Baccalaur\u00e9at<\/option><option value=\"Niveau 6 \u2013 Dipl\u00f4me\">Niveau 6 \u2013 Dipl\u00f4me<\/option><option value=\"Niveau 7 \u2013 Master\">Niveau 7 \u2013 Master<\/option><option value=\"Niveau 8 \u2013 Doctorat\">Niveau 8 \u2013 Doctorat<\/option><\/select><\/span>\n\t<\/p>\n\t<p class=\"span14 field\">Moyenne Finale * <span class=\"wpcf7-form-control-wrap\" data-name=\"your-final-media\"><select class=\"wpcf7-form-control wpcf7-select wpcf7-validates-as-required\" aria-required=\"true\" aria-invalid=\"false\" name=\"your-final-media\"><option value=\"10\">10<\/option><option value=\"11\">11<\/option><option value=\"12\">12<\/option><option value=\"13\">13<\/option><option value=\"14\">14<\/option><option value=\"15\">15<\/option><option value=\"16\">16<\/option><option value=\"17\">17<\/option><option value=\"18\">18<\/option><option value=\"19\">19<\/option><option value=\"20\">20<\/option><\/select><\/span>\n\t<\/p>\n<\/div>\n<div class=\"row-fluid\">\n\t<p class=\"span14 field\">\u00c9tudes \/ Cursus * <span class=\"wpcf7-form-control-wrap\" data-name=\"your-course-area\"><input size=\"40\" maxlength=\"400\" class=\"wpcf7-form-control wpcf7-text wpcf7-validates-as-required\" aria-required=\"true\" aria-invalid=\"false\" value=\"\" type=\"text\" name=\"your-course-area\" \/><\/span>\n\t<\/p>\n\t<p class=\"span14 field\">\u00c9tablissement * <span class=\"wpcf7-form-control-wrap\" data-name=\"your-educational-institution\"><input size=\"40\" maxlength=\"400\" class=\"wpcf7-form-control wpcf7-text wpcf7-validates-as-required\" aria-required=\"true\" aria-invalid=\"false\" value=\"\" type=\"text\" name=\"your-educational-institution\" \/><\/span>\n\t<\/p>\n<\/div>\n<p><\/div><\/div><\/div><div class=\"accordion-group\"><div class=\"accordion-heading\"><a class=\"accordion-toggle \" data-toggle=\"collapse\" data-parent=\"#id-431887729\" href=\"#1990809744\">EXPERIENCE PROFISSIONNELLE<\/a><\/div><div class=\"accordion-body collapse \" id=\"1990809744\"><div class=\"accordion-inner\">\n<\/p>\n<div class=\"row-fluid\">\n\t<p class=\"span14 field\">Experience Profissionnelle * <span class=\"wpcf7-form-control-wrap\" data-name=\"your-professional-experience\"><select class=\"wpcf7-form-control wpcf7-select wpcf7-validates-as-required\" aria-required=\"true\" aria-invalid=\"false\" name=\"your-professional-experience\"><option value=\"Sans exp\u00e9rience\">Sans exp\u00e9rience<\/option><option value=\"1 An\">1 An<\/option><option value=\"2 Ans\">2 Ans<\/option><option value=\"3 Ans\">3 Ans<\/option><option value=\"4 Ans\">4 Ans<\/option><option value=\"5 Ans\">5 Ans<\/option><option value=\"+5 Ans\">+5 Ans<\/option><\/select><\/span>\n\t<\/p>\n\t<p class=\"span14 field\">Comp\u00e9tences Cl\u00e9s * <span class=\"wpcf7-form-control-wrap\" data-name=\"your-key-skills\"><textarea cols=\"40\" rows=\"10\" maxlength=\"2000\" class=\"wpcf7-form-control wpcf7-textarea wpcf7-validates-as-required\" aria-required=\"true\" aria-invalid=\"false\" placeholder=\"Ins\u00e9rez ici une description de vos comp\u00e9tences\" name=\"your-key-skills\"><\/textarea><\/span>\n\t<\/p>\n<\/div>\n<p><\/div><\/div><\/div><div class=\"accordion-group\"><div class=\"accordion-heading\"><a class=\"accordion-toggle \" data-toggle=\"collapse\" data-parent=\"#id-431887729\" href=\"#868891706\">AUTRES DONN\u00c9ES<\/a><\/div><div class=\"accordion-body collapse \" id=\"868891706\"><div class=\"accordion-inner\">\n<\/p>\n<div class=\"row-fluid\">\n\t<p class=\"span4 field\">Situation Actuelle * <span class=\"wpcf7-form-control-wrap\" data-name=\"your-actual-situation\"><select class=\"wpcf7-form-control wpcf7-select wpcf7-validates-as-required\" aria-required=\"true\" aria-invalid=\"false\" name=\"your-actual-situation\"><option value=\"Employ\u00e9\">Employ\u00e9<\/option><option value=\"Sans emploi\">Sans emploi<\/option><\/select><\/span>\n\t<\/p>\n\t<p class=\"span4 field\">Permis de Conduire * <span class=\"wpcf7-form-control-wrap\" data-name=\"your-driving-license\"><select class=\"wpcf7-form-control wpcf7-select wpcf7-validates-as-required\" aria-required=\"true\" aria-invalid=\"false\" name=\"your-driving-license\"><option value=\"Oui\">Oui<\/option><option value=\"Non\">Non<\/option><\/select><\/span>\n\t<\/p>\n<\/div>\n<div class=\"row-fluid\">\n\t<p class=\"span4 field\">Salaire Minimum net d\u00e9sir\u00e9 (en Euros) * <span class=\"wpcf7-form-control-wrap\" data-name=\"your-mininum-wage-liquid-intended\"><input size=\"40\" maxlength=\"400\" class=\"wpcf7-form-control wpcf7-text wpcf7-validates-as-required\" aria-required=\"true\" aria-invalid=\"false\" value=\"\" type=\"text\" name=\"your-mininum-wage-liquid-intended\" \/><\/span>\n\t<\/p>\n\t<p class=\"span4 field\">Salaire id\u00e9al net d\u00e9sir\u00e9 (en Euros) * <span class=\"wpcf7-form-control-wrap\" data-name=\"your-salary-intended-ideal-liquid\"><input size=\"40\" maxlength=\"400\" class=\"wpcf7-form-control wpcf7-text wpcf7-validates-as-required\" aria-required=\"true\" aria-invalid=\"false\" value=\"\" type=\"text\" name=\"your-salary-intended-ideal-liquid\" \/><\/span>\n\t<\/p>\n\t<p class=\"span4 field\" id=\"select-form-idiomas-margin\">Langues * <span class=\"wpcf7-form-control-wrap\" data-name=\"your-languages\"><select class=\"wpcf7-form-control wpcf7-select wpcf7-validates-as-required\" aria-required=\"true\" aria-invalid=\"false\" multiple=\"multiple\" name=\"your-languages&#091;&#093;\"><option value=\"Portugais\">Portugais<\/option><option value=\"Allemand\">Allemand<\/option><option value=\"Chinois\">Chinois<\/option><option value=\"Espagnol\">Espagnol<\/option><option value=\"Fran\u00e7ais\">Fran\u00e7ais<\/option><option value=\"Anglais\">Anglais<\/option><option value=\"Italien\">Italien<\/option><option value=\"Japonais\">Japonais<\/option><\/select><\/span>\n\t<\/p>\n<\/div>\n<div class=\"row-fluid\">\n\t<p class=\"span4 field\">Poste auquel vous vous candidater * <span class=\"wpcf7-form-control-wrap\" data-name=\"your-according-to-which-candidate\"><select class=\"wpcf7-form-control wpcf7-select wpcf7-validates-as-required\" aria-required=\"true\" aria-invalid=\"false\" name=\"your-according-to-which-candidate\"><option value=\"Assistant Commercial\">Assistant Commercial<\/option><option value=\"Commercial\">Commercial<\/option><option value=\"Exp\u00e9dition\">Exp\u00e9dition<\/option><option value=\"Financier\">Financier<\/option><option value=\"Informatique\">Informatique<\/option><option value=\"Logistique \/ Achats\">Logistique \/ Achats<\/option><option value=\"Maintenance\">Maintenance<\/option><option value=\"Production\">Production<\/option><option value=\"Qualit\u00e9\">Qualit\u00e9<\/option><option value=\"Ressources Humaines\">Ressources Humaines<\/option><\/select><\/span>\n\t<\/p>\n\t<p class=\"span4 field\">Disponibilit\u00e9 pour partir \u00e0 l'\u00e9tranger * <span class=\"wpcf7-form-control-wrap\" data-name=\"your-availability-for-stay-abroad\"><select class=\"wpcf7-form-control wpcf7-select wpcf7-validates-as-required\" aria-required=\"true\" aria-invalid=\"false\" name=\"your-availability-for-stay-abroad\"><option value=\"Non\">Non<\/option><option value=\"Oui, jusqu\u2019\u00e0 1 mois\">Oui, jusqu\u2019\u00e0 1 mois<\/option><option value=\"Oui, jusqu\u2019\u00e0 1 an\">Oui, jusqu\u2019\u00e0 1 an<\/option><option value=\"Oui, sans limitation\">Oui, sans limitation<\/option><\/select><\/span>\n\t<\/p>\n\t<p class=\"span4 field\">Curriculum Vitae (pdf) * <span class=\"wpcf7-form-control-wrap\" data-name=\"your-curriculum-vitae\"><input size=\"40\" class=\"wpcf7-form-control wpcf7-file wpcf7-validates-as-required\" accept=\".pdf\" aria-required=\"true\" aria-invalid=\"false\" type=\"file\" name=\"your-curriculum-vitae\" \/><\/span>\n\t<\/p>\n<\/div>\n<p><\/div><\/div><\/div><div class=\"accordion-group\"><div class=\"accordion-heading\"><a class=\"accordion-toggle \" data-toggle=\"collapse\" data-parent=\"#id-431887729\" href=\"#924483843\">OBSERVATIONS<\/a><\/div><div class=\"accordion-body collapse \" id=\"924483843\"><div class=\"accordion-inner\">\n<\/p>\n<div class=\"row-fluid\">\n\t<p class=\"field\">Dans le cas o\u00f9 vous auriez quelques remarques et commentaires \u00e0 faire, veuillez svp d\u00e9crire ici vos observations: <span class=\"wpcf7-form-control-wrap\" data-name=\"your-comments\"><textarea cols=\"40\" rows=\"10\" maxlength=\"2000\" class=\"wpcf7-form-control wpcf7-textarea\" aria-invalid=\"false\" name=\"your-comments\"><\/textarea><\/span>\n\t<\/p>\n<\/div>\n<p><\/div><\/div><\/div>\n<\/p>\n<div class=\"row-fluid\">\n\t<div id=\"btn-aceitacao\" class=\"span12 field\">\n\t\t<p><span style=\"float: left;\"><span class=\"wpcf7-form-control-wrap\" data-name=\"acceptance-866\"><span class=\"wpcf7-form-control wpcf7-acceptance\"><span class=\"wpcf7-list-item\"><input type=\"checkbox\" name=\"acceptance-866\" value=\"1\" aria-invalid=\"false\" \/><\/span><\/span><\/span><\/span><span id=\"textAceitacao\">Lu et approuv\u00e9 la <a href=\"http:\/\/www.fapricela.pt\/fr\/politica-de-privacidade-e-proteccao-de-dados-pessoais\/\" target=\"_blank\">Politique de confidentialit\u00e9 et la Protection des donn\u00e9es personnelles<\/a> de ce site.<\/span>\n\t\t<\/p>\n\t<\/div>\n<\/div>\n<p>* champs obligatoires\n<\/p>\n<p class=\"submit-wrap\"><input type=\"reset\" value=\"effacer\" class=\"btn btn-primary\" \/><input class=\"wpcf7-form-control wpcf7-submit has-spinner btn btn-primary\" type=\"submit\" value=\"envoyer\" \/>\n<\/p>\n<p><\/div>\n<\/p><div class=\"wpcf7-response-output\" aria-hidden=\"true\"><\/div>\n<\/form>\n<\/div>\n<\/p>","protected":false},"excerpt":{"rendered":"<p>Pour envoyer votre candidature spontan\u00e9e, veuillez svp remplir le formulaire ci-dessous.<\/p>\n","protected":false},"author":100053844005,"featured_media":0,"parent":31669,"menu_order":0,"comment_status":"closed","ping_status":"closed","template":"page-fullwidth.php","meta":{"footnotes":""},"class_list":["post-5642","page","type-page","status-publish","hentry"],"_links":{"self":[{"href":"https:\/\/www.fapricela.pt\/fr\/wp-json\/wp\/v2\/pages\/5642","targetHints":{"allow":["GET"]}}],"collection":[{"href":"https:\/\/www.fapricela.pt\/fr\/wp-json\/wp\/v2\/pages"}],"about":[{"href":"https:\/\/www.fapricela.pt\/fr\/wp-json\/wp\/v2\/types\/page"}],"author":[{"embeddable":true,"href":"https:\/\/www.fapricela.pt\/fr\/wp-json\/wp\/v2\/users\/100053844005"}],"replies":[{"embeddable":true,"href":"https:\/\/www.fapricela.pt\/fr\/wp-json\/wp\/v2\/comments?post=5642"}],"version-history":[{"count":5,"href":"https:\/\/www.fapricela.pt\/fr\/wp-json\/wp\/v2\/pages\/5642\/revisions"}],"predecessor-version":[{"id":5750,"href":"https:\/\/www.fapricela.pt\/fr\/wp-json\/wp\/v2\/pages\/5642\/revisions\/5750"}],"up":[{"embeddable":true,"href":"https:\/\/www.fapricela.pt\/fr\/wp-json\/wp\/v2\/pages\/31669"}],"wp:attachment":[{"href":"https:\/\/www.fapricela.pt\/fr\/wp-json\/wp\/v2\/media?parent=5642"}],"curies":[{"name":"wp","href":"https:\/\/api.w.org\/{rel}","templated":true}]}}