{"id":51709,"date":"2024-08-26T10:40:25","date_gmt":"2024-08-26T09:40:25","guid":{"rendered":"https:\/\/www.fapricela.pt\/?page_id=51709"},"modified":"2024-08-26T10:40:25","modified_gmt":"2024-08-26T09:40:25","slug":"prr-projeto-2672","status":"publish","type":"page","link":"https:\/\/www.fapricela.pt\/fr\/prr-projeto-2672\/","title":{"rendered":"PRR Projeto 2672"},"content":{"rendered":"<div class=\"row \">\n<div class=\"span12 \"><img decoding=\"async\" style=\"display: block; margin-left: auto; margin-right: auto;\" src=\"https:\/\/www.fapricela.pt\/wp-content\/uploads\/2024\/04\/financiamento-PRR.png\" alt=\"PRR Projeto 2672\" \/><br \/><\/div>\n<div class=\"span12 \"><h5 style=\"padding-top: 20px; text-decoration: underline;\">Identifica\u00e7\u00e3o do projeto<\/h5>\n<div style=\"padding-bottom: 10px; margin-top: -5px; text-align: justify;\">Fapricela | Powered by the sun<\/div>\n<div style=\"padding-bottom: 10px; margin-top: -5px; text-align: justify;\">Projeto n.\u00ba 2672 | Apoio \u00e0 Descarboniza\u00e7\u00e3o da Ind\u00fastria (Modalidade B)<\/div>\n<h5 style=\"text-decoration: underline;\">Entidade Promotora<\/h5>\n<div style=\"padding-bottom: 15px; text-align: justify;\">FAPRICELA \u2013 IND\u00daSTRIA DE TREFILARIA, SA<\/div>\n<h5 style=\"text-decoration: underline;\">Descri\u00e7\u00e3o do Projeto<\/h5>\n<p style=\"padding-bottom: 15px; text-align: justify;\">Instala\u00e7\u00e3o de um sistema solar fotovoltaico para produ\u00e7\u00e3o de energia el\u00e9trica para autoconsumo com capacidade de produ\u00e7\u00e3o de 6,36MWp.<\/p>\n<h5 style=\"text-decoration: underline;\">Objetivos<\/h5>\n<p style=\"padding-bottom: 15px; text-align: justify;\">O promotor prev\u00ea um redu\u00e7\u00e3o de energias fosseis na ordem dos 4.060 ton CO2\/ano (17,01%) com a implementa\u00e7\u00e3o do projeto. Prev\u00ea ainda uma poupan\u00e7a no consumo de eletricidade de 7.932 MWh\/ano (15,22%).<\/p>\n<h5 style=\"text-decoration: underline;\">Investimento<\/h5>\n<p style=\"padding-bottom: 15px; text-align: justify;\">3.160.000,00\u20ac<\/p><\/div>\n<\/div><!-- .row (end) -->\n<div class=\"content-page\"><\/div>\n","protected":false},"excerpt":{"rendered":"","protected":false},"author":100053844005,"featured_media":0,"parent":0,"menu_order":0,"comment_status":"closed","ping_status":"closed","template":"page-fullwidth.php","meta":{"footnotes":""},"class_list":["post-51709","page","type-page","status-publish","hentry"],"_links":{"self":[{"href":"https:\/\/www.fapricela.pt\/fr\/wp-json\/wp\/v2\/pages\/51709","targetHints":{"allow":["GET"]}}],"collection":[{"href":"https:\/\/www.fapricela.pt\/fr\/wp-json\/wp\/v2\/pages"}],"about":[{"href":"https:\/\/www.fapricela.pt\/fr\/wp-json\/wp\/v2\/types\/page"}],"author":[{"embeddable":true,"href":"https:\/\/www.fapricela.pt\/fr\/wp-json\/wp\/v2\/users\/100053844005"}],"replies":[{"embeddable":true,"href":"https:\/\/www.fapricela.pt\/fr\/wp-json\/wp\/v2\/comments?post=51709"}],"version-history":[{"count":1,"href":"https:\/\/www.fapricela.pt\/fr\/wp-json\/wp\/v2\/pages\/51709\/revisions"}],"predecessor-version":[{"id":51710,"href":"https:\/\/www.fapricela.pt\/fr\/wp-json\/wp\/v2\/pages\/51709\/revisions\/51710"}],"wp:attachment":[{"href":"https:\/\/www.fapricela.pt\/fr\/wp-json\/wp\/v2\/media?parent=51709"}],"curies":[{"name":"wp","href":"https:\/\/api.w.org\/{rel}","templated":true}]}}