{"id":4260,"date":"2016-02-02T09:06:51","date_gmt":"2016-02-02T09:06:51","guid":{"rendered":"http:\/\/www.fapricela.pt\/?page_id=4260"},"modified":"2024-03-26T11:50:30","modified_gmt":"2024-03-26T11:50:30","slug":"baixo-carbono","status":"publish","type":"page","link":"https:\/\/www.fapricela.pt\/fr\/produtos\/baixo-carbono\/","title":{"rendered":"Faible Teneur en Carbone"},"content":{"rendered":"<div class=\"row \">\n<div class=\"span3 \"><div class=\"banner-wrap \"><figure class=\"featured-thumbnail\"><a href=\"http:\/\/www.fapricela.pt\/fr\/portfolio-view\/rede-electrossoldada\/\" title=\"Treillis Soud\u00e9s\" class=\"darkbox\"><img decoding=\"async\" src=\"https:\/\/www.fapricela.pt\/wp-content\/uploads\/2016\/02\/img-malha.png\" title=\"Treillis Soud\u00e9s\" alt=\"\" \/>\n<span class=\"zoom-icon\"><\/span>\n<\/a><\/figure><h5>Treillis Soud\u00e9s<\/h5><p>Armatures passives produites \u00e0 travers un processus de soudage par points de tiges d'acier \u00e0 surface \u00e0 verrous obtenues par un proc\u00e9d\u00e9 de durcissement \u00e0 froid (laminage) \u00e0 partir de fil machine lisse.<\/p><\/div><!-- .banner-wrap (end) --><\/div>\n<div class=\"span3 \"><div class=\"banner-wrap \"><figure class=\"featured-thumbnail\"><a href=\"http:\/\/www.fapricela.pt\/fr\/portfolio-view\/bobines\/\" title=\"Bobines\" class=\"darkbox\"><img decoding=\"async\" src=\"https:\/\/www.fapricela.pt\/wp-content\/uploads\/2016\/02\/img-bobines.png\" title=\"Bobines\" alt=\"\" \/>\n<span class=\"zoom-icon\"><\/span>\n<\/a><\/figure><h5>Bobines<\/h5><p>Ces bobines ont une ductilit\u00e9 \u00e9lev\u00e9e. Elles offrent des caract\u00e9ristiques m\u00e9caniques homog\u00e8nes, pouvant \u00eatre r\u00e9p\u00e9t\u00e9es pour assurer d'excellentes performances dans tout type de construction ...<\/p><\/div><!-- .banner-wrap (end) --><\/div>\n<div class=\"span3 \"><div class=\"banner-wrap \"><figure class=\"featured-thumbnail\"><a href=\"http:\/\/www.fapricela.pt\/fr\/portfolio-view\/varetas\/\" title=\"Barres\" class=\"darkbox\"><img decoding=\"async\" src=\"https:\/\/www.fapricela.pt\/wp-content\/uploads\/2016\/02\/img-barras.png\" title=\"Barres\" alt=\"\" \/>\n<span class=\"zoom-icon\"><\/span>\n<\/a><\/figure><h5>Barres<\/h5><p>Le fil d'acier pour b\u00e9ton arm\u00e9 en barre est produit par un processus de durcissement \u00e0 froid (laminage) \u00e0 partir de fil de machine lisse, faisant une impression de profil \u00e0 verrou.<\/p><\/div><!-- .banner-wrap (end) --><\/div>\n<div class=\"span3 \"><div class=\"banner-wrap \"><figure class=\"featured-thumbnail\"><a href=\"http:\/\/www.fapricela.pt\/fr\/portfolio-view\/trelicas\/\" title=\"\u00c9carteurs \/ Chainages\" class=\"darkbox\"><img decoding=\"async\" src=\"https:\/\/www.fapricela.pt\/wp-content\/uploads\/2016\/02\/img-trelicas.png\" title=\"\u00c9carteurs \/ Chainages\" alt=\"\" \/>\n<span class=\"zoom-icon\"><\/span>\n<\/a><\/figure><h5>\u00c9carteurs \/ Chainages<\/h5><p>Armatures passives obtenues par un proc\u00e8s de soudage par points, avec un format de prisme triangulaire, constitu\u00e9es par 3 tiges au sommet du triangle et 2 tiges sur le c\u00f4t\u00e9 lat\u00e9ral avec ...<\/p><\/div><!-- .banner-wrap (end) --><\/div>\n<\/div><!-- .row (end) -->\n<div class=\"row \">\n<div class=\"span3 \"><div class=\"banner-wrap \"><figure class=\"featured-thumbnail\"><a href=\"http:\/\/www.fapricela.pt\/fr\/produtos\/baixo-carbono\/prego\/\" title=\"Pointes\" class=\"darkbox\"><img decoding=\"async\" src=\"https:\/\/www.fapricela.pt\/wp-content\/uploads\/2016\/01\/img-produto-prego.png\" title=\"Pointes\" alt=\"\" \/>\n<span class=\"zoom-icon\"><\/span>\n<\/a><\/figure><h5>Pointes<\/h5><p>El\u00e9ment de connexion constitu\u00e9 par un corps m\u00e9tallique avec une extr\u00e9mit\u00e9 pointue, utilis\u00e9e pour l'assemblage ou la fixation des parties d'un objet, de pr\u00e9f\u00e9rence en bois.<\/p><\/div><!-- .banner-wrap (end) --><\/div>\n<div class=\"span3 \"><div class=\"banner-wrap \"><figure class=\"featured-thumbnail\"><a href=\"http:\/\/www.fapricela.pt\/fr\/produtos\/baixo-carbono\/rede-elastica-de-malha-solta\/\" title=\"Grillage Simple Torsion\" class=\"darkbox\"><img decoding=\"async\" src=\"https:\/\/www.fapricela.pt\/wp-content\/uploads\/2016\/02\/img-chain-link-fencing.png\" title=\"Grillage Simple Torsion\" alt=\"\" \/>\n<span class=\"zoom-icon\"><\/span>\n<\/a><\/figure><h5>Grillage Simple Torsion<\/h5><p>Le grillage simple torsion est sans aucun doute le type de cl\u00f4ture le plus polyvalent et le plus r\u00e9pandu, est produit conform\u00e9ment \u00e0 des normes de qualit\u00e9 \u00e9lev\u00e9es et s'adaptent facilement \u00e0 ...<\/p><\/div><!-- .banner-wrap (end) --><\/div>\n<div class=\"span3 \"><div class=\"banner-wrap \"><figure class=\"featured-thumbnail\"><a href=\"http:\/\/www.fapricela.pt\/fr\/portfolio-view\/rede-no-ovina\/\" title=\"Grillage Nou\u00e9\" class=\"darkbox\"><img decoding=\"async\" src=\"https:\/\/www.fapricela.pt\/wp-content\/uploads\/2016\/02\/img-galvanized-hingle-joint-farm-fencing.png\" title=\"Grillage Nou\u00e9\" alt=\"\" \/>\n<span class=\"zoom-icon\"><\/span>\n<\/a><\/figure><h5>Grillage Nou\u00e9<\/h5><p>Il poss\u00e8de comme caract\u00e9ristiques une capacit\u00e9 \u00e9lastique lorsque les animaux s'appuient contre la cl\u00f4ture, retournant \u00e0 sa forme et tension d'origine. Ce type de grillage est utilis\u00e9 dans de grandes ...<\/p><\/div><!-- .banner-wrap (end) --><\/div>\n<div class=\"span3 \"><div class=\"banner-wrap \"><figure class=\"featured-thumbnail\"><a href=\"http:\/\/www.fapricela.pt\/fr\/produtos\/baixo-carbono\/arame-plastificado-e-galvanizado\/\" title=\"Fil Plastifi\u00e9 et Galvanis\u00e9\" class=\"darkbox\"><img decoding=\"async\" src=\"https:\/\/www.fapricela.pt\/wp-content\/uploads\/2016\/02\/prd-arame-plastificado-galvanizado.png\" title=\"Fil Plastifi\u00e9 et Galvanis\u00e9\" alt=\"\" \/>\n<span class=\"zoom-icon\"><\/span>\n<\/a><\/figure><h5>Fil Plastifi\u00e9 et Galvanis\u00e9<\/h5><p>Ils sont fabriqu\u00e9s \u00e0 partir de fils galvanis\u00e9s pour une meilleure protection contre la corrosion. Le fil d'acier est recouvert de PVC par extrusion.<\/p><\/div><!-- .banner-wrap (end) --><\/div>\n<\/div><!-- .row (end) -->\n<div class=\"row \">\n<div class=\"span3 \"><div class=\"banner-wrap \"><figure class=\"featured-thumbnail\"><a href=\"http:\/\/www.fapricela.pt\/fr\/produtos\/baixo-carbono\/arame-farpado-e-torcido\/\" title=\"Fil Barbel\u00e9 et Torsad\u00e9\" class=\"darkbox\"><img decoding=\"async\" src=\"https:\/\/www.fapricela.pt\/wp-content\/uploads\/2016\/02\/img-arame-farpado-torcido.png\" title=\"Fil Barbel\u00e9 et Torsad\u00e9\" alt=\"\" \/>\n<span class=\"zoom-icon\"><\/span>\n<\/a><\/figure><h5>Fil Barbel\u00e9 et Torsad\u00e9<\/h5><p>C'est un type de cl\u00f4ture en acier construite avec ou sans ar\u00eates vives ou des points dispos\u00e9s \u00e0 intervalles le long du ou des torons. Il est utilis\u00e9 pour construire ...<\/p><\/div><!-- .banner-wrap (end) --><\/div>\n<div class=\"span3 \"><div class=\"banner-wrap \"><figure class=\"featured-thumbnail\"><a href=\"http:\/\/www.fapricela.pt\/fr\/produtos\/baixo-carbono\/fibras\/\" title=\"Fibres\" class=\"darkbox\"><img decoding=\"async\" src=\"https:\/\/www.fapricela.pt\/wp-content\/uploads\/2016\/01\/img-produto-fibras.png\" title=\"Fibres\" alt=\"\" \/>\n<span class=\"zoom-icon\"><\/span>\n<\/a><\/figure><h5>Fibres<\/h5><p>\u00c9l\u00e9ments d\u00e9form\u00e9s provenant du fil d'acier en basse teneur de carbone, \u00e9tir\u00e9 \u00e0 froid, ayant la capacit\u00e9 de faire le lien du concret, associ\u00e9 avec des mat\u00e9riaux traditionnels.<\/p><\/div><!-- .banner-wrap (end) --><\/div>\n<div class=\"span3 \"><div class=\"banner-wrap \"><figure class=\"featured-thumbnail\"><a href=\"http:\/\/www.fapricela.pt\/fr\/produtos\/baixo-carbono\/arame-recozido\/\" title=\"Fil Recuit\" class=\"darkbox\"><img decoding=\"async\" src=\"https:\/\/www.fapricela.pt\/wp-content\/uploads\/2016\/01\/img-produto-arame-recozido.png\" title=\"Fil Recuit\" alt=\"\" \/>\n<span class=\"zoom-icon\"><\/span>\n<\/a><\/figure><h5>Fil Recuit<\/h5><p>Obtenu \u00e0 travers de traitement thermique, le fil est plus facilement coup\u00e9 et moul\u00e9. Pour une utilisation domestique, construction civile et agriculture.<\/p><\/div><!-- .banner-wrap (end) --><\/div>\n<div class=\"span3 \"><div class=\"banner-wrap \"><figure class=\"featured-thumbnail\"><a href=\"http:\/\/www.fapricela.pt\/fr\/produtos\/baixo-carbono\/arame-cru\/\" title=\"Fil Clair\" class=\"darkbox\"><img decoding=\"async\" src=\"https:\/\/www.fapricela.pt\/wp-content\/uploads\/2016\/01\/img-produto-arame-cru.png\" title=\"Fil Clair\" alt=\"\" \/>\n<span class=\"zoom-icon\"><\/span>\n<\/a><\/figure><h5>Fil Clair<\/h5><p>Fil compl\u00e9tement propre, d\u00e9pourvu d'impuret\u00e9s, qui permet la soudure par robotisation. Mat\u00e9riaux d'usage facile et de finitions de placage.<\/p><\/div><!-- .banner-wrap (end) --><\/div>\n<\/div><!-- .row (end) -->","protected":false},"excerpt":{"rendered":"","protected":false},"author":100053844005,"featured_media":0,"parent":2218,"menu_order":0,"comment_status":"closed","ping_status":"closed","template":"page-fullwidth.php","meta":{"footnotes":""},"class_list":["post-4260","page","type-page","status-publish","hentry"],"_links":{"self":[{"href":"https:\/\/www.fapricela.pt\/fr\/wp-json\/wp\/v2\/pages\/4260","targetHints":{"allow":["GET"]}}],"collection":[{"href":"https:\/\/www.fapricela.pt\/fr\/wp-json\/wp\/v2\/pages"}],"about":[{"href":"https:\/\/www.fapricela.pt\/fr\/wp-json\/wp\/v2\/types\/page"}],"author":[{"embeddable":true,"href":"https:\/\/www.fapricela.pt\/fr\/wp-json\/wp\/v2\/users\/100053844005"}],"replies":[{"embeddable":true,"href":"https:\/\/www.fapricela.pt\/fr\/wp-json\/wp\/v2\/comments?post=4260"}],"version-history":[{"count":211,"href":"https:\/\/www.fapricela.pt\/fr\/wp-json\/wp\/v2\/pages\/4260\/revisions"}],"predecessor-version":[{"id":49006,"href":"https:\/\/www.fapricela.pt\/fr\/wp-json\/wp\/v2\/pages\/4260\/revisions\/49006"}],"up":[{"embeddable":true,"href":"https:\/\/www.fapricela.pt\/fr\/wp-json\/wp\/v2\/pages\/2218"}],"wp:attachment":[{"href":"https:\/\/www.fapricela.pt\/fr\/wp-json\/wp\/v2\/media?parent=4260"}],"curies":[{"name":"wp","href":"https:\/\/api.w.org\/{rel}","templated":true}]}}