{"id":4256,"date":"2016-02-02T09:05:20","date_gmt":"2016-02-02T09:05:20","guid":{"rendered":"http:\/\/www.fapricela.pt\/?page_id=4256"},"modified":"2019-10-03T16:31:12","modified_gmt":"2019-10-03T15:31:12","slug":"alto-carbono","status":"publish","type":"page","link":"https:\/\/www.fapricela.pt\/fr\/produtos\/alto-carbono\/","title":{"rendered":"Haute Teneur en Carbone"},"content":{"rendered":"<div class=\"row \">\n<div class=\"span3 \"><div class=\"banner-wrap \"><figure class=\"featured-thumbnail\"><a href=\"http:\/\/www.fapricela.pt\/fr\/produtos\/alto-carbono\/cordao-de-aco-pre-pos-esforco\/\" title=\"Toron d'acier pour pr\u00e9 et post contrainte\" class=\"darkbox\"><img decoding=\"async\" src=\"https:\/\/www.fapricela.pt\/wp-content\/uploads\/2016\/02\/img-pc-strand-7-wires.png\" title=\"Toron d'acier pour pr\u00e9 et post contrainte\" alt=\"\" \/>\n<span class=\"zoom-icon\"><\/span>\n<\/a><\/figure><h5>Toron d'acier pour pr\u00e9 et post contrainte<\/h5><p>Le toron d'acier \u00e0 basse relaxation, de superficie lisse (sec ou huil\u00e9), est fourni en bobines dument identifi\u00e9es, avec l'int\u00e9rieur dur, sur lequel est mis une \u00e9tiquette qui indique la pointe \u00e0 utiliser.<\/p><\/div><!-- .banner-wrap (end) --><\/div>\n<div class=\"span3 \"><div class=\"banner-wrap \"><figure class=\"featured-thumbnail\"><a href=\"http:\/\/www.fapricela.pt\/fr\/produtos\/alto-carbono\/cordao-auto-embainhado\/\" title=\"Toron d'acier Gain\u00e9e et Graiss\u00e9\" class=\"darkbox\"><img decoding=\"async\" src=\"https:\/\/www.fapricela.pt\/wp-content\/uploads\/2016\/02\/img-cordao-auto-embainhado.png\" title=\"Toron d'acier Gain\u00e9e et Graiss\u00e9\" alt=\"\" \/>\n<span class=\"zoom-icon\"><\/span>\n<\/a><\/figure><h5>Toron d'acier Gain\u00e9e et Graiss\u00e9<\/h5><p>Fil d'acier \u00e0 7 fils rev\u00eatu d'une masse propre et plastifi\u00e9e en ligne au poly\u00e9thyl\u00e8ne \u00e0 haute densit\u00e9. Cette protection s'av\u00e8re efficace contre l'oxydation, en permettant le glissement du toron \u00e0 travers l'int\u00e9rieur de la couche plastique.<\/p><\/div><!-- .banner-wrap (end) --><\/div>\n<div class=\"span3 \"><div class=\"banner-wrap \"><figure class=\"featured-thumbnail\"><a href=\"http:\/\/www.fapricela.pt\/fr\/portfolio-view\/arame-de-aco-pre-esforco\/\" title=\"Fil d'Acier pour pr\u00e9contrainte\" class=\"darkbox\"><img decoding=\"async\" src=\"https:\/\/www.fapricela.pt\/wp-content\/uploads\/2015\/08\/prd-pc-wire.png\" title=\"Fil d'Acier pour pr\u00e9contrainte\" alt=\"\" \/>\n<span class=\"zoom-icon\"><\/span>\n<\/a><\/figure><h5>Fil d'Acier pour pr\u00e9contrainte<\/h5><p>Fil d'acier \u00e0 haute r\u00e9sistance et \u00e0 faible r\u00e9sistance \u00e0 la traction pour le b\u00e9ton pr\u00e9contraint. Fourni normalement en bobine, pr\u00e9sent\u00e9 en surface indent\u00e9e ou lisse. Utilis\u00e9 dans plusieurs domaines, comme les poutres pr\u00e9fabriqu\u00e9es, les poteaux en b\u00e9ton, les dalles alv\u00e9ol\u00e9es, etc.<\/p><\/div><!-- .banner-wrap (end) --><\/div>\n<div class=\"span3 \"><div class=\"banner-wrap \"><figure class=\"featured-thumbnail\"><a href=\"http:\/\/www.fapricela.pt\/fr\/portfolio-view\/travessas-varetas\/\" title=\"Traverses \/ Barres\" class=\"darkbox\"><img decoding=\"async\" src=\"https:\/\/www.fapricela.pt\/wp-content\/uploads\/2016\/02\/img-bars-for-railway-sleepers.png\" title=\"Traverses \/ Barres\" alt=\"\" \/>\n<span class=\"zoom-icon\"><\/span>\n<\/a><\/figure><h5>Traverses \/ Barres<\/h5><p>Le fil lisse ou dentel\u00e9 pour pr\u00e9 ou postcontrainte \u00e0 basse relaxation pr\u00e9sent\u00e9 en barres parfaitement droites, coup\u00e9es en plans perpendiculaires, de longueurs pr\u00e9cises, destin\u00e9e \u00e0 la fabrication de traverses pour chemin de fer.<\/p><\/div><!-- .banner-wrap (end) --><\/div>\n<\/div><!-- .row (end) -->","protected":false},"excerpt":{"rendered":"","protected":false},"author":100053844005,"featured_media":0,"parent":2218,"menu_order":0,"comment_status":"closed","ping_status":"closed","template":"page-fullwidth.php","meta":{"footnotes":""},"class_list":["post-4256","page","type-page","status-publish","hentry"],"_links":{"self":[{"href":"https:\/\/www.fapricela.pt\/fr\/wp-json\/wp\/v2\/pages\/4256","targetHints":{"allow":["GET"]}}],"collection":[{"href":"https:\/\/www.fapricela.pt\/fr\/wp-json\/wp\/v2\/pages"}],"about":[{"href":"https:\/\/www.fapricela.pt\/fr\/wp-json\/wp\/v2\/types\/page"}],"author":[{"embeddable":true,"href":"https:\/\/www.fapricela.pt\/fr\/wp-json\/wp\/v2\/users\/100053844005"}],"replies":[{"embeddable":true,"href":"https:\/\/www.fapricela.pt\/fr\/wp-json\/wp\/v2\/comments?post=4256"}],"version-history":[{"count":115,"href":"https:\/\/www.fapricela.pt\/fr\/wp-json\/wp\/v2\/pages\/4256\/revisions"}],"predecessor-version":[{"id":26930,"href":"https:\/\/www.fapricela.pt\/fr\/wp-json\/wp\/v2\/pages\/4256\/revisions\/26930"}],"up":[{"embeddable":true,"href":"https:\/\/www.fapricela.pt\/fr\/wp-json\/wp\/v2\/pages\/2218"}],"wp:attachment":[{"href":"https:\/\/www.fapricela.pt\/fr\/wp-json\/wp\/v2\/media?parent=4256"}],"curies":[{"name":"wp","href":"https:\/\/api.w.org\/{rel}","templated":true}]}}