{"id":3426,"date":"2015-10-09T17:00:30","date_gmt":"2015-10-09T17:00:30","guid":{"rendered":"http:\/\/www.fapricela.pt\/?page_id=3426"},"modified":"2019-10-02T10:44:51","modified_gmt":"2019-10-02T09:44:51","slug":"exportacao","status":"publish","type":"page","link":"https:\/\/www.fapricela.pt\/fr\/exportacao\/","title":{"rendered":"Exportation"},"content":{"rendered":"<div class=\"row \">\n<div class=\"span12 \"><p style=\"text-align: justify;\"><strong>FAPRICELA - Ind\u00fastria de Trefilaria, S.A.<\/strong>, est une soci\u00e9t\u00e9 avec une grande vocation pour l'exportation. Actuellement, plus de 80% de sa production se destine aux march\u00e9s externes, distribu\u00e9s en 85 pays dans les 5 continents.\n<\/p>\n<p style=\"text-align: justify;\">Avec une structure agile et flexible, soutenue par une exp\u00e9rience consolid\u00e9e dans la logistique et transports, nous sommes en mesure de r\u00e9pondre efficacement aux besoins et exigences de nos clients.<\/p>\n<p style=\"text-align: justify;\">Avec une combinaison rationnelle des plus vari\u00e9s moyens de transport et partenariats solides avec les op\u00e9rateurs logistiques partout dans le monde, Fapricela assume, avec responsabilit\u00e9, les d\u00e9fis concurrentiels, offrant au march\u00e9 une proposition de grande valeur.\n<\/p>\n<p><img loading=\"lazy\" decoding=\"async\" src=\"http:\/\/www.fapricela.pt\/wp-content\/uploads\/2015\/10\/img-exportacao-1.png\" width=\"1273\" height=\"351\" class=\"aligncenter size-full wp-image-5965\" srcset=\"https:\/\/www.fapricela.pt\/wp-content\/uploads\/2015\/10\/img-exportacao-1.png 1273w, https:\/\/www.fapricela.pt\/wp-content\/uploads\/2015\/10\/img-exportacao-1-300x83.png 300w, https:\/\/www.fapricela.pt\/wp-content\/uploads\/2015\/10\/img-exportacao-1-768x212.png 768w, https:\/\/www.fapricela.pt\/wp-content\/uploads\/2015\/10\/img-exportacao-1-1024x282.png 1024w\" sizes=\"auto, (max-width: 1273px) 100vw, 1273px\" \/><\/p>\n<div class=\"content-page\"><\/div><\/div>\n<\/div><!-- .row (end) -->","protected":false},"excerpt":{"rendered":"","protected":false},"author":100053844005,"featured_media":0,"parent":0,"menu_order":0,"comment_status":"closed","ping_status":"closed","template":"page-fullwidth.php","meta":{"footnotes":""},"class_list":["post-3426","page","type-page","status-publish","hentry"],"_links":{"self":[{"href":"https:\/\/www.fapricela.pt\/fr\/wp-json\/wp\/v2\/pages\/3426","targetHints":{"allow":["GET"]}}],"collection":[{"href":"https:\/\/www.fapricela.pt\/fr\/wp-json\/wp\/v2\/pages"}],"about":[{"href":"https:\/\/www.fapricela.pt\/fr\/wp-json\/wp\/v2\/types\/page"}],"author":[{"embeddable":true,"href":"https:\/\/www.fapricela.pt\/fr\/wp-json\/wp\/v2\/users\/100053844005"}],"replies":[{"embeddable":true,"href":"https:\/\/www.fapricela.pt\/fr\/wp-json\/wp\/v2\/comments?post=3426"}],"version-history":[{"count":24,"href":"https:\/\/www.fapricela.pt\/fr\/wp-json\/wp\/v2\/pages\/3426\/revisions"}],"predecessor-version":[{"id":26848,"href":"https:\/\/www.fapricela.pt\/fr\/wp-json\/wp\/v2\/pages\/3426\/revisions\/26848"}],"wp:attachment":[{"href":"https:\/\/www.fapricela.pt\/fr\/wp-json\/wp\/v2\/media?parent=3426"}],"curies":[{"name":"wp","href":"https:\/\/api.w.org\/{rel}","templated":true}]}}