{"id":2254,"date":"2015-08-14T16:23:34","date_gmt":"2015-08-14T16:23:34","guid":{"rendered":"http:\/\/www.fapricela.pt\/?page_id=2254"},"modified":"2019-11-05T15:32:13","modified_gmt":"2019-11-05T15:32:13","slug":"sitemap","status":"publish","type":"page","link":"https:\/\/www.fapricela.pt\/fr\/sitemap\/","title":{"rendered":"Sitemap"},"content":{"rendered":"<div class=\"row \">\n<div class=\"span12 \"><div class=\"sitemap_container\">\n<ul class=\"sitemap_container\">\n<li style=\"background: none;\">\n<p style=\"margin: 0px;\"><a href=\"..\/\"><span style=\"color: #00295C\">Home<\/span><\/a><\/p>\n<\/li>\n<li>\n<p style=\"margin: 0px;\"><a href=\"..\/empresa\/\"><span style=\"color: #00295C\">Soci\u00e9t\u00e9<\/span><\/a><\/p>\n<\/li>\n<ul class=\"sitemap_container_child\">\n<li><a href=\"..\/empresa\/missao-e-valores\/\"><span style=\"color: #00295C\">Mission et Valeurs<\/span><\/a><\/li>\n<li><a href=\"..\/empresa\/estrategia\/\"><span style=\"color: #00295C\">Strat\u00e9gie<\/span><\/a><\/li>\n<li><a href=\"..\/empresa\/grupo-fapricela-industria\/\"><span style=\"color: #00295C\">Groupe Fapricela Industrie<\/span><\/a><\/li>\n<li><a href=\"..\/empresa\/grupo-fapricela\/\"><span style=\"color: #00295C\">Groupe Fapricela<\/span><\/a><\/li>\n<\/ul>\n<li>\n<p style=\"margin: 0px; color: #00295C;\">Qualit\u00e9<\/p>\n<\/li>\n<ul class=\"sitemap_container_child\">\n<li><a href=\"..\/qualidade\/politica-da-qualidade\/\"><span style=\"color: #00295C\">Politique de Qualit\u00e9<\/span><\/a><\/li>\n<li><a href=\"..\/qualidade\/controlo-da-qualidade\/\"><span style=\"color: #00295C\">Controle de Qualit\u00e9<\/span><\/a><\/li>\n<li><a href=\"..\/qualidade\/certificados-iso-9001\/\"><span style=\"color: #00295C\">Certificats ISO 9001<\/span><\/a><\/li>\n<li><a href=\"..\/qualidade\/certificacoes-de-produto\/\"><span style=\"color: #00295C\">Certifications du Produit<\/span><\/a><\/li>\n<li><a href=\"..\/qualidade\/ambiente\/\"><span style=\"color: #00295C\">Environnement<\/span><\/a><\/li>\n<\/ul>\n<li>\n<p style=\"margin: 0px;\"><a href=\"..\/produtos\/\"><span style=\"color: #00295C\">Produits<\/span><\/a><\/p>\n<\/li>\n<ul class=\"sitemap_container_child\">\n<li>\n<p style=\"margin: 0px;\"><a href=\"..\/produtos\/alto-carbono\/\"><span style=\"color: #00295C\">Haute Teneur en Carbone<\/span><\/a><\/p>\n<\/li>\n<ul class=\"sitemap_container_child\">\n<li><a href=\"..\/produtos\/alto-carbono\/cordao-de-aco-pre-pos-esforco\/\"><span style=\"color: #00295C\">Toron d'Acier pour Pr\u00e9 et Post Contrainte<\/span><\/a><\/li>\n<li><a href=\"..\/produtos\/alto-carbono\/cordao-auto-embainhado\/\"><span style=\"color: #00295C\">Toron d'Acier Gain\u00e9e et Graiss\u00e9<\/span><\/a><\/li>\n<li><a href=\"..\/portfolio-view\/arame-de-aco-pre-esforco\/\"><span style=\"color: #00295C\">Fil d'Acier pour Pr\u00e9contrainte<\/span><\/a><\/li>\n<li><a href=\"..\/portfolio-view\/travessas-varetas\/\"><span style=\"color: #00295C\">Traverses \/ Barres<\/span><\/a><\/li>\n<\/ul>\n<li>\n<p style=\"margin: 0px; color: #00295C;\">Moyenne Teneur en Carbone<\/p>\n<\/li>\n<ul class=\"sitemap_container_child\">\n<li><a href=\"..\/portfolio-view\/arame-para-molas\/\"><span style=\"color: #00295C\">Fil d'Acier \u00e0 Ressorts<\/span><\/a><\/li>\n<\/ul>\n<li>\n<p style=\"margin: 0px;\"><a href=\"..\/produtos\/baixo-carbono\/\"><span style=\"color: #00295C\">Faible Teneur en Carbone<\/span><\/a><\/p>\n<\/li>\n<ul class=\"sitemap_container_child\">\n<li><a href=\"..\/portfolio-view\/rede-electrossoldada\/\"><span style=\"color: #00295C\">Treillis Soud\u00e9s<\/span><\/a><\/li>\n<li><a href=\"..\/portfolio-view\/bobines\/\"><span style=\"color: #00295C\">Bobines<\/span><\/a><\/li>\n<li><a href=\"..\/portfolio-view\/varetas\/\"><span style=\"color: #00295C\">Barres<\/span><\/a><\/li>\n<li><a href=\"..\/portfolio-view\/trelicas\/\"><span style=\"color: #00295C\">\u00c9carteurs \/ Chainages<\/span><\/a><\/li>\n<li><a href=\"..\/produtos\/baixo-carbono\/prego\/\"><span style=\"color: #00295C\">Pointes<\/span><\/a><\/li>\n<li><a href=\"..\/produtos\/baixo-carbono\/rede-elastica-de-malha-solta\/\"><span style=\"color: #00295C\">Grillage Simple Torsion<\/span><\/a><\/li>\n<li><a href=\"..\/portfolio-view\/rede-no-ovina\/\"><span style=\"color: #00295C\">Grillage Nou\u00e9<\/span><\/a><\/li>\n<li><a href=\"..\/produtos\/baixo-carbono\/arame-plastificado-e-galvanizado\/\"><span style=\"color: #00295C\">Fil Plastifi\u00e9 et Galvanis\u00e9<\/span><\/a><\/li>\n<li><a href=\"..\/produtos\/baixo-carbono\/arame-farpado-e-torcido\/\"><span style=\"color: #00295C\">Fil Barbel\u00e9 et Torsad\u00e9<\/span><\/a><\/li>\n<li><a href=\"..\/produtos\/baixo-carbono\/fibras\/\"><span style=\"color: #00295C\">Fibres<\/span><\/a><\/li>\n<li><a href=\"..\/produtos\/baixo-carbono\/arame-recozido\/\"><span style=\"color: #00295C\">Fil Recuit<\/span><\/a><\/li>\n<li><a href=\"..\/produtos\/baixo-carbono\/arame-cru\/\"><span style=\"color: #00295C\">Fil Clair<\/span><\/a><\/li>\n<\/ul>\n<\/ul>\n<li>\n<p style=\"margin: 0px;\"><a href=\"..\/tecnologia\/\"><span style=\"color: #00295C\">Technologie<\/span><\/a><\/p>\n<\/li>\n<li>\n<p style=\"margin: 0px;\"><a href=\"..\/exportacao\/\"><span style=\"color: #00295C\">Exportation<\/span><\/a><\/p>\n<\/li>\n<li>\n<p style=\"margin: 0px;\"><a href=\"..\/seguranca\/\"><span style=\"color: #00295C\">S\u00e9curit\u00e9<\/span><\/a><\/p>\n<\/li>\n<li>\n<p style=\"margin: 0px; color: #00295C;\">Acc\u00e8s R\u00e9serv\u00e9<\/p>\n<\/li>\n<ul class=\"sitemap_container_child\">\n<li><a href=\"..\/login\/\"><span style=\"color: #00295C\">Login<\/span><\/a><\/li>\n<li><a href=\"..\/recover-password\/\"><span style=\"color: #00295C\">R\u00e9cup\u00e9rer le Mot de Passe<\/span><\/a><\/li>\n<li><a href=\"..\/edit-profile\/\"><span style=\"color: #00295C\">Modifier Profil<\/span><\/a><\/li>\n<\/ul>\n<li>\n<p style=\"margin: 0px;\"><a href=\"..\/contactos\/\"><span style=\"color: #00295C\">Contacts<\/span><\/a><\/p>\n<\/li>\n<ul class=\"sitemap_container_child\">\n<li><a href=\"..\/candidatura-espontanea\/\"><span style=\"color: #00295C\">Candidature Spontan\u00e9e<\/span><\/a><\/li>\n<\/ul>\n<li><a href=\"..\/politica-de-privacidade-e-proteccao-de-dados-pessoais\/\"><span style=\"color: #00295C\">Politique de confidentialit\u00e9 et la Protection des donn\u00e9es personnelles<\/span><\/a><\/li>\n<\/ul>\n<\/div><\/div>\n<\/div><!-- .row (end) -->\n<div class=\"content-page\"><\/div>","protected":false},"excerpt":{"rendered":"","protected":false},"author":100053844005,"featured_media":0,"parent":0,"menu_order":0,"comment_status":"closed","ping_status":"closed","template":"page-fullwidth.php","meta":{"footnotes":""},"class_list":["post-2254","page","type-page","status-publish","hentry"],"_links":{"self":[{"href":"https:\/\/www.fapricela.pt\/fr\/wp-json\/wp\/v2\/pages\/2254","targetHints":{"allow":["GET"]}}],"collection":[{"href":"https:\/\/www.fapricela.pt\/fr\/wp-json\/wp\/v2\/pages"}],"about":[{"href":"https:\/\/www.fapricela.pt\/fr\/wp-json\/wp\/v2\/types\/page"}],"author":[{"embeddable":true,"href":"https:\/\/www.fapricela.pt\/fr\/wp-json\/wp\/v2\/users\/100053844005"}],"replies":[{"embeddable":true,"href":"https:\/\/www.fapricela.pt\/fr\/wp-json\/wp\/v2\/comments?post=2254"}],"version-history":[{"count":123,"href":"https:\/\/www.fapricela.pt\/fr\/wp-json\/wp\/v2\/pages\/2254\/revisions"}],"predecessor-version":[{"id":27499,"href":"https:\/\/www.fapricela.pt\/fr\/wp-json\/wp\/v2\/pages\/2254\/revisions\/27499"}],"wp:attachment":[{"href":"https:\/\/www.fapricela.pt\/fr\/wp-json\/wp\/v2\/media?parent=2254"}],"curies":[{"name":"wp","href":"https:\/\/api.w.org\/{rel}","templated":true}]}}