{"id":2034,"date":"2015-08-12T13:08:44","date_gmt":"2015-08-12T13:08:44","guid":{"rendered":"http:\/\/www.fapricela.pt\/?page_id=2034"},"modified":"2020-10-02T12:07:44","modified_gmt":"2020-10-02T11:07:44","slug":"politica-da-qualidade","status":"publish","type":"page","link":"https:\/\/www.fapricela.pt\/fr\/qualidade\/politica-da-qualidade\/","title":{"rendered":"Politique de Qualit\u00e9"},"content":{"rendered":"<div class=\"row \">\n<div class=\"span12 \"><p style=\"text-align: justify;\"><strong>Fapricela, Ind\u00fastria de Trefilaria, S.A.<\/strong> fond\u00e9e en 1977, se d\u00e9die \u00e0 la production de fil d'acier et d\u00e9riv\u00e9s, ayant pour base l'utilisation de mati\u00e8re premi\u00e8res en acier carbone.\n<\/p>\n<p style=\"text-align: justify;\">Aujourd'hui, <b>Fapricela, S.A.<\/b> produit pour le march\u00e9 mondial, se positionnant comme l'une des soci\u00e9t\u00e9s europ\u00e9ennes les plus dynamiques de l'industrie du tr\u00e9filage.<\/p>\n<p style=\"text-align: justify;\">Cherchant constamment \u00e0 am\u00e9liorer ses processus de gestion afin que ses produits d\u00e9passent les attentes du client, <b>Fapricela, S.A.<\/b> assume pleinement ses responsabilit\u00e9s sociales, \u00e9conomiques et environnementales vis-\u00e0-vis de tous ceux qui contribuent \u00e0 son succ\u00e8s, en particulier ses collaborateurs, actionnaires, populations voisines et l'\u00c9tat.\n<\/p>\n<p style=\"text-align: justify;\">Certains des engagements pris par <b>Fapricela \u2013 Ind\u00fastria de Trefilaria, S.A.<\/b>, \u00e0 savoir:<\/p>\n<ul>\n<li style=\"text-align: justify;\">Am\u00e9liorer continuellement ses processus de gestion, ainsi que la formation constante de ses employ\u00e9s, consolidant ainsi les points forts, et utilisant l'identification des points faibles\/menaces pour \u00e9tablir des actions d'am\u00e9lioration;<\/li>\n<p><\/p>\n<li style=\"text-align: justify;\">Promouvoir une communication plus et mieux int\u00e9gr\u00e9e avec ses clients, afin d'identifier leurs besoins et de d\u00e9passer leurs attentes;<\/li>\n<p><\/p>\n<li style=\"text-align: justify;\">Respecter les exigences des normes NP EN ISO 9001 et, conform\u00e9ment \u00e0 une vision strat\u00e9gique, d\u00e9velopper les certifications et les homologations de ses produits sur le march\u00e9 mondial;<\/li>\n<p><\/p>\n<li style=\"text-align: justify;\">Pr\u00e9vention de la pollution r\u00e9sultante des activit\u00e9s de <b>Fapricela, S.A.<\/b> et le respect de toutes les exigences l\u00e9gales, ainsi que d'autres exigences assum\u00e9es, en termes de qualit\u00e9 et d'environnement;<\/li>\n<p><\/p>\n<li style=\"text-align: justify;\">Promouvoir un environnement de travail sain, et qui encourage la fraicheur professionnelle et la responsabilit\u00e9 de tous ceux qui travaillent chez (ou au nom de) <b>Fapricela, S.A.<\/b>, afin que chacun d'entre eux, dans les activit\u00e9s sous sa responsabilit\u00e9, garantisse le respect de la pr\u00e9sente Politique de Qualit\u00e9.<\/li>\n<p>\n<\/ul>\n<p style=\"text-align: justify; margin-top: 40px;\"><strong>L'ADMINISTRATION<\/strong><\/p>\n<p style=\"text-align: justify;\">27 F\u00e9vrier 2018<\/p><\/div>\n<\/div><!-- .row (end) -->\n<div class=\"content-page\"><\/div>","protected":false},"excerpt":{"rendered":"","protected":false},"author":100053844005,"featured_media":0,"parent":2032,"menu_order":0,"comment_status":"closed","ping_status":"closed","template":"page-fullwidth.php","meta":{"footnotes":""},"class_list":["post-2034","page","type-page","status-publish","hentry"],"_links":{"self":[{"href":"https:\/\/www.fapricela.pt\/fr\/wp-json\/wp\/v2\/pages\/2034","targetHints":{"allow":["GET"]}}],"collection":[{"href":"https:\/\/www.fapricela.pt\/fr\/wp-json\/wp\/v2\/pages"}],"about":[{"href":"https:\/\/www.fapricela.pt\/fr\/wp-json\/wp\/v2\/types\/page"}],"author":[{"embeddable":true,"href":"https:\/\/www.fapricela.pt\/fr\/wp-json\/wp\/v2\/users\/100053844005"}],"replies":[{"embeddable":true,"href":"https:\/\/www.fapricela.pt\/fr\/wp-json\/wp\/v2\/comments?post=2034"}],"version-history":[{"count":37,"href":"https:\/\/www.fapricela.pt\/fr\/wp-json\/wp\/v2\/pages\/2034\/revisions"}],"predecessor-version":[{"id":32524,"href":"https:\/\/www.fapricela.pt\/fr\/wp-json\/wp\/v2\/pages\/2034\/revisions\/32524"}],"up":[{"embeddable":true,"href":"https:\/\/www.fapricela.pt\/fr\/wp-json\/wp\/v2\/pages\/2032"}],"wp:attachment":[{"href":"https:\/\/www.fapricela.pt\/fr\/wp-json\/wp\/v2\/media?parent=2034"}],"curies":[{"name":"wp","href":"https:\/\/api.w.org\/{rel}","templated":true}]}}