{"id":2016,"date":"2015-08-12T11:42:06","date_gmt":"2015-08-12T11:42:06","guid":{"rendered":"http:\/\/www.fapricela.pt\/?page_id=2016"},"modified":"2019-10-02T12:54:05","modified_gmt":"2019-10-02T11:54:05","slug":"grupo-fapricela-industria","status":"publish","type":"page","link":"https:\/\/www.fapricela.pt\/fr\/empresa\/grupo-fapricela-industria\/","title":{"rendered":"Groupe Fapricela Industrie"},"content":{"rendered":"<div class=\"row \">\n<div class=\"span12 \"><img decoding=\"async\" src=\"http:\/\/www.fapricela.pt\/wp-content\/uploads\/2015\/08\/Fapricela_Industria1.png\" alt=\"Fapricela_Industria\" height=\"183\" class=\"alignleft size-full wp-image-2024\"style=\"width: 300px; border-radius: 15px 15px 15px 15px; box-shadow: 0px 1px 20px 2px black; -webkit-box-shadow: 0px 1px 20px 2px black; -moz-box-shadow: 0px 1px 20px 2px black;\" srcset=\"https:\/\/www.fapricela.pt\/wp-content\/uploads\/2015\/08\/Fapricela_Industria1.png 383w, https:\/\/www.fapricela.pt\/wp-content\/uploads\/2015\/08\/Fapricela_Industria1-300x143.png 300w\" sizes=\"(max-width: 383px) 100vw, 383px\" \/><\/p>\n<p style=\"text-align: justify;\"><strong>Fapricela \u2013 Ind\u00fastria de Trefilaria, S.A.<\/strong>, soci\u00e9t\u00e9 familiale fond\u00e9e en 1977, a commenc\u00e9 son activit\u00e9 principalement d\u00e9di\u00e9e \u00e0 la fabrication de clous (pointes). Au fil des ann\u00e9es, associ\u00e9e \u00e0 sa progressive valorisation, de nouveaux produits ont \u00e9t\u00e9 int\u00e9gr\u00e9s dans leur activit\u00e9, r\u00e9sultat de l'\u00e9volution des exigences du march\u00e9: grillage, fil plastifi\u00e9 et galvanis\u00e9, treillis soud\u00e9, fil d'acier et toron pour pr\u00e9 et postcontrainte \u00e0 basse relaxation et fil d'acier \u00e0 ressorts.\n<\/p>\n<p style=\"text-align: justify;\">En effet, tout au long de son histoire, cette soci\u00e9t\u00e9 a toujours repos\u00e9 son activit\u00e9 sur la qualit\u00e9 des produits, sur un investissement continu, pariant sur la conjugaison de l'innovation avec la haute technologie (automatisation des \u00e9quipements), et encore sur un contr\u00f4le syst\u00e9matique de qualit\u00e9. C'est la somme de tous ces facteurs coordonn\u00e9s qui permettent actuellement de s'assumer comme l'une des plus grandes Tr\u00e9filerie d'Europe, avec une production destin\u00e9e aux march\u00e9s internes et externes, et avec un chiffre d'affaires d'environ \u20ac 125.000.000, par opposition au \u20ac 9980 factur\u00e9e la premi\u00e8re ann\u00e9e, en 1977.\n<\/p>\n<p style=\"text-align: justify;\">Les installations Fapricela occupent aujourd'hui une surface couverte de 90.000m\u00b2, comprenant 200.000m\u00b2 de terres environnantes, et employant actuellement pr\u00e8s de 320 travailleurs. Fapricela SA se raffermis comme l'un des plus grands employeurs de la r\u00e9gion centre, qui, avec l'aide et les efforts d'une gestion financi\u00e8re cibl\u00e9e, s'assume de plus en plus l'id\u00e9al de produire avec qualit\u00e9 satisfaisant les exigences.\n<\/p>\n<h5>Ibermetais Ind\u00fastria de Trefilagem<\/h5>\n<p><img decoding=\"async\" src=\"http:\/\/www.fapricela.pt\/wp-content\/uploads\/2015\/08\/entrada-ibermetais.png\" alt=\"entrada-ibermetais\" height=\"247\" class=\"alignright size-full wp-image-2030\" srcset=\"https:\/\/www.fapricela.pt\/wp-content\/uploads\/2015\/08\/entrada-ibermetais.png 370w, https:\/\/www.fapricela.pt\/wp-content\/uploads\/2015\/08\/entrada-ibermetais-300x200.png 300w\" sizes=\"(max-width: 370px) 100vw, 370px\" \/><\/p>\n<p style=\"text-align: justify;\">En Juin 2007, Groupe Fapricela Industrie a acquis la soci\u00e9t\u00e9 Ibermetais, Ind\u00fastria de Trefilagem S.A., fond\u00e9e en 1971. Situ\u00e9 \u00e0 Freamunde - Pa\u00e7os de Ferreira, celle-ci se d\u00e9die \u00e0 l'activit\u00e9 de tr\u00e9filage d'acier solide (non reli\u00e9) et aux produits en faible teneur de carbone (Fil d'Acier Brut et Recuit).<\/p>\n<p style=\"text-align: justify;\">Etant l'une des plus anciennes entreprises de la r\u00e9gion, la soci\u00e9t\u00e9 emploie actuellement 93 travailleurs, ayant une surface couverte de 10.000m\u00b2 et 40.000m\u00b2 de terres environnantes. En 2015, Ibermetais a atteint un chiffre d'affaires de \u20ac 15.000.000, soit que 60% de sa production est destin\u00e9e \u00e0 l'exportation.\n<\/p><\/div>\n<\/div><!-- .row (end) -->\n<div class=\"content-page\"><\/div>","protected":false},"excerpt":{"rendered":"","protected":false},"author":100053844005,"featured_media":0,"parent":1997,"menu_order":0,"comment_status":"closed","ping_status":"closed","template":"page-fullwidth.php","meta":{"footnotes":""},"class_list":["post-2016","page","type-page","status-publish","hentry"],"_links":{"self":[{"href":"https:\/\/www.fapricela.pt\/fr\/wp-json\/wp\/v2\/pages\/2016","targetHints":{"allow":["GET"]}}],"collection":[{"href":"https:\/\/www.fapricela.pt\/fr\/wp-json\/wp\/v2\/pages"}],"about":[{"href":"https:\/\/www.fapricela.pt\/fr\/wp-json\/wp\/v2\/types\/page"}],"author":[{"embeddable":true,"href":"https:\/\/www.fapricela.pt\/fr\/wp-json\/wp\/v2\/users\/100053844005"}],"replies":[{"embeddable":true,"href":"https:\/\/www.fapricela.pt\/fr\/wp-json\/wp\/v2\/comments?post=2016"}],"version-history":[{"count":48,"href":"https:\/\/www.fapricela.pt\/fr\/wp-json\/wp\/v2\/pages\/2016\/revisions"}],"predecessor-version":[{"id":26858,"href":"https:\/\/www.fapricela.pt\/fr\/wp-json\/wp\/v2\/pages\/2016\/revisions\/26858"}],"up":[{"embeddable":true,"href":"https:\/\/www.fapricela.pt\/fr\/wp-json\/wp\/v2\/pages\/1997"}],"wp:attachment":[{"href":"https:\/\/www.fapricela.pt\/fr\/wp-json\/wp\/v2\/media?parent=2016"}],"curies":[{"name":"wp","href":"https:\/\/api.w.org\/{rel}","templated":true}]}}