{"id":2012,"date":"2015-08-12T11:39:34","date_gmt":"2015-08-12T11:39:34","guid":{"rendered":"http:\/\/www.fapricela.pt\/?page_id=2012"},"modified":"2019-10-02T12:19:10","modified_gmt":"2019-10-02T11:19:10","slug":"missao-e-valores","status":"publish","type":"page","link":"https:\/\/www.fapricela.pt\/fr\/empresa\/missao-e-valores\/","title":{"rendered":"Mission et Valeurs"},"content":{"rendered":"<div class=\"row \">\n<div class=\"span12 \"><p style=\"text-align: justify;\">FAPRICELA - Ind\u00fastria de Trefilaria, S.A. a initi\u00e9 son activit\u00e9 industrielle en 1977, commen\u00e7ant par se d\u00e9dier uniquement \u00e0 la fabrication de pointes. Pendant ces ann\u00e9es, sa progressive valorisation lui a permis d'int\u00e9grer dans son activit\u00e9 plusieurs produits, \u00e0 savoir:<\/p>\n<ul>\n<li style=\"text-align: justify;\">Fil de Fer en Acier (Clair, Galvanis\u00e9, Recuit, Plastifi\u00e9 et Barbel\u00e9);<\/li>\n<li style=\"text-align: justify;\">Grillage Simple Torsion (Galvanis\u00e9, Plastifi\u00e9 et Nou\u00e9);<\/li>\n<li style=\"text-align: justify;\">Treillis soud\u00e9s.<\/li>\n<\/ul>\n<p><\/p>\n<p style=\"text-align: justify;\">FAPRICELA - Ind\u00fastria de Trefilaria S.A. est une soci\u00e9t\u00e9 avec une tradition industrielle, avec une philosophie de croissance et modernisation, avec des objectifs bien d\u00e9finis et o\u00f9 l'innovation technique et commerciale sont d\u00e9terminantes pour son d\u00e9veloppement. C'est en 1995 que Fapricela a eu une \u00e9norme propulsion, avec un programme d'investissements de pr\u00e8s de 2 milliards d'escudos (ancienne monnaie), lors du d\u00e9but de la fabrication de Fil d'Acier de haute r\u00e9sistance, \u00e0 savoir:<\/p>\n<ul>\n<li style=\"text-align: justify;\">Fil d'Acier pour pr\u00e9contrainte \u00e0 basse relaxation;<\/li>\n<li style=\"text-align: justify;\">Toron \u00e0 7 fils pour pr\u00e9 et postcontrainte \u00e0 basse relaxation.<\/li>\n<\/ul>\n<p><\/p>\n<p style=\"text-align: justify;\">FAPRICELA, S.A. produit une gamme de produit qui peut \u00eatre consid\u00e9rer inhabituellement assez vaste, et est tr\u00e8s fi\u00e8re d'\u00eatre la premi\u00e8re soci\u00e9t\u00e9 au Portugal \u00e0 produire le toron \u00e0 7 fils pour pr\u00e9 et postcontrainte \u00e0 basse relaxation.<\/p><\/div>\n<\/div><!-- .row (end) -->\n<div class=\"content-page\"><\/div>","protected":false},"excerpt":{"rendered":"","protected":false},"author":100053844005,"featured_media":0,"parent":1997,"menu_order":0,"comment_status":"closed","ping_status":"closed","template":"page-fullwidth.php","meta":{"footnotes":""},"class_list":["post-2012","page","type-page","status-publish","hentry"],"_links":{"self":[{"href":"https:\/\/www.fapricela.pt\/fr\/wp-json\/wp\/v2\/pages\/2012","targetHints":{"allow":["GET"]}}],"collection":[{"href":"https:\/\/www.fapricela.pt\/fr\/wp-json\/wp\/v2\/pages"}],"about":[{"href":"https:\/\/www.fapricela.pt\/fr\/wp-json\/wp\/v2\/types\/page"}],"author":[{"embeddable":true,"href":"https:\/\/www.fapricela.pt\/fr\/wp-json\/wp\/v2\/users\/100053844005"}],"replies":[{"embeddable":true,"href":"https:\/\/www.fapricela.pt\/fr\/wp-json\/wp\/v2\/comments?post=2012"}],"version-history":[{"count":19,"href":"https:\/\/www.fapricela.pt\/fr\/wp-json\/wp\/v2\/pages\/2012\/revisions"}],"predecessor-version":[{"id":26854,"href":"https:\/\/www.fapricela.pt\/fr\/wp-json\/wp\/v2\/pages\/2012\/revisions\/26854"}],"up":[{"embeddable":true,"href":"https:\/\/www.fapricela.pt\/fr\/wp-json\/wp\/v2\/pages\/1997"}],"wp:attachment":[{"href":"https:\/\/www.fapricela.pt\/fr\/wp-json\/wp\/v2\/media?parent=2012"}],"curies":[{"name":"wp","href":"https:\/\/api.w.org\/{rel}","templated":true}]}}