{"id":14,"date":"2015-08-12T12:17:05","date_gmt":"2015-08-12T11:17:05","guid":{"rendered":"http:\/\/192.168.9.29\/Development\/TB\/?page_id=14"},"modified":"2023-01-27T09:17:47","modified_gmt":"2023-01-27T09:17:47","slug":"contactos","status":"publish","type":"page","link":"https:\/\/www.fapricela.pt\/fr\/contactos\/","title":{"rendered":"Contacts"},"content":{"rendered":"<div class=\"row \">\n<div class=\"span12 \"><iframe loading=\"lazy\" src=\"https:\/\/www.google.com\/maps\/embed?pb=!1m14!1m8!1m3!1d81909.35985024544!2d-8.54614052370713!3d40.27631005549437!3m2!1i1024!2i768!4f13.1!3m3!1m2!1s0xd2255ae532908bb%3A0x674b5db10d474c77!2sFapricela-ind%C3%BAstria%20de%20Trefilaria%2C%20S.A.!5e0!3m2!1spt-PT!2spt!4v1674754416894!5m2!1spt-PT!2spt\" width=\"100%\" height=\"300\" frameborder=\"0\" style=\"border: 1px #ccc solid;\" allowfullscreen><\/iframe><br \/><\/div>\n<div class=\"span4 \"><h3>Information<\/h3>\n<h5>Pour toute question ou commentaires, n'h\u00e9sitez pas \u00e0 nous contacter, notre \u00e9quipe se trouve toujours \u00e0 votre disposition.<\/h5>\n<address>\n<strong>FAPRICELA, Ind\u00fastria de Trefilaria, S.A.<br \/>\nManga da Granja<br \/>\n3060-071 An\u00e7\u00e3<br \/>\nPortugal<\/strong><\/p>\n<p><strong>T\u00e9l\u00e9phone(G\u00e9n\u00e9ral):<\/strong> +351 239 960 130<br \/><span style=\"font-size: 12px;\">(Appel \u00e0 la ligne fixe nationale)<\/span><\/p>\n<p><strong>FAX(D\u00e9p. Commercial):<\/strong> +351 239 960 139<br \/><span style=\"font-size: 12px;\">(Appel \u00e0 la ligne fixe nationale)<\/span><br \/>\n<strong>FAX(D\u00e9p. Finances):<\/strong> +351 239 960 138<br \/><span style=\"font-size: 12px;\">(Appel \u00e0 la ligne fixe nationale)<\/span><\/p>\n<p><strong>GPS:<\/strong> 40.26571, -8.50451<\/p>\n<p><strong>E-mail:<\/strong> <a href=\"mailto:dep.comercial@fapricela.pt\">dep.comercial@fapricela.pt<\/a><br \/>\n<\/address><!-- address (end) --><\/div>\n<div class=\"span8 \"><h3>Formulaire de Contact<\/h3>\n\n<div class=\"wpcf7 no-js\" id=\"wpcf7-f3478-o4\" lang=\"pt-PT\" dir=\"ltr\" data-wpcf7-id=\"3478\">\n<div class=\"screen-reader-response\"><p role=\"status\" aria-live=\"polite\" aria-atomic=\"true\"><\/p> <ul><\/ul><\/div>\n<form action=\"\/fr\/wp-json\/wp\/v2\/pages\/14#wpcf7-f3478-o4\" method=\"post\" class=\"wpcf7-form init\" aria-label=\"Formul\u00e1rio de contacto\" novalidate=\"novalidate\" data-status=\"init\">\n<fieldset class=\"hidden-fields-container\"><input type=\"hidden\" name=\"_wpcf7\" value=\"3478\" \/><input type=\"hidden\" name=\"_wpcf7_version\" value=\"6.1.5\" \/><input type=\"hidden\" name=\"_wpcf7_locale\" value=\"pt_PT\" \/><input type=\"hidden\" name=\"_wpcf7_unit_tag\" value=\"wpcf7-f3478-o4\" \/><input type=\"hidden\" name=\"_wpcf7_container_post\" value=\"0\" \/><input type=\"hidden\" name=\"_wpcf7_posted_data_hash\" value=\"\" \/><input type=\"hidden\" name=\"_wpcf7_recaptcha_response\" value=\"\" \/>\n<\/fieldset>\n<div class=\"row-fluid\">\n\t<p class=\"span4 field\"><span class=\"wpcf7-form-control-wrap\" data-name=\"your-name\"><input size=\"40\" maxlength=\"400\" class=\"wpcf7-form-control wpcf7-text wpcf7-validates-as-required\" aria-required=\"true\" aria-invalid=\"false\" placeholder=\"Nom:\" value=\"\" type=\"text\" name=\"your-name\" \/><\/span>\n\t<\/p>\n\t<p class=\"span4 field\"><span class=\"wpcf7-form-control-wrap\" data-name=\"your-email\"><input size=\"40\" maxlength=\"400\" class=\"wpcf7-form-control wpcf7-email wpcf7-validates-as-required wpcf7-text wpcf7-validates-as-email\" aria-required=\"true\" aria-invalid=\"false\" placeholder=\"E-mail:\" value=\"\" type=\"email\" name=\"your-email\" \/><\/span>\n\t<\/p>\n\t<p class=\"span4 field\"><span class=\"wpcf7-form-control-wrap\" data-name=\"your-phone\"><input size=\"9\" maxlength=\"9\" class=\"wpcf7-form-control wpcf7-tel wpcf7-text wpcf7-validates-as-tel\" aria-invalid=\"false\" placeholder=\"T\u00e9l\u00e9phone:\" value=\"\" type=\"tel\" name=\"your-phone\" \/><\/span>\n\t<\/p>\n<\/div>\n<p class=\"field\"><span class=\"wpcf7-form-control-wrap\" data-name=\"your-subject\"><input size=\"40\" maxlength=\"400\" class=\"wpcf7-form-control wpcf7-text wpcf7-validates-as-required\" aria-required=\"true\" aria-invalid=\"false\" placeholder=\"Sujet:\" value=\"\" type=\"text\" name=\"your-subject\" \/><\/span>\n<\/p>\n<p class=\"field\"><span class=\"wpcf7-form-control-wrap\" data-name=\"your-message\"><textarea cols=\"40\" rows=\"10\" maxlength=\"2000\" class=\"wpcf7-form-control wpcf7-textarea wpcf7-validates-as-required\" aria-required=\"true\" aria-invalid=\"false\" placeholder=\"Message:\" name=\"your-message\"><\/textarea><\/span>\n<\/p>\n<div class=\"row-fluid\">\n\t<div id=\"btn-aceitacao\" class=\"span12 field\">\n\t\t<p><span style=\"float: left;\"><span class=\"wpcf7-form-control-wrap\" data-name=\"acceptance-866\"><span class=\"wpcf7-form-control wpcf7-acceptance\"><span class=\"wpcf7-list-item\"><input type=\"checkbox\" name=\"acceptance-866\" value=\"1\" aria-invalid=\"false\" \/><\/span><\/span><\/span><\/span><span id=\"textAceitacao\">Lu et approuv\u00e9 la <a href=\"http:\/\/www.fapricela.pt\/fr\/politica-de-privacidade-e-proteccao-de-dados-pessoais\/\" target=\"_blank\">Politique de confidentialit\u00e9 et la Protection des donn\u00e9es personnelles<\/a> de ce site.<\/span>\n\t\t<\/p>\n\t<\/div>\n<\/div>\n<p class=\"submit-wrap\"><input type=\"reset\" value=\"effacer\" class=\"btn btn-primary\" \/><input class=\"wpcf7-form-control wpcf7-submit has-spinner btn btn-primary\" type=\"submit\" value=\"envoyer\" \/>\n<\/p><div class=\"wpcf7-response-output\" aria-hidden=\"true\"><\/div>\n<\/form>\n<\/div>\n<\/div>\n<\/div><!-- .row (end) -->","protected":false},"excerpt":{"rendered":"","protected":false},"author":100053844005,"featured_media":0,"parent":0,"menu_order":6,"comment_status":"closed","ping_status":"closed","template":"page-fullwidth.php","meta":{"footnotes":""},"class_list":["post-14","page","type-page","status-publish","hentry"],"_links":{"self":[{"href":"https:\/\/www.fapricela.pt\/fr\/wp-json\/wp\/v2\/pages\/14","targetHints":{"allow":["GET"]}}],"collection":[{"href":"https:\/\/www.fapricela.pt\/fr\/wp-json\/wp\/v2\/pages"}],"about":[{"href":"https:\/\/www.fapricela.pt\/fr\/wp-json\/wp\/v2\/types\/page"}],"author":[{"embeddable":true,"href":"https:\/\/www.fapricela.pt\/fr\/wp-json\/wp\/v2\/users\/100053844005"}],"replies":[{"embeddable":true,"href":"https:\/\/www.fapricela.pt\/fr\/wp-json\/wp\/v2\/comments?post=14"}],"version-history":[{"count":87,"href":"https:\/\/www.fapricela.pt\/fr\/wp-json\/wp\/v2\/pages\/14\/revisions"}],"predecessor-version":[{"id":40200,"href":"https:\/\/www.fapricela.pt\/fr\/wp-json\/wp\/v2\/pages\/14\/revisions\/40200"}],"wp:attachment":[{"href":"https:\/\/www.fapricela.pt\/fr\/wp-json\/wp\/v2\/media?parent=14"}],"curies":[{"name":"wp","href":"https:\/\/api.w.org\/{rel}","templated":true}]}}