{"id":12773,"date":"2018-05-11T17:35:00","date_gmt":"2018-05-11T16:35:00","guid":{"rendered":"http:\/\/www.fapricela.pt\/?page_id=12773"},"modified":"2023-07-14T15:53:59","modified_gmt":"2023-07-14T14:53:59","slug":"portugal-2020","status":"publish","type":"page","link":"https:\/\/www.fapricela.pt\/fr\/portugal-2020\/","title":{"rendered":"Portugal 2020"},"content":{"rendered":"<div class=\"row \">\n<div class=\"span12 \"><img decoding=\"async\" src=\"https:\/\/www.fapricela.pt\/wp-content\/uploads\/2023\/06\/pt2020-compete.png\" alt=\"Compete 2020\" style=\"display: block; margin-left: auto; margin-right: auto;\"\/><br \/><\/div>\n<div class=\"span12 \"><h5 style=\"padding-top: 20px; text-decoration: underline;\">Identifica\u00e7\u00e3o do projeto<\/h5>\n<div style=\"padding-bottom: 10px; margin-top: -5px; text-align: justify;\">Projeto n.\u00ba 014498 | SI Inova\u00e7\u00e3o Empresarial \u2013 Produtiva<\/div>\n<div style=\"padding-bottom: 10px; text-align: justify;\">\n<h5 style=\"font-size: 16px;\">NOVO PROCESSO DE FABRICO DE ARAME PARA MOLAS<\/h5>\n<\/div>\n<div style=\"padding-bottom: 5px; text-align: justify;\"><b>Apoio no \u00e2mbito do Sistema de Incentivos:<\/b> 1.163.433,95\u20ac<\/div>\n<div style=\"padding-bottom: 5px; text-align: justify;\"><b>Objetivo principal:<\/b> O projeto visa alterar significativamente o processo global de produ\u00e7\u00e3o de Arame para Molas, atrav\u00e9s da aquisi\u00e7\u00e3o de equipamentos produtivos que s\u00e3o dotados da tecnologia mais moderna existente a n\u00edvel Mundial.<\/div>\n<div style=\"padding-bottom: 5px; text-align: justify;\"><b>Regi\u00e3o de interven\u00e7\u00e3o:<\/b> Centro<\/div>\n<div style=\"padding-bottom: 15px; text-align: justify;\"><b>Entidade benefici\u00e1ria:<\/b> Fapricela \u2013 Ind\u00fastria de Trefilaria, SA<\/div>\n<h5 style=\"text-decoration: underline;\">Informa\u00e7\u00e3o constante da aprova\u00e7\u00e3o<\/h5>\n<div style=\"padding-bottom: 5px; text-align: justify;\"><b>Data de aprova\u00e7\u00e3o:<\/b> 2016-04-05<\/div>\n<div style=\"padding-bottom: 5px; text-align: justify;\"><b>Data de in\u00edcio:<\/b> 2015-11-15<\/div>\n<div style=\"padding-bottom: 5px; text-align: justify;\"><b>Data de conclus\u00e3o:<\/b> 2017-11-14<\/div>\n<div style=\"padding-bottom: 5px; text-align: justify;\"><b>Custo total eleg\u00edvel:<\/b> 2.585.408,78\u20ac<\/div>\n<div style=\"padding-bottom: 15px; text-align: justify;\"><b>Apoio financeiro da Uni\u00e3o Europeia:<\/b> 1.163.433,95\u20ac<\/div>\n<h5 style=\"text-decoration: underline;\">Descri\u00e7\u00e3o do Projeto<\/h5>\n<p style=\"padding-bottom: 15px; text-align: justify;\">Com o presente investimento a Fapricela implementou uma nova unidade fabril dedicada \u00e0 fabrica\u00e7\u00e3o de arame para molas t\u00e9cnicas, produto inovador no Pa\u00eds. A tecnologia dos equipamentos \u00e9 da mais moderna a n\u00edvel Mundial.<\/p>\n<h5 style=\"padding-bottom: 5px; text-decoration: underline;\">Galeria de fotos do projeto<\/h5><\/div>\n<div class=\"span3 \"><div class=\"banner-wrap \"><figure class=\"featured-thumbnail\"><img decoding=\"async\" src=\"https:\/\/www.fapricela.pt\/wp-content\/uploads\/2023\/07\/img-portugal-2020-galeria-1.jpg\" title=\"\" alt=\"\" \/><\/figure><\/div><!-- .banner-wrap (end) --><\/div>\n<div class=\"span3 \"><div class=\"banner-wrap \"><figure class=\"featured-thumbnail\"><img decoding=\"async\" src=\"https:\/\/www.fapricela.pt\/wp-content\/uploads\/2023\/07\/img-portugal-2020-galeria-2.jpg\" title=\"\" alt=\"\" \/><\/figure><\/div><!-- .banner-wrap (end) --><\/div>\n<div class=\"span3 \"><div class=\"banner-wrap \"><figure class=\"featured-thumbnail\"><img decoding=\"async\" src=\"https:\/\/www.fapricela.pt\/wp-content\/uploads\/2023\/07\/img-portugal-2020-galeria-3.jpg\" title=\"\" alt=\"\" \/><\/figure><\/div><!-- .banner-wrap (end) --><\/div>\n<div class=\"span3 \"><div class=\"banner-wrap \"><figure class=\"featured-thumbnail\"><img decoding=\"async\" src=\"https:\/\/www.fapricela.pt\/wp-content\/uploads\/2023\/07\/img-portugal-2020-galeria-4.jpg\" title=\"\" alt=\"\" \/><\/figure><\/div><!-- .banner-wrap (end) --><\/div>\n<\/div><!-- .row (end) -->\n<div class=\"content-page\"><\/div>\n","protected":false},"excerpt":{"rendered":"","protected":false},"author":100053844005,"featured_media":0,"parent":0,"menu_order":0,"comment_status":"closed","ping_status":"closed","template":"page-fullwidth.php","meta":{"footnotes":""},"class_list":["post-12773","page","type-page","status-publish","hentry"],"_links":{"self":[{"href":"https:\/\/www.fapricela.pt\/fr\/wp-json\/wp\/v2\/pages\/12773","targetHints":{"allow":["GET"]}}],"collection":[{"href":"https:\/\/www.fapricela.pt\/fr\/wp-json\/wp\/v2\/pages"}],"about":[{"href":"https:\/\/www.fapricela.pt\/fr\/wp-json\/wp\/v2\/types\/page"}],"author":[{"embeddable":true,"href":"https:\/\/www.fapricela.pt\/fr\/wp-json\/wp\/v2\/users\/100053844005"}],"replies":[{"embeddable":true,"href":"https:\/\/www.fapricela.pt\/fr\/wp-json\/wp\/v2\/comments?post=12773"}],"version-history":[{"count":6,"href":"https:\/\/www.fapricela.pt\/fr\/wp-json\/wp\/v2\/pages\/12773\/revisions"}],"predecessor-version":[{"id":44394,"href":"https:\/\/www.fapricela.pt\/fr\/wp-json\/wp\/v2\/pages\/12773\/revisions\/44394"}],"wp:attachment":[{"href":"https:\/\/www.fapricela.pt\/fr\/wp-json\/wp\/v2\/media?parent=12773"}],"curies":[{"name":"wp","href":"https:\/\/api.w.org\/{rel}","templated":true}]}}