{"id":6520,"date":"2016-05-20T14:24:44","date_gmt":"2016-05-20T14:24:44","guid":{"rendered":"http:\/\/www.fapricela.pt\/?page_id=6520"},"modified":"2019-10-02T14:08:02","modified_gmt":"2019-10-02T13:08:02","slug":"controlo-da-qualidade","status":"publish","type":"page","link":"https:\/\/www.fapricela.pt\/es\/qualidade\/controlo-da-qualidade\/","title":{"rendered":"Control de Calidad"},"content":{"rendered":"<div class=\"row \">\n<div class=\"span12 \"><p style=\"text-align: justify;\"><b>Fapricela, Industria de Trefilaria, S.A.<\/b>, es una empresa certificada de acuerdo con la ISSO 9001:2000 y tiene a su disposici\u00f3n uno de los mas completos networks de laboratorios internos dedicados a cada segmento de productos.\n<\/p>\n<p style=\"text-align: justify;\">El control de calidad incide principalmente en las siguientes fases productivas, de acuerdo con los procedimientos e instrucciones de trabajo en el sistema de gesti\u00f3n de Fapricela:<\/p>\n<ul>\n<li style=\"text-align: justify;\"><strong>Control de materias primas:<\/strong> Las materias primas son exhaustivamente examinadas para comprobar que son aptas y tienen las caracter\u00edsticas de calidad necesarias para ser utilizados en los procesos de fabricaci\u00f3n, siendo los proveedores peri\u00f3dicamente evaluados por Fapricela, S.A., con el fin de asegurar que se est\u00e1n cumpliendo con los patrones de calidad establecidos por Fapricela.\n        <\/li>\n<p><\/p>\n<ul>\n<li style=\"text-align: justify;\">Ensayos de alambr\u00f3n(seg\u00fan los requisitos de los contratos con los proveedores):<\/li>\n<div class=\"list styled check-list\">\n                         <\/p>\n<ul>\n<li style=\"text-align: justify;\">Rm, \u00d8, estricci\u00f3n.<\/li>\n<\/ul><\/div>\n<li style=\"text-align: justify;\">Ensayos de otras materias primas en consonancia con los requisitos de compra:<\/li>\n<div class=\"list styled check-list\">\n                         <\/p>\n<ul>\n<li style=\"text-align: justify;\">\u00d8, peso, capa de Zinc, adherencia, Rm;<\/li>\n<li style=\"text-align: justify;\">Densidad PVC.<\/li>\n<\/ul><\/div>\n<\/ul>\n<li style=\"text-align: justify;\"><strong>Control del producto intermedio:<\/strong> De modo que podamos garantizar un producto final con las caracter\u00edsticas pretendidas por el cliente. Los productos intermedios son controlados por criterios internos consolidados por el \u201cknow-how\u201d obtenido a lo largo de los a\u00f1os de investigaci\u00f3n sobre los procesos internos de Fapricela.\n        <\/li>\n<p><\/p>\n<ul>\n<li style=\"text-align: justify; margin-bottom: 15px;\">Ensayo de tracci\u00f3n \/ Caracter\u00edsticas geom\u00e9tricas (de acuerdo con las especificaciones internas, o requisitos normativos, en su caso).<\/li>\n<\/ul>\n<li style=\"text-align: justify;\"><strong>Control de producto final:<\/strong> El compromiso b\u00e1sico de Fapricela es garantizar la satisfacci\u00f3n total de las expectativas del cliente y siempre que es posible superarlas. Para eso los productos finales son rigurosamente controlados en todas las caracter\u00edsticas identificadas por las Normas y los requisitos del cliente, por lo que los trabajadores del departamento de Calidad disponen de la competencia e imparcialidad necesarias para asegurar que las necesidades de los clientes son nuestra regla de trabajo.\n        <\/li>\n<p><\/p>\n<ul>\n<li style=\"text-align: justify; margin-bottom: 10px;\">Ensayos de tracci\u00f3n\/caracterisiticas geom\u00e9tricas(de acuerdo con la norma de producto y\/o especificaciones del cliente);<\/li>\n<li style=\"text-align: justify;\">Ensayos de control continuo:<\/li>\n<div class=\"list styled check-list\">\n                         <\/p>\n<ul>\n<li style=\"text-align: justify;\">Relajaci\u00f3n, fatiga, tracci\u00f3n desviada, corrosi\u00f3n sobre tensi\u00f3n;<\/li>\n<li style=\"text-align: justify;\">Ensayos de HDPE \u2013 impermiabilidad, resistencia al choque, fuerza de deslizamiento.<\/li>\n<\/ul><\/div>\n<\/ul>\n<\/ul>\n<p><img loading=\"lazy\" decoding=\"async\" src=\"http:\/\/www.fapricela.pt\/wp-content\/uploads\/2016\/05\/img-controlo-da-qualidade.png\" alt=\"img-controlo-da-qualidade\" width=\"1272\" height=\"351\" class=\"aligncenter size-full wp-image-6569\" \/><\/p>\n<div class=\"content-page\"><\/div><\/div>\n<\/div><!-- .row (end) -->","protected":false},"excerpt":{"rendered":"","protected":false},"author":100053844005,"featured_media":0,"parent":2032,"menu_order":0,"comment_status":"closed","ping_status":"closed","template":"page-fullwidth.php","meta":{"footnotes":""},"class_list":["post-6520","page","type-page","status-publish","hentry"],"_links":{"self":[{"href":"https:\/\/www.fapricela.pt\/es\/wp-json\/wp\/v2\/pages\/6520","targetHints":{"allow":["GET"]}}],"collection":[{"href":"https:\/\/www.fapricela.pt\/es\/wp-json\/wp\/v2\/pages"}],"about":[{"href":"https:\/\/www.fapricela.pt\/es\/wp-json\/wp\/v2\/types\/page"}],"author":[{"embeddable":true,"href":"https:\/\/www.fapricela.pt\/es\/wp-json\/wp\/v2\/users\/100053844005"}],"replies":[{"embeddable":true,"href":"https:\/\/www.fapricela.pt\/es\/wp-json\/wp\/v2\/comments?post=6520"}],"version-history":[{"count":14,"href":"https:\/\/www.fapricela.pt\/es\/wp-json\/wp\/v2\/pages\/6520\/revisions"}],"predecessor-version":[{"id":26862,"href":"https:\/\/www.fapricela.pt\/es\/wp-json\/wp\/v2\/pages\/6520\/revisions\/26862"}],"up":[{"embeddable":true,"href":"https:\/\/www.fapricela.pt\/es\/wp-json\/wp\/v2\/pages\/2032"}],"wp:attachment":[{"href":"https:\/\/www.fapricela.pt\/es\/wp-json\/wp\/v2\/media?parent=6520"}],"curies":[{"name":"wp","href":"https:\/\/api.w.org\/{rel}","templated":true}]}}