{"id":4260,"date":"2016-02-02T09:06:51","date_gmt":"2016-02-02T09:06:51","guid":{"rendered":"http:\/\/www.fapricela.pt\/?page_id=4260"},"modified":"2024-03-26T11:50:30","modified_gmt":"2024-03-26T11:50:30","slug":"baixo-carbono","status":"publish","type":"page","link":"https:\/\/www.fapricela.pt\/es\/produtos\/baixo-carbono\/","title":{"rendered":"Bajo Carbono"},"content":{"rendered":"<div class=\"row \">\n<div class=\"span3 \"><div class=\"banner-wrap \"><figure class=\"featured-thumbnail\"><a href=\"http:\/\/www.fapricela.pt\/es\/portfolio-view\/rede-electrossoldada\/\" title=\"Malla Electrosoldada\" class=\"darkbox\"><img decoding=\"async\" src=\"https:\/\/www.fapricela.pt\/wp-content\/uploads\/2016\/02\/img-malha.png\" title=\"Malla Electrosoldada\" alt=\"\" \/>\n<span class=\"zoom-icon\"><\/span>\n<\/a><\/figure><h5>Malla Electrosoldada<\/h5><p>Armaduras pasivas producidas mediante un proceso de soldadura por puntos en las barras de acero (grafil), con superficie corrugada, obtenidos por un proceso de endurecimiento en frio (laminado), a partir de alambr\u00f3n liso.<\/p><\/div><!-- .banner-wrap (end) --><\/div>\n<div class=\"span3 \"><div class=\"banner-wrap \"><figure class=\"featured-thumbnail\"><a href=\"http:\/\/www.fapricela.pt\/es\/portfolio-view\/bobines\/\" title=\"Bobinas\" class=\"darkbox\"><img decoding=\"async\" src=\"https:\/\/www.fapricela.pt\/wp-content\/uploads\/2016\/02\/img-bobines.png\" title=\"Bobinas\" alt=\"\" \/>\n<span class=\"zoom-icon\"><\/span>\n<\/a><\/figure><h5>Bobinas<\/h5><p>Estas bobinas tienen alta ductilidad. Ofrecen caracter\u00edsticas mec\u00e1nicas homog\u00e9neas para garantizar un rendimiento excelente en cualquier tipo de construcci\u00f3n y cualquier \u00e1rea geogr\u00e1fica.<\/p><\/div><!-- .banner-wrap (end) --><\/div>\n<div class=\"span3 \"><div class=\"banner-wrap \"><figure class=\"featured-thumbnail\"><a href=\"http:\/\/www.fapricela.pt\/es\/portfolio-view\/varetas\/\" title=\"Varillas\" class=\"darkbox\"><img decoding=\"async\" src=\"https:\/\/www.fapricela.pt\/wp-content\/uploads\/2016\/02\/img-barras.png\" title=\"Varillas\" alt=\"\" \/>\n<span class=\"zoom-icon\"><\/span>\n<\/a><\/figure><h5>Varillas<\/h5><p>La varilla es producida por un proceso de endurecimiento en frio (laminado), a partir de alambr\u00f3n liso, realiz\u00e1ndose posteriormente una impresi\u00f3n de un perfil corrugado. Este perfil est\u00e1 compuesto por corrugas transversales en 3 planos.<\/p><\/div><!-- .banner-wrap (end) --><\/div>\n<div class=\"span3 \"><div class=\"banner-wrap \"><figure class=\"featured-thumbnail\"><a href=\"http:\/\/www.fapricela.pt\/es\/portfolio-view\/trelicas\/\" title=\"Celosia\" class=\"darkbox\"><img decoding=\"async\" src=\"https:\/\/www.fapricela.pt\/wp-content\/uploads\/2016\/02\/img-trelicas.png\" title=\"Celosia\" alt=\"\" \/>\n<span class=\"zoom-icon\"><\/span>\n<\/a><\/figure><h5>Celosia<\/h5><p>Celos\u00edas fabricadas para garantizar un soporte rectil\u00edneo con altura uniforme. Armaduras pasivas obtenidas por un proceso de soldadura por puntos, con forma de prisma triangular, estando constituida por 3 barras ...<\/p><\/div><!-- .banner-wrap (end) --><\/div>\n<\/div><!-- .row (end) -->\n<div class=\"row \">\n<div class=\"span3 \"><div class=\"banner-wrap \"><figure class=\"featured-thumbnail\"><a href=\"http:\/\/www.fapricela.pt\/es\/produtos\/baixo-carbono\/prego\/\" title=\"Puntas\" class=\"darkbox\"><img decoding=\"async\" src=\"https:\/\/www.fapricela.pt\/wp-content\/uploads\/2016\/01\/img-produto-prego.png\" title=\"Puntas\" alt=\"\" \/>\n<span class=\"zoom-icon\"><\/span>\n<\/a><\/figure><h5>Puntas<\/h5><p>Elemento de conexi\u00f3n constituido por un cuerpo de metal con un extremo afilado, que se utiliza para la uni\u00f3n o fijaci\u00f3n de partes de un objeto, preferiblemente en madera.<\/p><\/div><!-- .banner-wrap (end) --><\/div>\n<div class=\"span3 \"><div class=\"banner-wrap \"><figure class=\"featured-thumbnail\"><a href=\"http:\/\/www.fapricela.pt\/es\/produtos\/baixo-carbono\/rede-elastica-de-malha-solta\/\" title=\"Malla Simple Torsi\u00f3n\" class=\"darkbox\"><img decoding=\"async\" src=\"https:\/\/www.fapricela.pt\/wp-content\/uploads\/2016\/02\/img-chain-link-fencing.png\" title=\"Malla Simple Torsi\u00f3n\" alt=\"\" \/>\n<span class=\"zoom-icon\"><\/span>\n<\/a><\/figure><h5>Malla Simple Torsi\u00f3n<\/h5><p>Esta malla es seguramente la m\u00e1s utilizada y vers\u00e1til, se produce con un patr\u00f3n de calidad elevado, y se adapta f\u00e1cilmente a varios tipos de utilizaciones y aplicaciones.<\/p><\/div><!-- .banner-wrap (end) --><\/div>\n<div class=\"span3 \"><div class=\"banner-wrap \"><figure class=\"featured-thumbnail\"><a href=\"http:\/\/www.fapricela.pt\/es\/portfolio-view\/rede-no-ovina\/\" title=\"Malla Anudada (Ganadera)\" class=\"darkbox\"><img decoding=\"async\" src=\"https:\/\/www.fapricela.pt\/wp-content\/uploads\/2016\/02\/img-galvanized-hingle-joint-farm-fencing.png\" title=\"Malla Anudada (Ganadera)\" alt=\"\" \/>\n<span class=\"zoom-icon\"><\/span>\n<\/a><\/figure><h5>Malla Anudada (Ganadera)<\/h5><p>Como caracter\u00edstica principal este producto tiene una elevada elasticidad que permite a los animales apoyarse sobre la malla y esta despu\u00e9s volver a su posici\u00f3n inicial, manteniendo la forma original y tensi\u00f3n.<\/p><\/div><!-- .banner-wrap (end) --><\/div>\n<div class=\"span3 \"><div class=\"banner-wrap \"><figure class=\"featured-thumbnail\"><a href=\"http:\/\/www.fapricela.pt\/es\/produtos\/baixo-carbono\/arame-plastificado-e-galvanizado\/\" title=\"Alambre Plastificado y Galvanizado\" class=\"darkbox\"><img decoding=\"async\" src=\"https:\/\/www.fapricela.pt\/wp-content\/uploads\/2016\/02\/prd-arame-plastificado-galvanizado.png\" title=\"Alambre Plastificado y Galvanizado\" alt=\"\" \/>\n<span class=\"zoom-icon\"><\/span>\n<\/a><\/figure><h5>Alambre Plastificado y Galvanizado<\/h5><p>Son producidos a partir de alambres galvanizados para una mejor protecci\u00f3n contra la corrosi\u00f3n. El alambre de acero es cubierto con PVC atreves de extrusi\u00f3n.<\/p><\/div><!-- .banner-wrap (end) --><\/div>\n<\/div><!-- .row (end) -->\n<div class=\"row \">\n<div class=\"span3 \"><div class=\"banner-wrap \"><figure class=\"featured-thumbnail\"><a href=\"http:\/\/www.fapricela.pt\/es\/produtos\/baixo-carbono\/arame-farpado-e-torcido\/\" title=\"Alambre de Espino y Retorcido\" class=\"darkbox\"><img decoding=\"async\" src=\"https:\/\/www.fapricela.pt\/wp-content\/uploads\/2016\/02\/img-arame-farpado-torcido.png\" title=\"Alambre de Espino y Retorcido\" alt=\"\" \/>\n<span class=\"zoom-icon\"><\/span>\n<\/a><\/figure><h5>Alambre de Espino y Retorcido<\/h5><p>Se fabrica con p\u00faas dispuestas a intervalos a lo largo del alambre. Se utiliza en la construcci\u00f3n de cerramientos para terrenos o en lo alto de paredes circundantes de la propiedad.<\/p><\/div><!-- .banner-wrap (end) --><\/div>\n<div class=\"span3 \"><div class=\"banner-wrap \"><figure class=\"featured-thumbnail\"><a href=\"http:\/\/www.fapricela.pt\/es\/produtos\/baixo-carbono\/fibras\/\" title=\"Fibras\" class=\"darkbox\"><img decoding=\"async\" src=\"https:\/\/www.fapricela.pt\/wp-content\/uploads\/2016\/01\/img-produto-fibras.png\" title=\"Fibras\" alt=\"\" \/>\n<span class=\"zoom-icon\"><\/span>\n<\/a><\/figure><h5>Fibras<\/h5><p>Elementos deformados provenientes de alambre de acero de bajo contenido de carbono, estirado en fr\u00edo. Tienen la capacidad de hacer el enlace del concreto asociado a los materiales tradicionales.<\/p><\/div><!-- .banner-wrap (end) --><\/div>\n<div class=\"span3 \"><div class=\"banner-wrap \"><figure class=\"featured-thumbnail\"><a href=\"http:\/\/www.fapricela.pt\/es\/produtos\/baixo-carbono\/arame-recozido\/\" title=\"Alambre Recocido\" class=\"darkbox\"><img decoding=\"async\" src=\"https:\/\/www.fapricela.pt\/wp-content\/uploads\/2016\/01\/img-produto-arame-recozido.png\" title=\"Alambre Recocido\" alt=\"\" \/>\n<span class=\"zoom-icon\"><\/span>\n<\/a><\/figure><h5>Alambre Recocido<\/h5><p>Obtenido por medio de tratamiento t\u00e9rmico, el alambre se corta y se moldea m\u00e1s f\u00e1cilmente. Para uso dom\u00e9stico, la construcci\u00f3n y agricultura.<\/p><\/div><!-- .banner-wrap (end) --><\/div>\n<div class=\"span3 \"><div class=\"banner-wrap \"><figure class=\"featured-thumbnail\"><a href=\"http:\/\/www.fapricela.pt\/es\/produtos\/baixo-carbono\/arame-cru\/\" title=\"Alambre de Acero Brillante\" class=\"darkbox\"><img decoding=\"async\" src=\"https:\/\/www.fapricela.pt\/wp-content\/uploads\/2016\/01\/img-produto-arame-cru.png\" title=\"Alambre de Acero Brillante\" alt=\"\" \/>\n<span class=\"zoom-icon\"><\/span>\n<\/a><\/figure><h5>Alambre de Acero Brillante<\/h5><p>Alambre completamente limpio, libre de impurezas, lo que permite soldadura robotizada. Materiales de f\u00e1cil maquinaci\u00f3n y acabado cromado.<\/p><\/div><!-- .banner-wrap (end) --><\/div>\n<\/div><!-- .row (end) -->","protected":false},"excerpt":{"rendered":"","protected":false},"author":100053844005,"featured_media":0,"parent":2218,"menu_order":0,"comment_status":"closed","ping_status":"closed","template":"page-fullwidth.php","meta":{"footnotes":""},"class_list":["post-4260","page","type-page","status-publish","hentry"],"_links":{"self":[{"href":"https:\/\/www.fapricela.pt\/es\/wp-json\/wp\/v2\/pages\/4260","targetHints":{"allow":["GET"]}}],"collection":[{"href":"https:\/\/www.fapricela.pt\/es\/wp-json\/wp\/v2\/pages"}],"about":[{"href":"https:\/\/www.fapricela.pt\/es\/wp-json\/wp\/v2\/types\/page"}],"author":[{"embeddable":true,"href":"https:\/\/www.fapricela.pt\/es\/wp-json\/wp\/v2\/users\/100053844005"}],"replies":[{"embeddable":true,"href":"https:\/\/www.fapricela.pt\/es\/wp-json\/wp\/v2\/comments?post=4260"}],"version-history":[{"count":211,"href":"https:\/\/www.fapricela.pt\/es\/wp-json\/wp\/v2\/pages\/4260\/revisions"}],"predecessor-version":[{"id":49006,"href":"https:\/\/www.fapricela.pt\/es\/wp-json\/wp\/v2\/pages\/4260\/revisions\/49006"}],"up":[{"embeddable":true,"href":"https:\/\/www.fapricela.pt\/es\/wp-json\/wp\/v2\/pages\/2218"}],"wp:attachment":[{"href":"https:\/\/www.fapricela.pt\/es\/wp-json\/wp\/v2\/media?parent=4260"}],"curies":[{"name":"wp","href":"https:\/\/api.w.org\/{rel}","templated":true}]}}