{"id":4256,"date":"2016-02-02T09:05:20","date_gmt":"2016-02-02T09:05:20","guid":{"rendered":"http:\/\/www.fapricela.pt\/?page_id=4256"},"modified":"2019-10-03T16:31:12","modified_gmt":"2019-10-03T15:31:12","slug":"alto-carbono","status":"publish","type":"page","link":"https:\/\/www.fapricela.pt\/es\/produtos\/alto-carbono\/","title":{"rendered":"Alto Carbono"},"content":{"rendered":"<div class=\"row \">\n<div class=\"span3 \"><div class=\"banner-wrap \"><figure class=\"featured-thumbnail\"><a href=\"http:\/\/www.fapricela.pt\/es\/produtos\/alto-carbono\/cordao-de-aco-pre-pos-esforco\/\" title=\"Cord\u00f3n de Baja Relajaci\u00f3n\" class=\"darkbox\"><img decoding=\"async\" src=\"https:\/\/www.fapricela.pt\/wp-content\/uploads\/2016\/02\/img-pc-strand-7-wires.png\" title=\"Cord\u00f3n de Baja Relajaci\u00f3n\" alt=\"\" \/>\n<span class=\"zoom-icon\"><\/span>\n<\/a><\/figure><h5>Cord\u00f3n de Baja Relajaci\u00f3n<\/h5><p>El cord\u00f3n de acero de baja relajaci\u00f3n, de superficie lisa (seca o aceitada), se produce en bobinas debidamente identificadas, con un n\u00facleo duro en el cual se coloca tambi\u00e9n una etiqueta con la punta a utilizar.<\/p><\/div><!-- .banner-wrap (end) --><\/div>\n<div class=\"span3 \"><div class=\"banner-wrap \"><figure class=\"featured-thumbnail\"><a href=\"http:\/\/www.fapricela.pt\/es\/produtos\/alto-carbono\/cordao-auto-embainhado\/\" title=\"Cord\u00f3n Autoenvainado\" class=\"darkbox\"><img decoding=\"async\" src=\"https:\/\/www.fapricela.pt\/wp-content\/uploads\/2016\/02\/img-cordao-auto-embainhado.png\" title=\"Cord\u00f3n Autoenvainado\" alt=\"\" \/>\n<span class=\"zoom-icon\"><\/span>\n<\/a><\/figure><h5>Cord\u00f3n Autoenvainado<\/h5><p>Cord\u00f3n de siete hilos revestido con masa apropiada, y plastificado en l\u00ednea, con polietileno de alta densidad. Esta protecci\u00f3n es eficaz contra la oxidaci\u00f3n, permitiendo el deslizamiento del cord\u00f3n por el interior de la capa de pl\u00e1stico.<\/p><\/div><!-- .banner-wrap (end) --><\/div>\n<div class=\"span3 \"><div class=\"banner-wrap \"><figure class=\"featured-thumbnail\"><a href=\"http:\/\/www.fapricela.pt\/es\/portfolio-view\/arame-de-aco-pre-esforco\/\" title=\"Alambre Pretensado\" class=\"darkbox\"><img decoding=\"async\" src=\"https:\/\/www.fapricela.pt\/wp-content\/uploads\/2015\/08\/prd-pc-wire.png\" title=\"Alambre Pretensado\" alt=\"\" \/>\n<span class=\"zoom-icon\"><\/span>\n<\/a><\/figure><h5>Alambre Pretensado<\/h5><p>El alambre de acero de baja relajaci\u00f3n para pretensado en hormig\u00f3n, se utiliza en armaduras activas. Servido normalmente en rollos, presenta una superficie lisa o grafilada. Es utilizado en muchos campos, como por ejemplo, viguetas, pilares y paneles de pretensado.<\/p><\/div><!-- .banner-wrap (end) --><\/div>\n<div class=\"span3 \"><div class=\"banner-wrap \"><figure class=\"featured-thumbnail\"><a href=\"http:\/\/www.fapricela.pt\/es\/portfolio-view\/travessas-varetas\/\" title=\"Varillas para Traviesas de Ferrocarril\" class=\"darkbox\"><img decoding=\"async\" src=\"https:\/\/www.fapricela.pt\/wp-content\/uploads\/2016\/02\/img-bars-for-railway-sleepers.png\" title=\"Varillas para Traviesas de Ferrocarril\" alt=\"\" \/>\n<span class=\"zoom-icon\"><\/span>\n<\/a><\/figure><h5>Varillas para Traviesas de Ferrocarril<\/h5><p>Alambre liso o grafilado para pre o postensado de baja relajaci\u00f3n se presenta en varillas perfectamente enderezadas, cortadas en planos perpendiculares, de longitudes precisas, destinadas a la fabricaci\u00f3n de Traviesas de Ferrocarril.<\/p><\/div><!-- .banner-wrap (end) --><\/div>\n<\/div><!-- .row (end) -->","protected":false},"excerpt":{"rendered":"","protected":false},"author":100053844005,"featured_media":0,"parent":2218,"menu_order":0,"comment_status":"closed","ping_status":"closed","template":"page-fullwidth.php","meta":{"footnotes":""},"class_list":["post-4256","page","type-page","status-publish","hentry"],"_links":{"self":[{"href":"https:\/\/www.fapricela.pt\/es\/wp-json\/wp\/v2\/pages\/4256","targetHints":{"allow":["GET"]}}],"collection":[{"href":"https:\/\/www.fapricela.pt\/es\/wp-json\/wp\/v2\/pages"}],"about":[{"href":"https:\/\/www.fapricela.pt\/es\/wp-json\/wp\/v2\/types\/page"}],"author":[{"embeddable":true,"href":"https:\/\/www.fapricela.pt\/es\/wp-json\/wp\/v2\/users\/100053844005"}],"replies":[{"embeddable":true,"href":"https:\/\/www.fapricela.pt\/es\/wp-json\/wp\/v2\/comments?post=4256"}],"version-history":[{"count":115,"href":"https:\/\/www.fapricela.pt\/es\/wp-json\/wp\/v2\/pages\/4256\/revisions"}],"predecessor-version":[{"id":26930,"href":"https:\/\/www.fapricela.pt\/es\/wp-json\/wp\/v2\/pages\/4256\/revisions\/26930"}],"up":[{"embeddable":true,"href":"https:\/\/www.fapricela.pt\/es\/wp-json\/wp\/v2\/pages\/2218"}],"wp:attachment":[{"href":"https:\/\/www.fapricela.pt\/es\/wp-json\/wp\/v2\/media?parent=4256"}],"curies":[{"name":"wp","href":"https:\/\/api.w.org\/{rel}","templated":true}]}}