{"id":3428,"date":"2015-10-09T17:00:57","date_gmt":"2015-10-09T17:00:57","guid":{"rendered":"http:\/\/www.fapricela.pt\/?page_id=3428"},"modified":"2019-10-02T11:08:31","modified_gmt":"2019-10-02T10:08:31","slug":"seguranca","status":"publish","type":"page","link":"https:\/\/www.fapricela.pt\/es\/seguranca\/","title":{"rendered":"Seguridad"},"content":{"rendered":"<div class=\"row \">\n<div class=\"span12 \"><p style=\"text-align: justify;\">La seguridad, higiene y salud en el trabajo es una prioridad de <b>Fapricela<\/b>, siendo todos los aspectos de seguridad y salud un aspecto fundamental a la hora de planear el trabajo en la f\u00e1brica y diferentes procesos.<\/p>\n<p style=\"text-align: justify;\">Las estrategias y los esfuerzos de desarrollo y optimizaci\u00f3n de sus procesos, productos y servicios, tienen atenci\u00f3n en no comprometer la Salud y Seguridad de sus trabajadores.<\/p>\n<p><img loading=\"lazy\" decoding=\"async\" src=\"http:\/\/www.fapricela.pt\/wp-content\/uploads\/2015\/10\/img-seguranca.png\" alt=\"img-seguranca\" width=\"370\" height=\"149\" class=\"alignright size-full wp-image-6759\" \/><\/p>\n<p style=\"text-align: justify;\">Se basa en los siguientes principios:<\/p>\n<ul>\n<li style=\"text-align: justify;\">Cumplimiento de los requisitos legales;<\/li>\n<li style=\"text-align: justify;\">Prevenci\u00f3n de los accidentes de trabajo;<\/li>\n<li style=\"text-align: justify;\">Promover y asegurar un ambiente de trabajo seguro y saludable;<\/li>\n<li style=\"text-align: justify;\">Proteger las instalaciones y equipamientos, para asegurar las condiciones de seguridad.<\/li>\n<\/ul>\n<p><\/p>\n<p style=\"text-align: justify;\">Para crear las mejores condiciones de trabajo y el bien estar de sus trabajadores, <b>Fapricela<\/b>, en los \u00faltimos a\u00f1os, reforz\u00f3 la Seguridad y la Salud Ocupacional estableciendo objetivos en cuanto a frecuencia y gravedad de accidentes de trabajo y las tasas de absentismo por enfermedad y accidentes, implementando diversos programas en la mejor\u00eda del \u00e1rea de Salud y Seguridad.<\/p>\n<div class=\"content-page\"><\/div><\/div>\n<\/div><!-- .row (end) -->","protected":false},"excerpt":{"rendered":"","protected":false},"author":100053844005,"featured_media":0,"parent":0,"menu_order":0,"comment_status":"closed","ping_status":"closed","template":"page-fullwidth.php","meta":{"footnotes":""},"class_list":["post-3428","page","type-page","status-publish","hentry"],"_links":{"self":[{"href":"https:\/\/www.fapricela.pt\/es\/wp-json\/wp\/v2\/pages\/3428","targetHints":{"allow":["GET"]}}],"collection":[{"href":"https:\/\/www.fapricela.pt\/es\/wp-json\/wp\/v2\/pages"}],"about":[{"href":"https:\/\/www.fapricela.pt\/es\/wp-json\/wp\/v2\/types\/page"}],"author":[{"embeddable":true,"href":"https:\/\/www.fapricela.pt\/es\/wp-json\/wp\/v2\/users\/100053844005"}],"replies":[{"embeddable":true,"href":"https:\/\/www.fapricela.pt\/es\/wp-json\/wp\/v2\/comments?post=3428"}],"version-history":[{"count":22,"href":"https:\/\/www.fapricela.pt\/es\/wp-json\/wp\/v2\/pages\/3428\/revisions"}],"predecessor-version":[{"id":26850,"href":"https:\/\/www.fapricela.pt\/es\/wp-json\/wp\/v2\/pages\/3428\/revisions\/26850"}],"wp:attachment":[{"href":"https:\/\/www.fapricela.pt\/es\/wp-json\/wp\/v2\/media?parent=3428"}],"curies":[{"name":"wp","href":"https:\/\/api.w.org\/{rel}","templated":true}]}}