{"id":3426,"date":"2015-10-09T17:00:30","date_gmt":"2015-10-09T17:00:30","guid":{"rendered":"http:\/\/www.fapricela.pt\/?page_id=3426"},"modified":"2019-10-02T10:44:51","modified_gmt":"2019-10-02T09:44:51","slug":"exportacao","status":"publish","type":"page","link":"https:\/\/www.fapricela.pt\/es\/exportacao\/","title":{"rendered":"Exportaci\u00f3n"},"content":{"rendered":"<div class=\"row \">\n<div class=\"span12 \"><p style=\"text-align: justify;\"><strong>FAPRICELA - Ind\u00fastria de Trefilaria, S.A.<\/strong>, es una empresa con una clara vocaci\u00f3n exportadora. Actualmente, m\u00e1s del 80% de su producci\u00f3n esta destinada a los mercados externos, distribuidos en m\u00e1s de 85 pa\u00edses en los 5 continentes.\n<\/p>\n<p style=\"text-align: justify;\">Una estructura \u00e1gil y flexible, que se apoya en una consolidada experiencia en log\u00edstica y transporte, le permite una respuesta eficaz a las necesidades y exigencias de sus clientes.<\/p>\n<p style=\"text-align: justify;\">Con una combinaci\u00f3n racional de los distintos medios de transporte y de s\u00f3lidas alianzas con operadores log\u00edsticos en todo el mundo, FAPRICELA asume con responsabilidad los desaf\u00edos de la competitividad, ofreciendo al mercado una propuesta de elevado valor.\n<\/p>\n<p><img loading=\"lazy\" decoding=\"async\" src=\"http:\/\/www.fapricela.pt\/wp-content\/uploads\/2015\/10\/img-exportacao-1.png\" width=\"1273\" height=\"351\" class=\"aligncenter size-full wp-image-5965\" srcset=\"https:\/\/www.fapricela.pt\/wp-content\/uploads\/2015\/10\/img-exportacao-1.png 1273w, https:\/\/www.fapricela.pt\/wp-content\/uploads\/2015\/10\/img-exportacao-1-300x83.png 300w, https:\/\/www.fapricela.pt\/wp-content\/uploads\/2015\/10\/img-exportacao-1-768x212.png 768w, https:\/\/www.fapricela.pt\/wp-content\/uploads\/2015\/10\/img-exportacao-1-1024x282.png 1024w\" sizes=\"auto, (max-width: 1273px) 100vw, 1273px\" \/><\/p>\n<div class=\"content-page\"><\/div><\/div>\n<\/div><!-- .row (end) -->","protected":false},"excerpt":{"rendered":"","protected":false},"author":100053844005,"featured_media":0,"parent":0,"menu_order":0,"comment_status":"closed","ping_status":"closed","template":"page-fullwidth.php","meta":{"footnotes":""},"class_list":["post-3426","page","type-page","status-publish","hentry"],"_links":{"self":[{"href":"https:\/\/www.fapricela.pt\/es\/wp-json\/wp\/v2\/pages\/3426","targetHints":{"allow":["GET"]}}],"collection":[{"href":"https:\/\/www.fapricela.pt\/es\/wp-json\/wp\/v2\/pages"}],"about":[{"href":"https:\/\/www.fapricela.pt\/es\/wp-json\/wp\/v2\/types\/page"}],"author":[{"embeddable":true,"href":"https:\/\/www.fapricela.pt\/es\/wp-json\/wp\/v2\/users\/100053844005"}],"replies":[{"embeddable":true,"href":"https:\/\/www.fapricela.pt\/es\/wp-json\/wp\/v2\/comments?post=3426"}],"version-history":[{"count":24,"href":"https:\/\/www.fapricela.pt\/es\/wp-json\/wp\/v2\/pages\/3426\/revisions"}],"predecessor-version":[{"id":26848,"href":"https:\/\/www.fapricela.pt\/es\/wp-json\/wp\/v2\/pages\/3426\/revisions\/26848"}],"wp:attachment":[{"href":"https:\/\/www.fapricela.pt\/es\/wp-json\/wp\/v2\/media?parent=3426"}],"curies":[{"name":"wp","href":"https:\/\/api.w.org\/{rel}","templated":true}]}}