{"id":2016,"date":"2015-08-12T11:42:06","date_gmt":"2015-08-12T11:42:06","guid":{"rendered":"http:\/\/www.fapricela.pt\/?page_id=2016"},"modified":"2019-10-02T12:54:05","modified_gmt":"2019-10-02T11:54:05","slug":"grupo-fapricela-industria","status":"publish","type":"page","link":"https:\/\/www.fapricela.pt\/es\/empresa\/grupo-fapricela-industria\/","title":{"rendered":"Grupo Fapricela Industria"},"content":{"rendered":"<div class=\"row \">\n<div class=\"span12 \"><img decoding=\"async\" src=\"http:\/\/www.fapricela.pt\/wp-content\/uploads\/2015\/08\/Fapricela_Industria1.png\" alt=\"Fapricela_Industria\" height=\"183\" class=\"alignleft size-full wp-image-2024\"style=\"width: 300px; border-radius: 15px 15px 15px 15px; box-shadow: 0px 1px 20px 2px black; -webkit-box-shadow: 0px 1px 20px 2px black; -moz-box-shadow: 0px 1px 20px 2px black;\" srcset=\"https:\/\/www.fapricela.pt\/wp-content\/uploads\/2015\/08\/Fapricela_Industria1.png 383w, https:\/\/www.fapricela.pt\/wp-content\/uploads\/2015\/08\/Fapricela_Industria1-300x143.png 300w\" sizes=\"(max-width: 383px) 100vw, 383px\" \/><\/p>\n<p style=\"text-align: justify;\"><strong>Fapricela \u2013 Ind\u00fastria de Trefilaria, S.A.<\/strong>, empresa de naturaleza familiar, fundada en 1977, inici\u00f3 su actividad volcada esencialmente en la producci\u00f3n de puntas para la construcci\u00f3n. Con el paso del tiempo y conjugada con su continua inversi\u00f3n, atendiendo a los cambios y exigencias del mercado se han ido a\u00f1adiendo nuevos productos a su oferta: redes, alambres, mallazo, alambre y cord\u00f3n para pre y pos tensado de baja relajaci\u00f3n y alambres para la producci\u00f3n de muelles para la colchoner\u00eda.\n<\/p>\n<p style=\"text-align: justify;\">En realidad, en su proceso evolutivo, esta empresa siempre ha modelado su actividad basada en la calidad de sus productos, con una inversi\u00f3n continuada, apostando por el equilibrio entre la innovaci\u00f3n y la alta tecnolog\u00eda (automatizaci\u00f3n de los equipos) as\u00ed como en el control sistem\u00e1tico de la calidad, que le permite hoy la consideraci\u00f3n como una de las m\u00e1s grandes trefiler\u00edas de Europa, con una facturaci\u00f3n de 125.000.000\u20ac, comparados con los 9.980\u20ac facturados en el a\u00f1o 1977.\n<\/p>\n<p style=\"text-align: justify;\">Las instalaciones de Fapricela, ocupan un \u00e1rea cubierta de 90.000m\u00b2, con terrenos circundantes que llegan a una superficie total de 200.000m\u00b2, teniendo actualmente una plantilla de 320 trabajadores, siendo as\u00ed una de las mayores empleadoras de la Regi\u00f3n Centro, y adicionalmente con el esfuerzo en la gesti\u00f3n financiera, asume cada vez m\u00e1s el ideal de producir con calidad para satisfacer las exigencias del mercado.\n<\/p>\n<h5>Ibermetais Industria de Trefilagem<\/h5>\n<p><img decoding=\"async\" src=\"http:\/\/www.fapricela.pt\/wp-content\/uploads\/2015\/08\/entrada-ibermetais.png\" alt=\"entrada-ibermetais\" height=\"247\" class=\"alignright size-full wp-image-2030\" srcset=\"https:\/\/www.fapricela.pt\/wp-content\/uploads\/2015\/08\/entrada-ibermetais.png 370w, https:\/\/www.fapricela.pt\/wp-content\/uploads\/2015\/08\/entrada-ibermetais-300x200.png 300w\" sizes=\"(max-width: 370px) 100vw, 370px\" \/><\/p>\n<p style=\"text-align: justify;\">En Junio de 2007, el Grupo Fapricela Industria, adquiri\u00f3 la empresa Ibermetais, S.A., fundada en 1971, en Freamunde, - Pa\u00e7o de Ferreira, volcada en la actividad de trefilado de aceros macizos (no mezclados), de bajo contenido en carbono (alambres crudos y recocidos).<\/p>\n<p style=\"text-align: justify;\">Siendo una de las empresas m\u00e1s antiguas de la regi\u00f3n, tiene actualmente 93 trabajadores, con un \u00e1rea cubierta de 20.000m\u00b2 y de 50.000m\u00b2 de terrenos circundantes. Ibermetais ha tenido en el a\u00f1o 2015 un volumen de negocios de 15.000.000\u20ac, realzando que el 60% de su producci\u00f3n tiene como destino la exportaci\u00f3n.\n<\/p><\/div>\n<\/div><!-- .row (end) -->\n<div class=\"content-page\"><\/div>","protected":false},"excerpt":{"rendered":"","protected":false},"author":100053844005,"featured_media":0,"parent":1997,"menu_order":0,"comment_status":"closed","ping_status":"closed","template":"page-fullwidth.php","meta":{"footnotes":""},"class_list":["post-2016","page","type-page","status-publish","hentry"],"_links":{"self":[{"href":"https:\/\/www.fapricela.pt\/es\/wp-json\/wp\/v2\/pages\/2016","targetHints":{"allow":["GET"]}}],"collection":[{"href":"https:\/\/www.fapricela.pt\/es\/wp-json\/wp\/v2\/pages"}],"about":[{"href":"https:\/\/www.fapricela.pt\/es\/wp-json\/wp\/v2\/types\/page"}],"author":[{"embeddable":true,"href":"https:\/\/www.fapricela.pt\/es\/wp-json\/wp\/v2\/users\/100053844005"}],"replies":[{"embeddable":true,"href":"https:\/\/www.fapricela.pt\/es\/wp-json\/wp\/v2\/comments?post=2016"}],"version-history":[{"count":48,"href":"https:\/\/www.fapricela.pt\/es\/wp-json\/wp\/v2\/pages\/2016\/revisions"}],"predecessor-version":[{"id":26858,"href":"https:\/\/www.fapricela.pt\/es\/wp-json\/wp\/v2\/pages\/2016\/revisions\/26858"}],"up":[{"embeddable":true,"href":"https:\/\/www.fapricela.pt\/es\/wp-json\/wp\/v2\/pages\/1997"}],"wp:attachment":[{"href":"https:\/\/www.fapricela.pt\/es\/wp-json\/wp\/v2\/media?parent=2016"}],"curies":[{"name":"wp","href":"https:\/\/api.w.org\/{rel}","templated":true}]}}