{"id":2014,"date":"2015-08-12T11:40:54","date_gmt":"2015-08-12T11:40:54","guid":{"rendered":"http:\/\/www.fapricela.pt\/?page_id=2014"},"modified":"2019-10-02T12:23:51","modified_gmt":"2019-10-02T11:23:51","slug":"estrategia","status":"publish","type":"page","link":"https:\/\/www.fapricela.pt\/es\/empresa\/estrategia\/","title":{"rendered":"Estrategia"},"content":{"rendered":"<div class=\"row \">\n<div class=\"span12 \"><p style=\"text-align: justify;\">Con la intenci\u00f3n, no solo de expandir la gama de productos, sino tambi\u00e9n, la convicci\u00f3n de poder crear un eje empresarial en el sector de la Industria de Trefilaria que permita reforzar y liderar nacionalmente, y tambi\u00e9n ser una empresa reconocida a nivel internacional. Fapricela \u2013 Industria, en su af\u00e1n de progreso y inquetud emprendedora, invirti\u00f3 en Junio de 2007, en la compra de la empresa Ibermetais, S.A.(tambien perteneciente en el sector de la trefileria), y as\u00ed se incorpor\u00f3 al Grupo Fapricela Industria.<\/p>\n<p style=\"text-align: justify;\">Los objetivos del grupo son transparentes, agragando estas 2 empresas con competencias y recursos pr\u00f3pios que trabajan en asociaci\u00f3n, teniendo como f\u00edn, fortalecer y engrandecer al sector de la Industria de la Trefileria.<\/p>\n<p style=\"text-align: justify;\">Aprovechando el \u201cknow how\u201d de Fapricela - Industria de Trefilaria, S.A. y atribuyendo a Ibermetais la fabricaci\u00f3n de nuevos productos o mejorando los ya existentes, instalaci\u00f3n de nuevas tecnolog\u00edas, nuevos procedimientos de fabricaci\u00f3n, mercados inexplorados hasta ese momento, incluyendo fases de dise\u00f1o en la producci\u00f3n, distribuci\u00f3n y comercializaci\u00f3n, consagrando as\u00ed la vanguardia tecnol\u00f3gica. El Grupo Fapricela Industria se exige as\u00ed mismo un considerable esfuerzo de cooperaci\u00f3n entre empresas, donde el conocimiento y la innovaci\u00f3n son atributos necesarios, e indispensables, para alcanzar niveles de competitividad que ser\u00e1n capaces de concebir productos y servicios que tendr\u00e1n como destino no solo el mercado nacional, sino tambi\u00e9n el internacional.<\/p>\n<p style=\"text-align: justify;\">Los objetivos de Grupo Fapricela Industra son la consolidaci\u00f3n de las competencias en la innovaci\u00f3n, y el crecimiento del volumen de las exportaciones en su conjunto con una presencia importante, son las principales caracter\u00edsticas que se pretenden para la creaci\u00f3n, desarrollo y sostenibilidad en la industria donde se incorpore.<\/p><\/div>\n<\/div><!-- .row (end) -->\n<div class=\"content-page\"><\/div>","protected":false},"excerpt":{"rendered":"","protected":false},"author":100053844005,"featured_media":0,"parent":1997,"menu_order":0,"comment_status":"closed","ping_status":"closed","template":"page-fullwidth.php","meta":{"footnotes":""},"class_list":["post-2014","page","type-page","status-publish","hentry"],"_links":{"self":[{"href":"https:\/\/www.fapricela.pt\/es\/wp-json\/wp\/v2\/pages\/2014","targetHints":{"allow":["GET"]}}],"collection":[{"href":"https:\/\/www.fapricela.pt\/es\/wp-json\/wp\/v2\/pages"}],"about":[{"href":"https:\/\/www.fapricela.pt\/es\/wp-json\/wp\/v2\/types\/page"}],"author":[{"embeddable":true,"href":"https:\/\/www.fapricela.pt\/es\/wp-json\/wp\/v2\/users\/100053844005"}],"replies":[{"embeddable":true,"href":"https:\/\/www.fapricela.pt\/es\/wp-json\/wp\/v2\/comments?post=2014"}],"version-history":[{"count":17,"href":"https:\/\/www.fapricela.pt\/es\/wp-json\/wp\/v2\/pages\/2014\/revisions"}],"predecessor-version":[{"id":26855,"href":"https:\/\/www.fapricela.pt\/es\/wp-json\/wp\/v2\/pages\/2014\/revisions\/26855"}],"up":[{"embeddable":true,"href":"https:\/\/www.fapricela.pt\/es\/wp-json\/wp\/v2\/pages\/1997"}],"wp:attachment":[{"href":"https:\/\/www.fapricela.pt\/es\/wp-json\/wp\/v2\/media?parent=2014"}],"curies":[{"name":"wp","href":"https:\/\/api.w.org\/{rel}","templated":true}]}}