{"id":2012,"date":"2015-08-12T11:39:34","date_gmt":"2015-08-12T11:39:34","guid":{"rendered":"http:\/\/www.fapricela.pt\/?page_id=2012"},"modified":"2019-10-02T12:19:10","modified_gmt":"2019-10-02T11:19:10","slug":"missao-e-valores","status":"publish","type":"page","link":"https:\/\/www.fapricela.pt\/es\/empresa\/missao-e-valores\/","title":{"rendered":"Misi\u00f3n y Valores"},"content":{"rendered":"<div class=\"row \">\n<div class=\"span12 \"><p style=\"text-align: justify;\">FAPRICELA \u2013 Industria de Trefilaria, S.A., inici\u00f3 su actividad industrial en 1977, donde empez\u00f3 su actividad \u00fanicamente con la fabricaci\u00f3n de clavos. Durante el paso de los a\u00f1os, su consolidaci\u00f3n gradual le permiti\u00f3 integrar a su actividad otros productos, incluyendo:<\/p>\n<ul>\n<li style=\"text-align: justify;\">Alambres de acero ( gris, galvanizados, plastificados y espinos);<\/li>\n<li style=\"text-align: justify;\">Mallas (Zincadas, plastificadas y ganaderas);<\/li>\n<li style=\"text-align: justify;\">Malla electrosoldada.<\/li>\n<\/ul>\n<p><\/p>\n<p style=\"text-align: justify;\">Empresa de tradici\u00f3n industrial, con una marcada filosofia de crecimiento y modernizaci\u00f3n, con objetivos bien definidos y donde la constante innovaci\u00f3n t\u00e9cnica y comercial fueron determinantes para su posterior desarrollo, teniendo su mayor y mas importante impulso en 1995, que gracias a un programa de inverisones de unos 2 millones de contos, se comenz\u00f3 a fabricar alambres de alta resistencia, como por ejemplo:<\/p>\n<ul>\n<li style=\"text-align: justify;\">Alambre de acero para pretensado de baja relajaci\u00f3n;<\/li>\n<li style=\"text-align: justify;\">Cord\u00f3n de acero activo para pre y postensado de baja relajaci\u00f3n.<\/li>\n<\/ul>\n<p><\/p>\n<p style=\"text-align: justify;\">FAPRICELA, S.A., fabrica una gama de productos que se puede considerar extensa, orgulleci\u00e9ndose de ser la primera empresa en Portugal en producir cord\u00f3n para pre y postensado de baja relajaci\u00f3n.<\/p><\/div>\n<\/div><!-- .row (end) -->\n<div class=\"content-page\"><\/div>","protected":false},"excerpt":{"rendered":"","protected":false},"author":100053844005,"featured_media":0,"parent":1997,"menu_order":0,"comment_status":"closed","ping_status":"closed","template":"page-fullwidth.php","meta":{"footnotes":""},"class_list":["post-2012","page","type-page","status-publish","hentry"],"_links":{"self":[{"href":"https:\/\/www.fapricela.pt\/es\/wp-json\/wp\/v2\/pages\/2012","targetHints":{"allow":["GET"]}}],"collection":[{"href":"https:\/\/www.fapricela.pt\/es\/wp-json\/wp\/v2\/pages"}],"about":[{"href":"https:\/\/www.fapricela.pt\/es\/wp-json\/wp\/v2\/types\/page"}],"author":[{"embeddable":true,"href":"https:\/\/www.fapricela.pt\/es\/wp-json\/wp\/v2\/users\/100053844005"}],"replies":[{"embeddable":true,"href":"https:\/\/www.fapricela.pt\/es\/wp-json\/wp\/v2\/comments?post=2012"}],"version-history":[{"count":19,"href":"https:\/\/www.fapricela.pt\/es\/wp-json\/wp\/v2\/pages\/2012\/revisions"}],"predecessor-version":[{"id":26854,"href":"https:\/\/www.fapricela.pt\/es\/wp-json\/wp\/v2\/pages\/2012\/revisions\/26854"}],"up":[{"embeddable":true,"href":"https:\/\/www.fapricela.pt\/es\/wp-json\/wp\/v2\/pages\/1997"}],"wp:attachment":[{"href":"https:\/\/www.fapricela.pt\/es\/wp-json\/wp\/v2\/media?parent=2012"}],"curies":[{"name":"wp","href":"https:\/\/api.w.org\/{rel}","templated":true}]}}