{"id":6520,"date":"2016-05-20T14:24:44","date_gmt":"2016-05-20T14:24:44","guid":{"rendered":"http:\/\/www.fapricela.pt\/?page_id=6520"},"modified":"2019-10-02T14:08:02","modified_gmt":"2019-10-02T13:08:02","slug":"controlo-da-qualidade","status":"publish","type":"page","link":"https:\/\/www.fapricela.pt\/de\/qualidade\/controlo-da-qualidade\/","title":{"rendered":"Qualit\u00e4tskontrolle"},"content":{"rendered":"<div class=\"row \">\n<div class=\"span12 \"><p style=\"text-align: justify;\"><b>Fapricela, Ind\u00fastria de Trefilaria, S.A.<\/b>, ein nach der ISO 9001:2000 zertifiziertes Unternehmen, verf\u00fcgt \u00fcber eines der vollst\u00e4ndigsten internen Labornetzwerke das sich jedem Produktsegment widmet.\n<\/p>\n<p style=\"text-align: justify;\">Die Qualit\u00e4tskontrolle bezieht sich auf die folgenden Produktionsschritte gem\u00e4\u00df den im Fapricela Qualit\u00e4tssystem enthaltenden Arbeitsanweisungen und Verfahren:<\/p>\n<ul>\n<li style=\"text-align: justify;\"><strong>Rohstoffkontrolle:<\/strong> Die Rohstoffkontrolle soll die notwendige Qualit\u00e4t der Produkte f\u00fcr die entsprechenden Produktionsprozesse gew\u00e4hrleisten. Die Lieferanten werden regelm\u00e4\u00dfig begutachtet, um sicherzustellen, dass sie sich an die von Fapricela festgelegten Qualit\u00e4tsstandards halten.\n        <\/li>\n<p><\/p>\n<ul>\n<li style=\"text-align: justify;\">Walzdrahtpr\u00fcfung (Gem\u00e4\u00df der Vertragsbedingungen der Lieferanten):<\/li>\n<div class=\"list styled check-list\">\n                         <\/p>\n<ul>\n<li style=\"text-align: justify;\">Rm, \u00d8, Brucheinschn\u00fcrung.<\/li>\n<\/ul><\/div>\n<li style=\"text-align: justify;\">Pr\u00fcfung anderer Rohstoffe je nach Einkaufsbedarf:<\/li>\n<div class=\"list styled check-list\">\n                         <\/p>\n<ul>\n<li style=\"text-align: justify;\">\u00d8, Gewicht Zink Schichthaftung, Rm;<\/li>\n<li style=\"text-align: justify;\">PVC Dichte.<\/li>\n<\/ul><\/div>\n<\/ul>\n<li style=\"text-align: justify;\"><strong>Zwischenproduktkontrolle:<\/strong> Um ein Endprodukt mit den vom Kunden gew\u00fcnschten Eigenschaften garantieren zu k\u00f6nnen, werden, falls anwendbar, die Zwischenprodukte anhand von internen Parameter kontrolliert, konsolidiert durch das erworbene Know-how der langj\u00e4hrigen Untersuchung der internen Prozesse von Fapricela.\n        <\/li>\n<p><\/p>\n<ul>\n<li style=\"text-align: justify; margin-bottom: 15px;\">Zugkraft Pr\u00fcfung \/ geometrischen Eigenschaften (nach internen Vorgaben oder regulatorischen Anforderungen, wenn zutreffend).<\/li>\n<\/ul>\n<li style=\"text-align: justify;\"><strong>Endproduktkontrolle:<\/strong> Die grundlegende Verpflichtung von Fapricela ist es, die Zufriedenheit der Erwartungen der Kunden zu gew\u00e4hrleisten, oder gar zu \u00fcbertreffen. In Anbetracht dessen, werden unsere Endprodukte von den Mitarbeitern der Qualit\u00e4t in allen aufgef\u00fchrten Kategorien strengstens kontrolliert. Die Mitarbeiter, haben die notwendige Kompetenz und Unparteilichkeit sicherzustellen, dass die Bed\u00fcrfnisse der Kunden unsere Arbeitsregel sind.\n        <\/li>\n<p><\/p>\n<ul>\n<li style=\"text-align: justify; margin-bottom: 10px;\">Zugkraft Aufs\u00e4tze \/ Geometrische Eigenschaften (Nach Produktnormen oder Kundenspezifikationen);<\/li>\n<li style=\"text-align: justify;\">Kontinuierliche Kontrolltests:<\/li>\n<div class=\"list styled check-list\">\n                         <\/p>\n<ul>\n<li style=\"text-align: justify;\">Relaxation, M\u00fcdigkeit, Umlenkungsversuch, Spannungskorrosion;<\/li>\n<li style=\"text-align: justify;\">HDPE-Tests \u2013 Dichtung, Sto\u00dffestigkeit, Rutschkraft.<\/li>\n<\/ul><\/div>\n<\/ul>\n<\/ul>\n<p><img loading=\"lazy\" decoding=\"async\" src=\"http:\/\/www.fapricela.pt\/wp-content\/uploads\/2016\/05\/img-controlo-da-qualidade.png\" alt=\"img-controlo-da-qualidade\" width=\"1272\" height=\"351\" class=\"aligncenter size-full wp-image-6521\" \/><\/p>\n<div class=\"content-page\"><\/div><\/div>\n<\/div><!-- .row (end) -->","protected":false},"excerpt":{"rendered":"","protected":false},"author":100053844005,"featured_media":0,"parent":2032,"menu_order":0,"comment_status":"closed","ping_status":"closed","template":"page-fullwidth.php","meta":{"footnotes":""},"class_list":["post-6520","page","type-page","status-publish","hentry"],"_links":{"self":[{"href":"https:\/\/www.fapricela.pt\/de\/wp-json\/wp\/v2\/pages\/6520","targetHints":{"allow":["GET"]}}],"collection":[{"href":"https:\/\/www.fapricela.pt\/de\/wp-json\/wp\/v2\/pages"}],"about":[{"href":"https:\/\/www.fapricela.pt\/de\/wp-json\/wp\/v2\/types\/page"}],"author":[{"embeddable":true,"href":"https:\/\/www.fapricela.pt\/de\/wp-json\/wp\/v2\/users\/100053844005"}],"replies":[{"embeddable":true,"href":"https:\/\/www.fapricela.pt\/de\/wp-json\/wp\/v2\/comments?post=6520"}],"version-history":[{"count":14,"href":"https:\/\/www.fapricela.pt\/de\/wp-json\/wp\/v2\/pages\/6520\/revisions"}],"predecessor-version":[{"id":26862,"href":"https:\/\/www.fapricela.pt\/de\/wp-json\/wp\/v2\/pages\/6520\/revisions\/26862"}],"up":[{"embeddable":true,"href":"https:\/\/www.fapricela.pt\/de\/wp-json\/wp\/v2\/pages\/2032"}],"wp:attachment":[{"href":"https:\/\/www.fapricela.pt\/de\/wp-json\/wp\/v2\/media?parent=6520"}],"curies":[{"name":"wp","href":"https:\/\/api.w.org\/{rel}","templated":true}]}}