{"id":4260,"date":"2016-02-02T09:06:51","date_gmt":"2016-02-02T09:06:51","guid":{"rendered":"http:\/\/www.fapricela.pt\/?page_id=4260"},"modified":"2024-03-26T11:50:30","modified_gmt":"2024-03-26T11:50:30","slug":"baixo-carbono","status":"publish","type":"page","link":"https:\/\/www.fapricela.pt\/de\/produtos\/baixo-carbono\/","title":{"rendered":"Niedriger Kohlenstoff"},"content":{"rendered":"<div class=\"row \">\n<div class=\"span3 \"><div class=\"banner-wrap \"><figure class=\"featured-thumbnail\"><a href=\"http:\/\/www.fapricela.pt\/de\/portfolio-view\/rede-electrossoldada\/\" title=\"Geschwei\u00dfte Maschen \" class=\"darkbox\"><img decoding=\"async\" src=\"https:\/\/www.fapricela.pt\/wp-content\/uploads\/2016\/02\/img-malha.png\" title=\"Geschwei\u00dfte Maschen \" alt=\"\" \/>\n<span class=\"zoom-icon\"><\/span>\n<\/a><\/figure><h5>Geschwei\u00dfte Maschen <\/h5><p>Passive Maschendrahtnetze werden durch einen Prozess vom Punktschwei\u00dfen von Stahlst\u00e4ben hergestellt, mit einer profelierten Oberfl\u00e4che, die von glattem vormaterial erhalten wuede.<\/p><\/div><!-- .banner-wrap (end) --><\/div>\n<div class=\"span3 \"><div class=\"banner-wrap \"><figure class=\"featured-thumbnail\"><a href=\"http:\/\/www.fapricela.pt\/de\/portfolio-view\/bobines\/\" title=\"Coils\" class=\"darkbox\"><img decoding=\"async\" src=\"https:\/\/www.fapricela.pt\/wp-content\/uploads\/2016\/02\/img-bobines.png\" title=\"Coils\" alt=\"\" \/>\n<span class=\"zoom-icon\"><\/span>\n<\/a><\/figure><h5>Coils<\/h5><p>Diese Spulen haben eine hohe Duktilit\u00e4t. Bieten wiederholbare homogenen mechanischen Eigenschaften um eine ausgezeichnete Leistung in jeder Art von Konstruktion und jedem geografischem Gebiet zu Leisten.<\/p><\/div><!-- .banner-wrap (end) --><\/div>\n<div class=\"span3 \"><div class=\"banner-wrap \"><figure class=\"featured-thumbnail\"><a href=\"http:\/\/www.fapricela.pt\/de\/portfolio-view\/varetas\/\" title=\"St\u00e4be\" class=\"darkbox\"><img decoding=\"async\" src=\"https:\/\/www.fapricela.pt\/wp-content\/uploads\/2016\/02\/img-barras.png\" title=\"St\u00e4be\" alt=\"\" \/>\n<span class=\"zoom-icon\"><\/span>\n<\/a><\/figure><h5>St\u00e4be<\/h5><p>Die Spannstahltangen werden bei einer Kaltverfahrender Verh\u00e4rtung (Walzwerk) aus glattem Waltzdraht hergestellt, das Drucken wird in einem Rippenprofil durchgef\u00fchrt. Dieses Profil besteht aus Querrippen in 3 Ebenen.<\/p><\/div><!-- .banner-wrap (end) --><\/div>\n<div class=\"span3 \"><div class=\"banner-wrap \"><figure class=\"featured-thumbnail\"><a href=\"http:\/\/www.fapricela.pt\/de\/portfolio-view\/trelicas\/\" title=\"Gittertr\u00e4ger\" class=\"darkbox\"><img decoding=\"async\" src=\"https:\/\/www.fapricela.pt\/wp-content\/uploads\/2016\/02\/img-trelicas.png\" title=\"Gittertr\u00e4ger\" alt=\"\" \/>\n<span class=\"zoom-icon\"><\/span>\n<\/a><\/figure><h5>Gittertr\u00e4ger<\/h5><p>Gittertr\u00e4ger gefertigt um eine gerade Haltung und eine einheitliche H\u00f6he zu gew\u00e4hrleisten. Passive Maschendrahtnetze mit einer dreieckigen Prismenform die durch einem Verfahren des ...<\/p><\/div><!-- .banner-wrap (end) --><\/div>\n<\/div><!-- .row (end) -->\n<div class=\"row \">\n<div class=\"span3 \"><div class=\"banner-wrap \"><figure class=\"featured-thumbnail\"><a href=\"http:\/\/www.fapricela.pt\/de\/produtos\/baixo-carbono\/prego\/\" title=\"Nagel\" class=\"darkbox\"><img decoding=\"async\" src=\"https:\/\/www.fapricela.pt\/wp-content\/uploads\/2016\/01\/img-produto-prego.png\" title=\"Nagel\" alt=\"\" \/>\n<span class=\"zoom-icon\"><\/span>\n<\/a><\/figure><h5>Nagel<\/h5><p>Verbindungselement, die durch einen Metallk\u00f6rper mit einem scharfen Ende gebildet ist. Es wird zum verbinden oder befestigen von Teilen eines Objektes benutzt, vorzugsweise in Holz verwendet.<\/p><\/div><!-- .banner-wrap (end) --><\/div>\n<div class=\"span3 \"><div class=\"banner-wrap \"><figure class=\"featured-thumbnail\"><a href=\"http:\/\/www.fapricela.pt\/de\/produtos\/baixo-carbono\/rede-elastica-de-malha-solta\/\" title=\"Maschendrahtz\u00e4une\" class=\"darkbox\"><img decoding=\"async\" src=\"https:\/\/www.fapricela.pt\/wp-content\/uploads\/2016\/02\/img-chain-link-fencing.png\" title=\"Maschendrahtz\u00e4une\" alt=\"\" \/>\n<span class=\"zoom-icon\"><\/span>\n<\/a><\/figure><h5>Maschendrahtz\u00e4une<\/h5><p>Der Maschengeflechtetezaun ist definitiv der vielseitigste und gebr\u00e4uchlichster Zaun. Wird nach hohen Qualit\u00e4tsstandards hergestellt und l\u00e4sst sich leicht an verschiedene Einsatz und Anwendungsarten anpassen.<\/p><\/div><!-- .banner-wrap (end) --><\/div>\n<div class=\"span3 \"><div class=\"banner-wrap \"><figure class=\"featured-thumbnail\"><a href=\"http:\/\/www.fapricela.pt\/de\/portfolio-view\/rede-no-ovina\/\" title=\"Maschennetze f\u00fcr Tierzucht\" class=\"darkbox\"><img decoding=\"async\" src=\"https:\/\/www.fapricela.pt\/wp-content\/uploads\/2016\/02\/img-galvanized-hingle-joint-farm-fencing.png\" title=\"Maschennetze f\u00fcr Tierzucht\" alt=\"\" \/>\n<span class=\"zoom-icon\"><\/span>\n<\/a><\/figure><h5>Maschennetze f\u00fcr Tierzucht<\/h5><p>Auf Bauernh\u00f6fen Verwendet, um die Tiere in ihrem nat\u00fcrlichen Lebensraum zu halten. Seine Eigenschaften schlie\u00dfen Elastizit\u00e4t ein, also kehrt er zu seiner urspr\u00fcnglichen Formspannung zur\u00fcck, wenn die Tiere gegen den Zaun lehnen.<\/p><\/div><!-- .banner-wrap (end) --><\/div>\n<div class=\"span3 \"><div class=\"banner-wrap \"><figure class=\"featured-thumbnail\"><a href=\"http:\/\/www.fapricela.pt\/de\/produtos\/baixo-carbono\/arame-plastificado-e-galvanizado\/\" title=\"Plastifizierter und Verzinkter Daht\" class=\"darkbox\"><img decoding=\"async\" src=\"https:\/\/www.fapricela.pt\/wp-content\/uploads\/2016\/02\/prd-arame-plastificado-galvanizado.png\" title=\"Plastifizierter und Verzinkter Daht\" alt=\"\" \/>\n<span class=\"zoom-icon\"><\/span>\n<\/a><\/figure><h5>Plastifizierter und Verzinkter Daht<\/h5><p>Sie sind aus verzinkten Dr\u00e4hten f\u00fcr einen besseren Korrosionsschutz gefertigt. Stahldraht wird durch Extrusion mit PVC abgedeckt.<\/p><\/div><!-- .banner-wrap (end) --><\/div>\n<\/div><!-- .row (end) -->\n<div class=\"row \">\n<div class=\"span3 \"><div class=\"banner-wrap \"><figure class=\"featured-thumbnail\"><a href=\"http:\/\/www.fapricela.pt\/de\/produtos\/baixo-carbono\/arame-farpado-e-torcido\/\" title=\"Stacheldraht und Gedrehtes Draht\" class=\"darkbox\"><img decoding=\"async\" src=\"https:\/\/www.fapricela.pt\/wp-content\/uploads\/2016\/02\/img-arame-farpado-torcido.png\" title=\"Stacheldraht und Gedrehtes Draht\" alt=\"\" \/>\n<span class=\"zoom-icon\"><\/span>\n<\/a><\/figure><h5>Stacheldraht und Gedrehtes Draht<\/h5><p>Ist eine Art von Stahl Zaundraht mit scharfen Kanten oder Punkte in Abst\u00e4nden entlang der Litze (en) angeordnet. Es wird verwendet, f\u00fcr billige Z\u00e4une ...<\/p><\/div><!-- .banner-wrap (end) --><\/div>\n<div class=\"span3 \"><div class=\"banner-wrap \"><figure class=\"featured-thumbnail\"><a href=\"http:\/\/www.fapricela.pt\/de\/produtos\/baixo-carbono\/fibras\/\" title=\"Stahldrahtfasern\" class=\"darkbox\"><img decoding=\"async\" src=\"https:\/\/www.fapricela.pt\/wp-content\/uploads\/2016\/01\/img-produto-fibras.png\" title=\"Stahldrahtfasern\" alt=\"\" \/>\n<span class=\"zoom-icon\"><\/span>\n<\/a><\/figure><h5>Stahldrahtfasern<\/h5><p>Deformierten Elemente aus kaltgezoge kohlenstoffarmen Stahldraht. Es hat die F\u00e4higkeit eine Verbindung zwischen Beton und die traditionellen Materialien zu machen.<\/p><\/div><!-- .banner-wrap (end) --><\/div>\n<div class=\"span3 \"><div class=\"banner-wrap \"><figure class=\"featured-thumbnail\"><a href=\"http:\/\/www.fapricela.pt\/de\/produtos\/baixo-carbono\/arame-recozido\/\" title=\"Gegl\u00fchte Draht\" class=\"darkbox\"><img decoding=\"async\" src=\"https:\/\/www.fapricela.pt\/wp-content\/uploads\/2016\/01\/img-produto-arame-recozido.png\" title=\"Gegl\u00fchte Draht\" alt=\"\" \/>\n<span class=\"zoom-icon\"><\/span>\n<\/a><\/figure><h5>Gegl\u00fchte Draht<\/h5><p>Erhalten durch thermische Behandlung, der Draht wird leichter geschnitten und geformt. F\u00fcr den Heimgebrauch, Bau und Landwirtschaft.<\/p><\/div><!-- .banner-wrap (end) --><\/div>\n<div class=\"span3 \"><div class=\"banner-wrap \"><figure class=\"featured-thumbnail\"><a href=\"http:\/\/www.fapricela.pt\/de\/produtos\/baixo-carbono\/arame-cru\/\" title=\"Blanker Draht\" class=\"darkbox\"><img decoding=\"async\" src=\"https:\/\/www.fapricela.pt\/wp-content\/uploads\/2016\/01\/img-produto-arame-cru.png\" title=\"Blanker Draht\" alt=\"\" \/>\n<span class=\"zoom-icon\"><\/span>\n<\/a><\/figure><h5>Blanker Draht<\/h5><p>Ganz sauber Draht, frei von Verunreinigungen, dass das Verschwei\u00dfen durch Robotisierung erlaubt. Materialien von leichter Bearbeiteung und Verchromungabfertigung.<\/p><\/div><!-- .banner-wrap (end) --><\/div>\n<\/div><!-- .row (end) -->","protected":false},"excerpt":{"rendered":"","protected":false},"author":100053844005,"featured_media":0,"parent":2218,"menu_order":0,"comment_status":"closed","ping_status":"closed","template":"page-fullwidth.php","meta":{"footnotes":""},"class_list":["post-4260","page","type-page","status-publish","hentry"],"_links":{"self":[{"href":"https:\/\/www.fapricela.pt\/de\/wp-json\/wp\/v2\/pages\/4260","targetHints":{"allow":["GET"]}}],"collection":[{"href":"https:\/\/www.fapricela.pt\/de\/wp-json\/wp\/v2\/pages"}],"about":[{"href":"https:\/\/www.fapricela.pt\/de\/wp-json\/wp\/v2\/types\/page"}],"author":[{"embeddable":true,"href":"https:\/\/www.fapricela.pt\/de\/wp-json\/wp\/v2\/users\/100053844005"}],"replies":[{"embeddable":true,"href":"https:\/\/www.fapricela.pt\/de\/wp-json\/wp\/v2\/comments?post=4260"}],"version-history":[{"count":211,"href":"https:\/\/www.fapricela.pt\/de\/wp-json\/wp\/v2\/pages\/4260\/revisions"}],"predecessor-version":[{"id":49006,"href":"https:\/\/www.fapricela.pt\/de\/wp-json\/wp\/v2\/pages\/4260\/revisions\/49006"}],"up":[{"embeddable":true,"href":"https:\/\/www.fapricela.pt\/de\/wp-json\/wp\/v2\/pages\/2218"}],"wp:attachment":[{"href":"https:\/\/www.fapricela.pt\/de\/wp-json\/wp\/v2\/media?parent=4260"}],"curies":[{"name":"wp","href":"https:\/\/api.w.org\/{rel}","templated":true}]}}