{"id":37276,"date":"2022-07-06T09:15:49","date_gmt":"2022-07-06T08:15:49","guid":{"rendered":"https:\/\/www.fapricela.pt\/?page_id=37276"},"modified":"2022-07-06T09:16:33","modified_gmt":"2022-07-06T08:16:33","slug":"candidatura-assistente-de-marketing","status":"publish","type":"page","link":"https:\/\/www.fapricela.pt\/de\/carreiras\/vagas-em-aberto\/candidatura-assistente-de-marketing\/","title":{"rendered":"Candidatura Assistente de Marketing"},"content":{"rendered":"<h5 style=\"text-align: center; margin-bottom: -10px;\">Por favor preencha o formul\u00e1rio abaixo para enviar a sua candidatura a Assistente de Marketing.<\/h5>\n\n<div class=\"wpcf7 no-js\" id=\"wpcf7-f37275-o1\" lang=\"pt-PT\" dir=\"ltr\" data-wpcf7-id=\"37275\">\n<div class=\"screen-reader-response\"><p role=\"status\" aria-live=\"polite\" aria-atomic=\"true\"><\/p> <ul><\/ul><\/div>\n<form action=\"\/de\/wp-json\/wp\/v2\/pages\/37276#wpcf7-f37275-o1\" method=\"post\" class=\"wpcf7-form init\" aria-label=\"Formul\u00e1rio de contacto\" enctype=\"multipart\/form-data\" novalidate=\"novalidate\" data-status=\"init\">\n<fieldset class=\"hidden-fields-container\"><input type=\"hidden\" name=\"_wpcf7\" value=\"37275\" \/><input type=\"hidden\" name=\"_wpcf7_version\" value=\"6.1.5\" \/><input type=\"hidden\" name=\"_wpcf7_locale\" value=\"pt_PT\" \/><input type=\"hidden\" name=\"_wpcf7_unit_tag\" value=\"wpcf7-f37275-o1\" \/><input type=\"hidden\" name=\"_wpcf7_container_post\" value=\"0\" \/><input type=\"hidden\" name=\"_wpcf7_posted_data_hash\" value=\"\" \/><input type=\"hidden\" name=\"_wpcf7_recaptcha_response\" value=\"\" \/>\n<\/fieldset>\n<p><input type=\"hidden\" name=\"your-subject\" value=\"Candidato \u00e0 oferta de Assistente de Marketing(a)\" \/><br \/>\n<div id=\"id-1843845554\" class=\"accordion\"><br \/>\n<div class=\"accordion-group\"><div class=\"accordion-heading\"><a class=\"accordion-toggle active\" data-toggle=\"collapse\" data-parent=\"#id-1843845554\" href=\"#1321711237\">DADOS PESSOAIS<\/a><\/div><div class=\"accordion-body collapse in\" id=\"1321711237\"><div class=\"accordion-inner\">\n<\/p>\n<div class=\"row-fluid\">\n\t<p class=\"span4 field\">Nome * <span class=\"wpcf7-form-control-wrap\" data-name=\"your-name\"><input size=\"40\" maxlength=\"400\" class=\"wpcf7-form-control wpcf7-text wpcf7-validates-as-required\" aria-required=\"true\" aria-invalid=\"false\" value=\"\" type=\"text\" name=\"your-name\" \/><\/span>\n\t<\/p>\n\t<p class=\"span4 field\">E-mail * <span class=\"wpcf7-form-control-wrap\" data-name=\"your-email\"><input size=\"40\" maxlength=\"400\" class=\"wpcf7-form-control wpcf7-email wpcf7-validates-as-required wpcf7-text wpcf7-validates-as-email\" aria-required=\"true\" aria-invalid=\"false\" value=\"\" type=\"email\" name=\"your-email\" \/><\/span>\n\t<\/p>\n\t<p class=\"span4 field\">Telefone * <span class=\"wpcf7-form-control-wrap\" data-name=\"your-phone\"><input size=\"9\" maxlength=\"9\" class=\"wpcf7-form-control wpcf7-tel wpcf7-validates-as-required wpcf7-text wpcf7-validates-as-tel\" aria-required=\"true\" aria-invalid=\"false\" value=\"\" type=\"tel\" name=\"your-phone\" \/><\/span>\n\t<\/p>\n<\/div>\n<div class=\"row-fluid\">\n\t<p class=\"span4 field\">G\u00e9nero * <span class=\"wpcf7-form-control-wrap\" data-name=\"your-gender\"><select class=\"wpcf7-form-control wpcf7-select wpcf7-validates-as-required\" id=\"select-form-candidatura\" aria-required=\"true\" aria-invalid=\"false\" name=\"your-gender\"><option value=\"Feminino\">Feminino<\/option><option value=\"Masculino\">Masculino<\/option><\/select><\/span>\n\t<\/p>\n\t<p class=\"span4 field\">Data de Nascimento * <span class=\"wpcf7-form-control-wrap\" data-name=\"your-birth-date\"><input class=\"wpcf7-form-control wpcf7-date wpcf7-validates-as-required wpcf7-validates-as-date\" aria-required=\"true\" aria-invalid=\"false\" value=\"\" type=\"date\" name=\"your-birth-date\" \/><\/span>\n\t<\/p>\n\t<p class=\"span4 field\">Estado Civil *<span class=\"wpcf7-form-control-wrap\" data-name=\"your-marital-status\"><select class=\"wpcf7-form-control wpcf7-select wpcf7-validates-as-required\" aria-required=\"true\" aria-invalid=\"false\" name=\"your-marital-status\"><option value=\"Solteiro\">Solteiro<\/option><option value=\"Casado\">Casado<\/option><option value=\"Separado\">Separado<\/option><option value=\"Divorciado\">Divorciado<\/option><option value=\"Vi\u00favo\">Vi\u00favo<\/option><\/select><\/span>\n\t<\/p>\n<\/div>\n<p class=\"field\">Morada *<span class=\"wpcf7-form-control-wrap\" data-name=\"your-address\"><input size=\"40\" maxlength=\"400\" class=\"wpcf7-form-control wpcf7-text wpcf7-validates-as-required\" aria-required=\"true\" aria-invalid=\"false\" value=\"\" type=\"text\" name=\"your-address\" \/><\/span>\n<\/p>\n<div class=\"row-fluid\">\n\t<p class=\"span4 field\">Cidade * <span class=\"wpcf7-form-control-wrap\" data-name=\"your-city\"><input size=\"40\" maxlength=\"400\" class=\"wpcf7-form-control wpcf7-text wpcf7-validates-as-required\" aria-required=\"true\" aria-invalid=\"false\" value=\"\" type=\"text\" name=\"your-city\" \/><\/span>\n\t<\/p>\n\t<p class=\"span4 field\">C\u00f3digo Postal * <span class=\"wpcf7-form-control-wrap\" data-name=\"your-postcode\"><input size=\"8\" maxlength=\"8\" class=\"wpcf7-form-control wpcf7-text wpcf7-validates-as-required\" aria-required=\"true\" aria-invalid=\"false\" value=\"0000-000\" type=\"text\" name=\"your-postcode\" \/><\/span>\n\t<\/p>\n\t<p class=\"span4 field\">Pa\u00eds * <span class=\"wpcf7-form-control-wrap\" data-name=\"your-country\"><input size=\"40\" maxlength=\"400\" class=\"wpcf7-form-control wpcf7-text wpcf7-validates-as-required\" aria-required=\"true\" aria-invalid=\"false\" value=\"\" type=\"text\" name=\"your-country\" \/><\/span>\n\t<\/p>\n<\/div>\n<p><\/div><\/div><\/div><div class=\"accordion-group\"><div class=\"accordion-heading\"><a class=\"accordion-toggle \" data-toggle=\"collapse\" data-parent=\"#id-1843845554\" href=\"#508876352\">HABILITA\u00c7\u00d5ES<\/a><\/div><div class=\"accordion-body collapse \" id=\"508876352\"><div class=\"accordion-inner\">\n<\/p>\n<div class=\"row-fluid\">\n\t<p class=\"span14 field\">Habilita\u00e7\u00f5es * <span class=\"wpcf7-form-control-wrap\" data-name=\"your-qualifications\"><select class=\"wpcf7-form-control wpcf7-select wpcf7-validates-as-required\" aria-required=\"true\" aria-invalid=\"false\" name=\"your-qualifications\"><option value=\"N\u00edvel 1 - 2\u00ba Ciclo do Ensino B\u00e1sico\">N\u00edvel 1 - 2\u00ba Ciclo do Ensino B\u00e1sico<\/option><option value=\"N\u00edvel 2 - 3\u00ba Ciclo do Ensino B\u00e1sico\">N\u00edvel 2 - 3\u00ba Ciclo do Ensino B\u00e1sico<\/option><option value=\"N\u00edvel 3 - Ensino Secund\u00e1rio Vocacional\">N\u00edvel 3 - Ensino Secund\u00e1rio Vocacional<\/option><option value=\"N\u00edvel 4 - Ensino Secund\u00e1rio\">N\u00edvel 4 - Ensino Secund\u00e1rio<\/option><option value=\"N\u00edvel 5 - P\u00f3s-Secund\u00e1rio N\u00e3o Superior\">N\u00edvel 5 - P\u00f3s-Secund\u00e1rio N\u00e3o Superior<\/option><option value=\"N\u00edvel 6 - Licenciatura\">N\u00edvel 6 - Licenciatura<\/option><option value=\"N\u00edvel 7 - Mestrado\">N\u00edvel 7 - Mestrado<\/option><option value=\"N\u00edvel 8 - Doutoramento\">N\u00edvel 8 - Doutoramento<\/option><\/select><\/span>\n\t<\/p>\n\t<p class=\"span14 field\">M\u00e9dia Final * <span class=\"wpcf7-form-control-wrap\" data-name=\"your-final-media\"><select class=\"wpcf7-form-control wpcf7-select wpcf7-validates-as-required\" aria-required=\"true\" aria-invalid=\"false\" name=\"your-final-media\"><option value=\"10\">10<\/option><option value=\"11\">11<\/option><option value=\"12\">12<\/option><option value=\"13\">13<\/option><option value=\"14\">14<\/option><option value=\"15\">15<\/option><option value=\"16\">16<\/option><option value=\"17\">17<\/option><option value=\"18\">18<\/option><option value=\"19\">19<\/option><option value=\"20\">20<\/option><\/select><\/span>\n\t<\/p>\n<\/div>\n<div class=\"row-fluid\">\n\t<p class=\"span14 field\">Curso \/ \u00c1rea * <span class=\"wpcf7-form-control-wrap\" data-name=\"your-course-area\"><input size=\"40\" maxlength=\"400\" class=\"wpcf7-form-control wpcf7-text wpcf7-validates-as-required\" aria-required=\"true\" aria-invalid=\"false\" value=\"\" type=\"text\" name=\"your-course-area\" \/><\/span>\n\t<\/p>\n\t<p class=\"span14 field\">Institui\u00e7\u00e3o de Ensino * <span class=\"wpcf7-form-control-wrap\" data-name=\"your-educational-institution\"><input size=\"40\" maxlength=\"400\" class=\"wpcf7-form-control wpcf7-text wpcf7-validates-as-required\" aria-required=\"true\" aria-invalid=\"false\" value=\"\" type=\"text\" name=\"your-educational-institution\" \/><\/span>\n\t<\/p>\n<\/div>\n<p><\/div><\/div><\/div><div class=\"accordion-group\"><div class=\"accordion-heading\"><a class=\"accordion-toggle \" data-toggle=\"collapse\" data-parent=\"#id-1843845554\" href=\"#1497275766\">EXPERI\u00caNCIA PROFISSIONAL<\/a><\/div><div class=\"accordion-body collapse \" id=\"1497275766\"><div class=\"accordion-inner\">\n<\/p>\n<div class=\"row-fluid\">\n\t<p class=\"span14 field\">Experi\u00eancia Profissional * <span class=\"wpcf7-form-control-wrap\" data-name=\"your-professional-experience\"><select class=\"wpcf7-form-control wpcf7-select wpcf7-validates-as-required\" aria-required=\"true\" aria-invalid=\"false\" name=\"your-professional-experience\"><option value=\"Sem experi\u00eancia\">Sem experi\u00eancia<\/option><option value=\"1 Ano\">1 Ano<\/option><option value=\"2 Anos\">2 Anos<\/option><option value=\"3 Anos\">3 Anos<\/option><option value=\"4 Anos\">4 Anos<\/option><option value=\"5 Anos\">5 Anos<\/option><option value=\"+5 Anos\">+5 Anos<\/option><\/select><\/span>\n\t<\/p>\n\t<p class=\"span14 field\">Compet\u00eancias Chave * <span class=\"wpcf7-form-control-wrap\" data-name=\"your-key-skills\"><textarea cols=\"40\" rows=\"10\" maxlength=\"2000\" class=\"wpcf7-form-control wpcf7-textarea wpcf7-validates-as-required\" aria-required=\"true\" aria-invalid=\"false\" placeholder=\"Insira aqui uma descri\u00e7\u00e3o das suas compet\u00eancias\" name=\"your-key-skills\"><\/textarea><\/span>\n\t<\/p>\n<\/div>\n<p><\/div><\/div><\/div><div class=\"accordion-group\"><div class=\"accordion-heading\"><a class=\"accordion-toggle \" data-toggle=\"collapse\" data-parent=\"#id-1843845554\" href=\"#1118716418\">OUTROS DADOS<\/a><\/div><div class=\"accordion-body collapse \" id=\"1118716418\"><div class=\"accordion-inner\">\n<\/p>\n<div class=\"row-fluid\">\n\t<p class=\"span4 field\">Situa\u00e7\u00e3o Actual * <span class=\"wpcf7-form-control-wrap\" data-name=\"your-actual-situation\"><select class=\"wpcf7-form-control wpcf7-select wpcf7-validates-as-required\" aria-required=\"true\" aria-invalid=\"false\" name=\"your-actual-situation\"><option value=\"Empregado\">Empregado<\/option><option value=\"Desempregado\">Desempregado<\/option><\/select><\/span>\n\t<\/p>\n\t<p class=\"span4 field\">Carta de Condu\u00e7\u00e3o * <span class=\"wpcf7-form-control-wrap\" data-name=\"your-driving-license\"><select class=\"wpcf7-form-control wpcf7-select wpcf7-validates-as-required\" aria-required=\"true\" aria-invalid=\"false\" name=\"your-driving-license\"><option value=\"Sim\">Sim<\/option><option value=\"N\u00e3o\">N\u00e3o<\/option><\/select><\/span>\n\t<\/p>\n<\/div>\n<div class=\"row-fluid\">\n\t<p class=\"span4 field\">Sal\u00e1rio M\u00ednimo Liquido Pretendido (em Euros) * <span class=\"wpcf7-form-control-wrap\" data-name=\"your-mininum-wage-liquid-intended\"><input size=\"40\" maxlength=\"400\" class=\"wpcf7-form-control wpcf7-text wpcf7-validates-as-required\" aria-required=\"true\" aria-invalid=\"false\" value=\"\" type=\"text\" name=\"your-mininum-wage-liquid-intended\" \/><\/span>\n\t<\/p>\n\t<p class=\"span4 field\">Sal\u00e1rio Ideal Liquido Pretendido (em Euros) * <span class=\"wpcf7-form-control-wrap\" data-name=\"your-salary-intended-ideal-liquid\"><input size=\"40\" maxlength=\"400\" class=\"wpcf7-form-control wpcf7-text wpcf7-validates-as-required\" aria-required=\"true\" aria-invalid=\"false\" value=\"\" type=\"text\" name=\"your-salary-intended-ideal-liquid\" \/><\/span>\n\t<\/p>\n\t<p class=\"span4 field\" id=\"select-form-idiomas-margin\">Idiomas * <span class=\"wpcf7-form-control-wrap\" data-name=\"your-languages\"><select class=\"wpcf7-form-control wpcf7-select wpcf7-validates-as-required\" id=\"select-form-idiomas\" aria-required=\"true\" aria-invalid=\"false\" multiple=\"multiple\" name=\"your-languages&#091;&#093;\"><option value=\"Portugu\u00eas\">Portugu\u00eas<\/option><option value=\"Alem\u00e3o\">Alem\u00e3o<\/option><option value=\"Chin\u00eas\">Chin\u00eas<\/option><option value=\"Espanhol\">Espanhol<\/option><option value=\"Franc\u00eas\">Franc\u00eas<\/option><option value=\"Ingl\u00eas\">Ingl\u00eas<\/option><option value=\"Italiano\">Italiano<\/option><option value=\"Japon\u00eas\">Japon\u00eas<\/option><\/select><\/span>\n\t<\/p>\n<\/div>\n<div class=\"row-fluid\">\n\t<p class=\"span4 field\">Fun\u00e7\u00e3o a que se Candidata * <span class=\"wpcf7-form-control-wrap\" data-name=\"your-according-to-which-candidate\"><select class=\"wpcf7-form-control wpcf7-select wpcf7-validates-as-required\" aria-required=\"true\" aria-invalid=\"false\" name=\"your-according-to-which-candidate\"><option value=\"Assistente de Marketing\">Assistente de Marketing<\/option><\/select><\/span>\n\t<\/p>\n\t<p class=\"span4 field\">Disponibilidade para Permanecer no Estrangeiro * <span class=\"wpcf7-form-control-wrap\" data-name=\"your-availability-for-stay-abroad\"><select class=\"wpcf7-form-control wpcf7-select wpcf7-validates-as-required\" aria-required=\"true\" aria-invalid=\"false\" name=\"your-availability-for-stay-abroad\"><option value=\"N\u00e3o\">N\u00e3o<\/option><option value=\"Sim, at\u00e9 1 m\u00eas\">Sim, at\u00e9 1 m\u00eas<\/option><option value=\"Sim, at\u00e9 1 ano\">Sim, at\u00e9 1 ano<\/option><option value=\"Sim, sem limita\u00e7\u00e3o\">Sim, sem limita\u00e7\u00e3o<\/option><\/select><\/span>\n\t<\/p>\n\t<p class=\"span4 field\">Curriculum Vitae (pdf) * <span class=\"wpcf7-form-control-wrap\" data-name=\"your-curriculum-vitae\"><input size=\"40\" class=\"wpcf7-form-control wpcf7-file wpcf7-validates-as-required\" id=\"select-form-file\" accept=\".pdf\" aria-required=\"true\" aria-invalid=\"false\" type=\"file\" name=\"your-curriculum-vitae\" \/><\/span>\n\t<\/p>\n<\/div>\n<p><\/div><\/div><\/div><div class=\"accordion-group\"><div class=\"accordion-heading\"><a class=\"accordion-toggle \" data-toggle=\"collapse\" data-parent=\"#id-1843845554\" href=\"#1865566050\">OBSERVA\u00c7\u00d5ES<\/a><\/div><div class=\"accordion-body collapse \" id=\"1865566050\"><div class=\"accordion-inner\">\n<\/p>\n<div class=\"row-fluid\">\n\t<p class=\"field\">Se achar pertinente insira aqui algumas observa\u00e7\u00f5es: <span class=\"wpcf7-form-control-wrap\" data-name=\"your-comments\"><textarea cols=\"40\" rows=\"10\" maxlength=\"2000\" class=\"wpcf7-form-control wpcf7-textarea\" aria-invalid=\"false\" name=\"your-comments\"><\/textarea><\/span>\n\t<\/p>\n<\/div>\n<p><\/div><\/div><\/div>\n<\/p>\n<div class=\"row-fluid\">\n\t<div id=\"btn-aceitacao\" class=\"span12 field\">\n\t\t<p><span style=\"float: left;\"><span class=\"wpcf7-form-control-wrap\" data-name=\"acceptance-866\"><span class=\"wpcf7-form-control wpcf7-acceptance\"><span class=\"wpcf7-list-item\"><input type=\"checkbox\" name=\"acceptance-866\" value=\"1\" id=\"checkAceitacao\" aria-invalid=\"false\" \/><\/span><\/span><\/span><\/span><span id=\"textAceitacao\">Li e aceito a <a href=\"http:\/\/www.fapricela.pt\/politica-de-privacidade-e-proteccao-de-dados-pessoais\/\" target=\"_blank\">Pol\u00edtica de Privacidade e Protec\u00e7\u00e3o de Dados Pessoais<\/a> deste site.<\/span>\n\t\t<\/p>\n\t<\/div>\n<\/div>\n<p>* campos de preenchimento obrigat\u00f3rio\n<\/p>\n<p class=\"submit-wrap\"><input type=\"reset\" value=\"apagar\" class=\"btn btn-primary\" \/><input class=\"wpcf7-form-control wpcf7-submit has-spinner btn btn-primary\" type=\"submit\" value=\"enviar\" \/>\n<\/p>\n<p><\/div>\n<\/p><div class=\"wpcf7-response-output\" aria-hidden=\"true\"><\/div>\n<\/form>\n<\/div>\n\n","protected":false},"excerpt":{"rendered":"<p>Por favor preencha o formul\u00e1rio abaixo para enviar a sua candidatura a Assistente de Marketing.<\/p>\n","protected":false},"author":100053844005,"featured_media":0,"parent":31674,"menu_order":0,"comment_status":"closed","ping_status":"closed","template":"page-fullwidth.php","meta":{"footnotes":""},"class_list":["post-37276","page","type-page","status-publish","hentry"],"_links":{"self":[{"href":"https:\/\/www.fapricela.pt\/de\/wp-json\/wp\/v2\/pages\/37276","targetHints":{"allow":["GET"]}}],"collection":[{"href":"https:\/\/www.fapricela.pt\/de\/wp-json\/wp\/v2\/pages"}],"about":[{"href":"https:\/\/www.fapricela.pt\/de\/wp-json\/wp\/v2\/types\/page"}],"author":[{"embeddable":true,"href":"https:\/\/www.fapricela.pt\/de\/wp-json\/wp\/v2\/users\/100053844005"}],"replies":[{"embeddable":true,"href":"https:\/\/www.fapricela.pt\/de\/wp-json\/wp\/v2\/comments?post=37276"}],"version-history":[{"count":3,"href":"https:\/\/www.fapricela.pt\/de\/wp-json\/wp\/v2\/pages\/37276\/revisions"}],"predecessor-version":[{"id":45381,"href":"https:\/\/www.fapricela.pt\/de\/wp-json\/wp\/v2\/pages\/37276\/revisions\/45381"}],"up":[{"embeddable":true,"href":"https:\/\/www.fapricela.pt\/de\/wp-json\/wp\/v2\/pages\/31674"}],"wp:attachment":[{"href":"https:\/\/www.fapricela.pt\/de\/wp-json\/wp\/v2\/media?parent=37276"}],"curies":[{"name":"wp","href":"https:\/\/api.w.org\/{rel}","templated":true}]}}