{"id":3428,"date":"2015-10-09T17:00:57","date_gmt":"2015-10-09T17:00:57","guid":{"rendered":"http:\/\/www.fapricela.pt\/?page_id=3428"},"modified":"2019-10-02T11:08:31","modified_gmt":"2019-10-02T10:08:31","slug":"seguranca","status":"publish","type":"page","link":"https:\/\/www.fapricela.pt\/de\/seguranca\/","title":{"rendered":"Sicherheit"},"content":{"rendered":"<div class=\"row \">\n<div class=\"span12 \"><p style=\"text-align: justify;\">Die Sicherheit und Gesundheit am Arbeitsplatz sind eine Priorit\u00e4t f\u00fcr <b>Fapricela<\/b>. Alle Sicherheit und Gesundheit Aspekte werden bei der Planung von Anlagen und Prozessen ber\u00fccksichtigt.<\/p>\n<p style=\"text-align: justify;\">Die Strategien und Entwicklungsanstrengungen Optimierung ihrer Prozesse, Produkte und Dienstleistungen, behalten im Auge die nicht Beeintr\u00e4chtigung der Gesundheit und Sicherheit bei den Mitarbeiter.<\/p>\n<p><img loading=\"lazy\" decoding=\"async\" src=\"http:\/\/www.fapricela.pt\/wp-content\/uploads\/2015\/10\/img-seguranca.png\" alt=\"img-seguranca\" width=\"370\" height=\"149\" class=\"alignright size-full wp-image-5089\" \/><\/p>\n<p style=\"text-align: justify;\">So st\u00fctzen Sie sich auf den folgenden Prinzipien:<\/p>\n<ul>\n<li style=\"text-align: justify;\">Einhaltung von den gesetzlichen Anforderungen;<\/li>\n<li style=\"text-align: justify;\">Die Verh\u00fctung von Unf\u00e4llen;<\/li>\n<li style=\"text-align: justify;\">Ein sicheres und gesundes Arbeitsumfeld gew\u00e4hrleisten;<\/li>\n<li style=\"text-align: justify;\">Die Anlagen und Ausr\u00fcstung Sch\u00fctzen, um die Sicherheit zu gew\u00e4hrleisten.<\/li>\n<\/ul>\n<p><\/p>\n<p style=\"text-align: justify;\">Um die Arbeitsbedingungen und das Wohlergehen ihrer Arbeiter zu Verst\u00e4rken, hat <b>Fapricela<\/b> in den letzten Jahren ihre Anstrengung auf die Arbeitssicherheit und Gesundheit gezielt. Fapricela umsetzt verschiedene Gesundheit und Sicherheit Programme um die H\u00e4ufigkeit und Schwere von Arbeitsunf\u00e4llen, die Fehlzeiten wegen Krankheit und Unf\u00e4lle zu Verbessern.<\/p>\n<div class=\"content-page\"><\/div><\/div>\n<\/div><!-- .row (end) -->","protected":false},"excerpt":{"rendered":"","protected":false},"author":100053844005,"featured_media":0,"parent":0,"menu_order":0,"comment_status":"closed","ping_status":"closed","template":"page-fullwidth.php","meta":{"footnotes":""},"class_list":["post-3428","page","type-page","status-publish","hentry"],"_links":{"self":[{"href":"https:\/\/www.fapricela.pt\/de\/wp-json\/wp\/v2\/pages\/3428","targetHints":{"allow":["GET"]}}],"collection":[{"href":"https:\/\/www.fapricela.pt\/de\/wp-json\/wp\/v2\/pages"}],"about":[{"href":"https:\/\/www.fapricela.pt\/de\/wp-json\/wp\/v2\/types\/page"}],"author":[{"embeddable":true,"href":"https:\/\/www.fapricela.pt\/de\/wp-json\/wp\/v2\/users\/100053844005"}],"replies":[{"embeddable":true,"href":"https:\/\/www.fapricela.pt\/de\/wp-json\/wp\/v2\/comments?post=3428"}],"version-history":[{"count":22,"href":"https:\/\/www.fapricela.pt\/de\/wp-json\/wp\/v2\/pages\/3428\/revisions"}],"predecessor-version":[{"id":26850,"href":"https:\/\/www.fapricela.pt\/de\/wp-json\/wp\/v2\/pages\/3428\/revisions\/26850"}],"wp:attachment":[{"href":"https:\/\/www.fapricela.pt\/de\/wp-json\/wp\/v2\/media?parent=3428"}],"curies":[{"name":"wp","href":"https:\/\/api.w.org\/{rel}","templated":true}]}}