{"id":2016,"date":"2015-08-12T11:42:06","date_gmt":"2015-08-12T11:42:06","guid":{"rendered":"http:\/\/www.fapricela.pt\/?page_id=2016"},"modified":"2019-10-02T12:54:05","modified_gmt":"2019-10-02T11:54:05","slug":"grupo-fapricela-industria","status":"publish","type":"page","link":"https:\/\/www.fapricela.pt\/de\/empresa\/grupo-fapricela-industria\/","title":{"rendered":"Fapricela Industrie Gruppe"},"content":{"rendered":"<div class=\"row \">\n<div class=\"span12 \"><img decoding=\"async\" src=\"http:\/\/www.fapricela.pt\/wp-content\/uploads\/2015\/08\/Fapricela_Industria1.png\" alt=\"Fapricela_Industria\" height=\"183\" class=\"alignleft size-full wp-image-2024\"style=\"width: 300px; border-radius: 15px 15px 15px 15px; box-shadow: 0px 1px 20px 2px black; -webkit-box-shadow: 0px 1px 20px 2px black; -moz-box-shadow: 0px 1px 20px 2px black;\" srcset=\"https:\/\/www.fapricela.pt\/wp-content\/uploads\/2015\/08\/Fapricela_Industria1.png 383w, https:\/\/www.fapricela.pt\/wp-content\/uploads\/2015\/08\/Fapricela_Industria1-300x143.png 300w\" sizes=\"(max-width: 383px) 100vw, 383px\" \/><\/p>\n<p style=\"text-align: justify;\">Das Familienunternehmen <strong>Fapricela - Ind\u00fastria de Trefilaria, S.A.<\/strong> gegr\u00fcndet in 1977, wurde in 1977gegr\u00fcndet. Im Laufe der Jahre wuchs das Unternehmen und nach und nach wurden neue Produkte ins Portfolio aufgenommen aufgrund der sich \u00e4ndernden Marktanforderungen: Drahtzaun; Draht; Betonstahlmatten; Spannstahldraht und Spannstahllitze f\u00fcr Vor- und Nachspannung und Federdraht.\n<\/p>\n<p style=\"text-align: justify;\">Im Laufe seiner Geschichte hat sich das Unternehmen stets der Qualit\u00e4t verpflichtet. Mittels kontinuierlicher Investitionen, Fokussierung und der Kombination von Innovation und hoher Technologie (Anlagenautomatisierung) und in Zusammenarbeit mit systematischer Qualit\u00e4tskontrolle, ist Fapricela heutzutage eine der gr\u00f6\u00dften Drahtziehereien in Europa. Die Produktion ist sowohl an den Binnen als auch an den Auslandsmarkt gerichtet und der Umsatz betr\u00e4gt derzeit 125.000.000\u20ac im Vergleich zu 1977 wo er 93980\u20ac betrug.\n<\/p>\n<p style=\"text-align: justify;\">Die Einrichtungen von Fapricela umfassen derzeit eine \u00fcberdachte Fl\u00e4che von 90.000m<sup>2<\/sup> umgeben von 200.000m<sup>2<\/sup> offenem Grundst\u00fcck. Das Unternehmen besch\u00e4ftigt derzeit 320 Mitarbeiter was es zu einem der wichtigsten Arbeitgeber der Region Zentrum macht. Mit der gemeinsamen Anstrengung der kontrollierten Finanzverwaltung n\u00e4hert sich Fapricela \u2013 Ind\u00fastria de Trefilaria, S.A, seinem Ideal, Qualit\u00e4tsanfertigung um die gew\u00fcnschten Anforderungen zu erf\u00fcllen.\n<\/p>\n<h5>IBERMETAIS DRAHTZIEHEREI INDUSTRIE<\/h5>\n<p><img decoding=\"async\" src=\"http:\/\/www.fapricela.pt\/wp-content\/uploads\/2015\/08\/entrada-ibermetais.png\" alt=\"entrada-ibermetais\" height=\"247\" class=\"alignright size-full wp-image-2030\" srcset=\"https:\/\/www.fapricela.pt\/wp-content\/uploads\/2015\/08\/entrada-ibermetais.png 370w, https:\/\/www.fapricela.pt\/wp-content\/uploads\/2015\/08\/entrada-ibermetais-300x200.png 300w\" sizes=\"(max-width: 370px) 100vw, 370px\" \/><\/p>\n<p style=\"text-align: justify;\">Im Juni 2007 erwarb die Fapricela Industrie das Unternehmen Ibermetais Ind\u00fastria de Trefilagem, S.A., gegr\u00fcndet in 1971 und mit Sitz in Freamunde \u2013 Pa\u00e7os de Ferreira, eine Drahtzieherei f\u00fcr die Herstellung von Weichdraht, (nicht legiertem Stahl), mit niedrigem Kohlenstoffgehalt (Blankstahl, schwarz gegl\u00fchter Draht und Stahldrahtfasern).<\/p>\n<p style=\"text-align: justify;\">\nIbermetais ist eines der \u00e4ltesten Unternehmen in der Region und besch\u00e4ftigt derzeit 93 Mitarbeiter.\n<\/p>\n<p style=\"text-align: justify;\">Es hat einer \u00fcberdachten Fl\u00e4che von 20.000m<sup>2<\/sup> und 50.000m<sup>2<\/sup> offenem Grundst\u00fcck. Ibermetais hatte im Jahr 2015 einem Umsatz von 15.000.000\u20ac, 60% der Produktion ist f\u00fcr den Export bestimmt.\n<\/p><\/div>\n<\/div><!-- .row (end) -->\n<div class=\"content-page\"><\/div>","protected":false},"excerpt":{"rendered":"","protected":false},"author":100053844005,"featured_media":0,"parent":1997,"menu_order":0,"comment_status":"closed","ping_status":"closed","template":"page-fullwidth.php","meta":{"footnotes":""},"class_list":["post-2016","page","type-page","status-publish","hentry"],"_links":{"self":[{"href":"https:\/\/www.fapricela.pt\/de\/wp-json\/wp\/v2\/pages\/2016","targetHints":{"allow":["GET"]}}],"collection":[{"href":"https:\/\/www.fapricela.pt\/de\/wp-json\/wp\/v2\/pages"}],"about":[{"href":"https:\/\/www.fapricela.pt\/de\/wp-json\/wp\/v2\/types\/page"}],"author":[{"embeddable":true,"href":"https:\/\/www.fapricela.pt\/de\/wp-json\/wp\/v2\/users\/100053844005"}],"replies":[{"embeddable":true,"href":"https:\/\/www.fapricela.pt\/de\/wp-json\/wp\/v2\/comments?post=2016"}],"version-history":[{"count":48,"href":"https:\/\/www.fapricela.pt\/de\/wp-json\/wp\/v2\/pages\/2016\/revisions"}],"predecessor-version":[{"id":26858,"href":"https:\/\/www.fapricela.pt\/de\/wp-json\/wp\/v2\/pages\/2016\/revisions\/26858"}],"up":[{"embeddable":true,"href":"https:\/\/www.fapricela.pt\/de\/wp-json\/wp\/v2\/pages\/1997"}],"wp:attachment":[{"href":"https:\/\/www.fapricela.pt\/de\/wp-json\/wp\/v2\/media?parent=2016"}],"curies":[{"name":"wp","href":"https:\/\/api.w.org\/{rel}","templated":true}]}}