{"id":2012,"date":"2015-08-12T11:39:34","date_gmt":"2015-08-12T11:39:34","guid":{"rendered":"http:\/\/www.fapricela.pt\/?page_id=2012"},"modified":"2019-10-02T12:19:10","modified_gmt":"2019-10-02T11:19:10","slug":"missao-e-valores","status":"publish","type":"page","link":"https:\/\/www.fapricela.pt\/de\/empresa\/missao-e-valores\/","title":{"rendered":"Mission und Werte"},"content":{"rendered":"<div class=\"row \">\n<div class=\"span12 \"><p style=\"text-align: justify;\">FAPRICELA - Ind\u00fastria de Trefilaria, S.A., begann ihre Aktivit\u00e4t in 1977, und fing ausschlie\u03b2lich mit der Produktion von N\u00e4geln an. Jedoch, im Laufe der Jahre, und mit ihrer Aufwertung, wurden neue Produkte in ihrer Produktion integriert, so wie:<\/p>\n<ul>\n<li style=\"text-align: justify;\">Weicherstahldraht (Roh, verzinkt, Schwarz Getempert, mit PVC \u00fcberzogen und Stacheldraht);<\/li>\n<li style=\"text-align: justify;\">Listenmatten (verzinkt, plastifiziert, und Maschennetze f\u00fcr Tierzucht );<\/li>\n<li style=\"text-align: justify;\">Betonstahlmatten.<\/li>\n<\/ul>\n<p><\/p>\n<p style=\"text-align: justify;\">Ein Unternehmen mit industrielle Tradition, eine Wachstums und Modernisierung Philosophie mit klaren Zielen, wobei die st\u00e4ndigen technischen und kommerziellen Innovationen entscheidend f\u00fcr ihre Entwicklung sind. Hatte seine gr\u00f6\u00dfter und wichtigster Schub, wenn im Jahr 1995 aus einem Programm entstehen Investition von rund 125 Millionen \u20ac, begann die firma mit der Herstellung von hochfeste Dr\u00e4hte, und zwar:<\/p>\n<ul>\n<li style=\"text-align: justify;\">Spannstahl mit niedrige Relaxation;<\/li>\n<li style=\"text-align: justify;\">Spannstahllitzen mit niedrige Relaxation f\u00fcr Vor und Nachspannung.<\/li>\n<\/ul>\n<p><\/p>\n<p style=\"text-align: justify;\">FAPRICELA, S.A. produziert eine ungew\u00f6hnlich gro\u00dfe Reihe von Produkten, wir sind stolz darauf dass erste Unternehmen in Portugal zu sein, dass mit der Spannstahllitzen mit niedrige Relaxation herzustellen anfing.<\/p><\/div>\n<\/div><!-- .row (end) -->\n<div class=\"content-page\"><\/div>","protected":false},"excerpt":{"rendered":"","protected":false},"author":100053844005,"featured_media":0,"parent":1997,"menu_order":0,"comment_status":"closed","ping_status":"closed","template":"page-fullwidth.php","meta":{"footnotes":""},"class_list":["post-2012","page","type-page","status-publish","hentry"],"_links":{"self":[{"href":"https:\/\/www.fapricela.pt\/de\/wp-json\/wp\/v2\/pages\/2012","targetHints":{"allow":["GET"]}}],"collection":[{"href":"https:\/\/www.fapricela.pt\/de\/wp-json\/wp\/v2\/pages"}],"about":[{"href":"https:\/\/www.fapricela.pt\/de\/wp-json\/wp\/v2\/types\/page"}],"author":[{"embeddable":true,"href":"https:\/\/www.fapricela.pt\/de\/wp-json\/wp\/v2\/users\/100053844005"}],"replies":[{"embeddable":true,"href":"https:\/\/www.fapricela.pt\/de\/wp-json\/wp\/v2\/comments?post=2012"}],"version-history":[{"count":19,"href":"https:\/\/www.fapricela.pt\/de\/wp-json\/wp\/v2\/pages\/2012\/revisions"}],"predecessor-version":[{"id":26854,"href":"https:\/\/www.fapricela.pt\/de\/wp-json\/wp\/v2\/pages\/2012\/revisions\/26854"}],"up":[{"embeddable":true,"href":"https:\/\/www.fapricela.pt\/de\/wp-json\/wp\/v2\/pages\/1997"}],"wp:attachment":[{"href":"https:\/\/www.fapricela.pt\/de\/wp-json\/wp\/v2\/media?parent=2012"}],"curies":[{"name":"wp","href":"https:\/\/api.w.org\/{rel}","templated":true}]}}