{"id":1997,"date":"2015-08-12T11:05:57","date_gmt":"2015-08-12T11:05:57","guid":{"rendered":"http:\/\/www.fapricela.pt\/?page_id=1997"},"modified":"2019-10-02T12:44:04","modified_gmt":"2019-10-02T11:44:04","slug":"empresa","status":"publish","type":"page","link":"https:\/\/www.fapricela.pt\/de\/empresa\/","title":{"rendered":"Unternehmen"},"content":{"rendered":"<div class=\"row \">\n<div class=\"span12 \"><img decoding=\"async\" src=\"http:\/\/www.fapricela.pt\/wp-content\/uploads\/2015\/08\/fachada-fapricela.png\" alt=\"fachada-fapricela\" height=\"213\" class=\"alignright size-full wp-image-2007\" \/><\/p>\n<p style=\"text-align: justify;\">Das Familienunternehmen <strong>FAPRICELA - Ind\u00fastria de Trefilaria, S.A.<\/strong> gegr\u00fcndet in 1977, begann ihre Aktivit\u00e4t fast ausschliesslich mit der Produktion von N\u00e4geln. Im laufe der Jahre und mit ihrer Aufwertung wurden neue Produkte in ihrer Produktion integriert wie Netze, Dr\u00e4hte, geschweisster Maschendraht, Spannstahldraht, Spannstahllitzen mit niedrigen Relaxation f\u00fcr Vor und Nachspannung, und Federdraht als Ergebniss der Ver\u00e4nderung der Marktanforderungen.<\/p>\n<p style=\"text-align: justify;\">Die Qualit\u00e4t der Produkte, die kontinuierte Investionmassnahmen mit der Konjugation von Inovation und hochvertige Techonogie (Automatisierung der Produktionsanlagen) und auch die systematische Kontrolle der Qualit\u00e4t waren die Leitlienien w\u00e4hrend Ihres Evolutionsverlauf und ergaben dass Fapricela heute eine der gr\u00f6\u00dften Europ\u00e4ischen Firmen in der Stahldrahtindustrie ist, dessen Produktion sich dem Innen- und Aussenhandel wendet mit einem steigenden Umsatz, der seit 1977 von 9.980\u20ac auf 125.000.000\u20ac gewachsen ist.<\/p>\n<p style=\"text-align: justify;\">Die Betriebseinheit besteht heute aus einer bedeckten Grundfl\u00e4che von 90.000m\u00b2 mit umgehenden Grundst\u00fccke von ca. 200.000m\u00b2 und z\u00e4hlt mit 320 Mitarbeiter. Ist somit einer der gr\u00f6\u00dften Arbeitsgeber in der Region. Ein gemeinsames Vorgehen alliert mit einer gut orientierte finanzielle Betriebsf\u00fchrung n\u00e4hrt sich Fapricela, S.A. ihrem Ideal: mit Qualit\u00e4t produzieren und Nachfragen zu erf\u00fcllen.<\/p>\n<p style=\"text-align: justify;\">In Juni 2007 hat das Konzern Fapricela Industrie das Unternehmen Ibermetais, S.A. mit Sitz in Freamunde \u2013 Pa\u00e7os de Ferreira, Portugal erworben mit dem Ziel die Produktplatte des Konzern zu erweitern mit der Einf\u00fchrung von der Produktion von Stahldr\u00e4hten.<\/p>\n<p style=\"text-align: justify;\">Fapricela, ind\u00fastria de Trefilaria S.A. hat die Steuernummer - 500 643 130 registriert beim Unternehmensregister von Cantanhede bei der nummer 221.<\/p><\/div>\n<\/div><!-- .row (end) -->\n<div class=\"content-page\"><\/div>","protected":false},"excerpt":{"rendered":"","protected":false},"author":100053844005,"featured_media":0,"parent":0,"menu_order":0,"comment_status":"closed","ping_status":"closed","template":"page-fullwidth.php","meta":{"footnotes":""},"class_list":["post-1997","page","type-page","status-publish","hentry"],"_links":{"self":[{"href":"https:\/\/www.fapricela.pt\/de\/wp-json\/wp\/v2\/pages\/1997","targetHints":{"allow":["GET"]}}],"collection":[{"href":"https:\/\/www.fapricela.pt\/de\/wp-json\/wp\/v2\/pages"}],"about":[{"href":"https:\/\/www.fapricela.pt\/de\/wp-json\/wp\/v2\/types\/page"}],"author":[{"embeddable":true,"href":"https:\/\/www.fapricela.pt\/de\/wp-json\/wp\/v2\/users\/100053844005"}],"replies":[{"embeddable":true,"href":"https:\/\/www.fapricela.pt\/de\/wp-json\/wp\/v2\/comments?post=1997"}],"version-history":[{"count":42,"href":"https:\/\/www.fapricela.pt\/de\/wp-json\/wp\/v2\/pages\/1997\/revisions"}],"predecessor-version":[{"id":26856,"href":"https:\/\/www.fapricela.pt\/de\/wp-json\/wp\/v2\/pages\/1997\/revisions\/26856"}],"wp:attachment":[{"href":"https:\/\/www.fapricela.pt\/de\/wp-json\/wp\/v2\/media?parent=1997"}],"curies":[{"name":"wp","href":"https:\/\/api.w.org\/{rel}","templated":true}]}}